{"id":1178,"date":"2024-09-03T11:23:32","date_gmt":"2024-09-03T14:23:32","guid":{"rendered":"https:\/\/tecnologia.ufpr.br\/gvibs\/?page_id=1178"},"modified":"2025-10-21T16:18:14","modified_gmt":"2025-10-21T19:18:14","slug":"neutralizadores-dinamicos-viscoelasticos","status":"publish","type":"page","link":"https:\/\/tecnologia.ufpr.br\/gvibs\/projetos\/neutralizadores-dinamicos-viscoelasticos\/","title":{"rendered":"Neutralizadores de Vibra\u00e7\u00f5es Viscoel\u00e1sticos"},"content":{"rendered":"\n<p>Neste projeto o objetivo \u00e9 desenvolver um software em plataforma open source para projeto de dispositivos viscoel\u00e1sticos utilizados em controle passivo de vibra\u00e7\u00f5es em tubula\u00e7\u00f5es de transporte de petr\u00f3leo e g\u00e1s. Nesta linha, ser\u00e3o implementados dois tipos de dispositivos, a saber, neutralizadores din\u00e2micos viscoel\u00e1sticos e elos viscoel\u00e1sticos. Paralelamente, um estudo espec\u00edfico de identifica\u00e7\u00e3o e controle de vibra\u00e7\u00f5es tipo casca em tubula\u00e7\u00f5es ser\u00e1 abordado. No tocante ao software, ser\u00e3o desenvolvidos um conjunto de c\u00f3digos num\u00e9ricos em ambiente &#8220;open source&#8221; e uma interface contendo tr\u00eas ambientes. Valor total do projeto R$ 4.120.195,36.<\/p>\n\n\n\n<p>Financiador(es): Centro de Pesquisa e Desenvolvimento Leopoldo Am\u00e9rico Migu\u00eaz de Mello &#8211; PETROBRAS<\/p>\n\n\n\n<p>Per\u00edodo: 2024 &#8211; 2027 (andamento)<\/p>\n\n\n\n<figure class=\"wp-block-table\"><table><tbody><tr><td class=\"has-text-align-center\" data-align=\"center\"><img decoding=\"async\" src=\"https:\/\/tecnologia.ufpr.br\/gvibs\/wp-content\/uploads\/sites\/63\/2025\/10\/tubo-laboratorio-1.jpg\" alt=\"\"><\/td><td class=\"has-text-align-center\" data-align=\"center\"><img decoding=\"async\" src=\"https:\/\/tecnologia.ufpr.br\/gvibs\/wp-content\/uploads\/sites\/63\/2025\/10\/software.jpg\" alt=\"\"><\/td><\/tr><tr><td class=\"has-text-align-center\" data-align=\"center\"><img decoding=\"async\" src=\"https:\/\/tecnologia.ufpr.br\/gvibs\/wp-content\/uploads\/sites\/63\/2025\/10\/vibracao-tipo-casca-1.jpg\" alt=\"\"><\/td><td class=\"has-text-align-center\" data-align=\"center\"><img decoding=\"async\" src=\"https:\/\/tecnologia.ufpr.br\/gvibs\/wp-content\/uploads\/sites\/63\/2025\/10\/ods-tubulacao-1.jpeg\" alt=\"\"><\/td><\/tr><\/tbody><\/table><\/figure>\n\n\n\n<figure class=\"wp-block-image size-large\"><img loading=\"lazy\" decoding=\"async\" width=\"1024\" height=\"574\" src=\"https:\/\/tecnologia.ufpr.br\/gvibs\/wp-content\/uploads\/sites\/63\/2025\/10\/material-viscoelastico-e-camada-restritora-1024x574.jpeg\" alt=\"\" class=\"wp-image-1509\" srcset=\"https:\/\/tecnologia.ufpr.br\/gvibs\/wp-content\/uploads\/sites\/63\/2025\/10\/material-viscoelastico-e-camada-restritora-1024x574.jpeg 1024w, https:\/\/tecnologia.ufpr.br\/gvibs\/wp-content\/uploads\/sites\/63\/2025\/10\/material-viscoelastico-e-camada-restritora-300x168.jpeg 300w, https:\/\/tecnologia.ufpr.br\/gvibs\/wp-content\/uploads\/sites\/63\/2025\/10\/material-viscoelastico-e-camada-restritora-768x431.jpeg 768w, https:\/\/tecnologia.ufpr.br\/gvibs\/wp-content\/uploads\/sites\/63\/2025\/10\/material-viscoelastico-e-camada-restritora-18x10.jpeg 18w, https:\/\/tecnologia.ufpr.br\/gvibs\/wp-content\/uploads\/sites\/63\/2025\/10\/material-viscoelastico-e-camada-restritora-175x98.jpeg 175w, https:\/\/tecnologia.ufpr.br\/gvibs\/wp-content\/uploads\/sites\/63\/2025\/10\/material-viscoelastico-e-camada-restritora-75x42.jpeg 75w, https:\/\/tecnologia.ufpr.br\/gvibs\/wp-content\/uploads\/sites\/63\/2025\/10\/material-viscoelastico-e-camada-restritora.jpeg 1156w\" sizes=\"(max-width: 1024px) 100vw, 1024px\" \/><\/figure>\n","protected":false},"excerpt":{"rendered":"<p>Neste projeto o objetivo \u00e9 desenvolver um software em plataforma open source para projeto de dispositivos viscoel\u00e1sticos utilizados em controle passivo de vibra\u00e7\u00f5es em tubula\u00e7\u00f5es [&hellip;]<\/p>\n","protected":false},"author":1113,"featured_media":0,"parent":28,"menu_order":0,"comment_status":"closed","ping_status":"closed","template":"","meta":{"footnotes":""},"_links":{"self":[{"href":"https:\/\/tecnologia.ufpr.br\/gvibs\/wp-json\/wp\/v2\/pages\/1178"}],"collection":[{"href":"https:\/\/tecnologia.ufpr.br\/gvibs\/wp-json\/wp\/v2\/pages"}],"about":[{"href":"https:\/\/tecnologia.ufpr.br\/gvibs\/wp-json\/wp\/v2\/types\/page"}],"author":[{"embeddable":true,"href":"https:\/\/tecnologia.ufpr.br\/gvibs\/wp-json\/wp\/v2\/users\/1113"}],"replies":[{"embeddable":true,"href":"https:\/\/tecnologia.ufpr.br\/gvibs\/wp-json\/wp\/v2\/comments?post=1178"}],"version-history":[{"count":12,"href":"https:\/\/tecnologia.ufpr.br\/gvibs\/wp-json\/wp\/v2\/pages\/1178\/revisions"}],"predecessor-version":[{"id":1510,"href":"https:\/\/tecnologia.ufpr.br\/gvibs\/wp-json\/wp\/v2\/pages\/1178\/revisions\/1510"}],"up":[{"embeddable":true,"href":"https:\/\/tecnologia.ufpr.br\/gvibs\/wp-json\/wp\/v2\/pages\/28"}],"wp:attachment":[{"href":"https:\/\/tecnologia.ufpr.br\/gvibs\/wp-json\/wp\/v2\/media?parent=1178"}],"curies":[{"name":"wp","href":"https:\/\/api.w.org\/{rel}","templated":true}]}}