{"id":1020,"date":"2013-07-18T17:29:21","date_gmt":"2013-07-18T17:29:21","guid":{"rendered":"https:\/\/demec.ufpr.br\/gvibs\/?page_id=2"},"modified":"2026-02-20T17:01:58","modified_gmt":"2026-02-20T20:01:58","slug":"pagina-exemplo-2","status":"publish","type":"page","link":"https:\/\/tecnologia.ufpr.br\/gvibs\/pagina-exemplo-2\/","title":{"rendered":"GVIBS"},"content":{"rendered":"<p><span style=\"font-family: Verdana,Arial,Helvetica,sans-serif;font-size: small\">A aplica\u00e7\u00e3o de conhecimentos cient\u00edficos relativos a fen\u00f4menos vibrat\u00f3rios e sonoros \u00e9 de crucial import\u00e2ncia no projeto e na an\u00e1lise do comportamen<\/span><span style=\"font-family: Verdana,Arial,Helvetica,sans-serif;font-size: small\">to din\u00e2mico de estruturas, m\u00e1quinas e cavidades ac\u00fasticas, visando melhorar as condi\u00e7\u00f5es de conforto e seguran\u00e7a, bem como aumentar a vida \u00fatil de componentes e sistemas mec\u00e2nicos. Produtos com n\u00edveis reduzidos de vibra\u00e7\u00e3o e ru\u00eddo irradiado t\u00eam sido cada vez mais demandados <\/span><span style=\"font-family: Verdana,Arial,Helvetica,sans-serif;font-size: small\"><img loading=\"lazy\" decoding=\"async\" class=\"wp-image-455 alignleft\" src=\"https:\/\/tecnologia.ufpr.br\/gvibs\/wp-content\/uploads\/sites\/63\/2015\/09\/foto-no-linear_3.jpg\" alt=\"foto-no linear_3\" width=\"203\" height=\"152\" srcset=\"https:\/\/tecnologia.ufpr.br\/gvibs\/wp-content\/uploads\/sites\/63\/2015\/09\/foto-no-linear_3.jpg 346w, https:\/\/tecnologia.ufpr.br\/gvibs\/wp-content\/uploads\/sites\/63\/2015\/09\/foto-no-linear_3-300x225.jpg 300w\" sizes=\"(max-width: 203px) 100vw, 203px\" \/><\/span><span style=\"font-family: Verdana,Arial,Helvetica,sans-serif;font-size: small\">tanto no plano nacional quanto, <\/span><span style=\"font-family: Verdana,Arial,Helvetica,sans-serif;font-size: small\">principalmente, no internacional, implicando, n\u00e3o raramente, na conquista ou perda de mercados. O Grup<\/span><span style=\"font-family: Verdana,Arial,Helvetica,sans-serif;font-size: small\">o<\/span><span style=\"font-family: Verdana,Arial,Helvetica,sans-serif;font-size: small\"> de Pesquisa de Vibra\u00e7\u00f5es e Som em Sistemas Mec\u00e2nicos (<a href=\"http:\/\/dgp.cnpq.br\/dgp\/espelhogrupo\/8005430326160316\" target=\"_blank\" rel=\"noopener\">GVIBS<\/a>) vem, em prof\u00edcua parceria com o in<\/span><span style=\"font-family: Verdana,Arial,Helvetica,sans-serif;font-size: small\">signe Prof. <a title=\"Curriuculum Lattes\" href=\"http:\/\/buscatextual.cnpq.br\/buscatextual\/visualizacv.do?id=K4780706A0\" target=\"_blank\" rel=\"noopener\">Jos\u00e9 Jo\u00e3o de Esp\u00edndola,<\/a> dese<\/span><span style=\"font-family: Verdana,Arial,Helvetica,sans-serif;font-size: small\">nvolvendo metodologias pr\u00f3prias para o controle de vibra\u00e7\u00f5es e ru<\/span><span style=\"font-family: Verdana,Arial,Helvetica,sans-serif;font-size: small\">\u00eddo<\/span><span style=\"font-family: Verdana,Arial,Helvetica,sans-serif;font-size: small\">s irradia<\/span><span style=\"font-family: Verdana,Arial,Helvetica,sans-serif;font-size: small\">dos, atrav\u00e9s do uso de materiais e dispositivos viscoel\u00e1sticos, tanto em sistemas mec\u00e2nicos <\/span><span style=\"font-family: Verdana,Arial,Helvetica,sans-serif;font-size: small\">n\u00e3o girantes q<\/span><span style=\"font-family: Verdana,Arial,Helvetica,sans-serif;font-size: small\">uanto rotativos. Os desenvolvimentos realizados pelo grupo encontram-se em diversos trabalhos cient\u00edfi<\/span><span style=\"font-family: Verdana,Arial,Helvetica,sans-serif;font-size: small\">cos a<\/span><span style=\"font-family: Verdana,Arial,Helvetica,sans-serif;font-size: small\">pre<\/span><span style=\"font-family: Verdana,Arial,Helvetica,sans-serif;font-size: small\">sentados em congressos e publicados em revistas indexadas nacionais e internaci<\/span><span style=\"font-family: Verdana,Arial,Helvetica,sans-serif;font-size: small\">onais. Em decorr\u00eancia desses trabalhos<\/span><span style=\"font-family: Verdana,Arial,Helvetica,sans-serif;font-size: small\">, tamb\u00e9m t\u00eam sido geradas v\u00e1rias patentes nacionais e internacionais<\/span><span style=\"font-family: Verdana,Arial,Helvetica,sans-serif;font-size: small\">.<\/span><\/p>\n<p style=\"text-align: justify\">\n","protected":false},"excerpt":{"rendered":"<p>A aplica\u00e7\u00e3o de conhecimentos cient\u00edficos relativos a fen\u00f4menos vibrat\u00f3rios e sonoros \u00e9 de crucial import\u00e2ncia no projeto e na an\u00e1lise do comportamento din\u00e2mico de estruturas, [&hellip;]<\/p>\n","protected":false},"author":1113,"featured_media":0,"parent":0,"menu_order":0,"comment_status":"open","ping_status":"open","template":"","meta":{"footnotes":""},"_links":{"self":[{"href":"https:\/\/tecnologia.ufpr.br\/gvibs\/wp-json\/wp\/v2\/pages\/1020"}],"collection":[{"href":"https:\/\/tecnologia.ufpr.br\/gvibs\/wp-json\/wp\/v2\/pages"}],"about":[{"href":"https:\/\/tecnologia.ufpr.br\/gvibs\/wp-json\/wp\/v2\/types\/page"}],"author":[{"embeddable":true,"href":"https:\/\/tecnologia.ufpr.br\/gvibs\/wp-json\/wp\/v2\/users\/1113"}],"replies":[{"embeddable":true,"href":"https:\/\/tecnologia.ufpr.br\/gvibs\/wp-json\/wp\/v2\/comments?post=1020"}],"version-history":[{"count":2,"href":"https:\/\/tecnologia.ufpr.br\/gvibs\/wp-json\/wp\/v2\/pages\/1020\/revisions"}],"predecessor-version":[{"id":1571,"href":"https:\/\/tecnologia.ufpr.br\/gvibs\/wp-json\/wp\/v2\/pages\/1020\/revisions\/1571"}],"wp:attachment":[{"href":"https:\/\/tecnologia.ufpr.br\/gvibs\/wp-json\/wp\/v2\/media?parent=1020"}],"curies":[{"name":"wp","href":"https:\/\/api.w.org\/{rel}","templated":true}]}}