{"id":855,"date":"2021-03-15T12:08:22","date_gmt":"2021-03-15T15:08:22","guid":{"rendered":"https:\/\/demec.ufpr.br\/gvibs\/?page_id=855"},"modified":"2025-10-21T16:44:36","modified_gmt":"2025-10-21T19:44:36","slug":"projeto-de-um-neutralizadores-de-vibracao-viscoelasticos","status":"publish","type":"page","link":"https:\/\/tecnologia.ufpr.br\/gvibs\/en\/projetos\/projeto-de-um-neutralizadores-de-vibracao-viscoelasticos\/","title":{"rendered":"Design of Viscoelastic Vibration Neutralizers for Hydroelectric Generating Units"},"content":{"rendered":"<p>The project in question aims to design a set of viscoelastic neutralizers to reduce the overall level of axial vibration in a hydroelectric generator set.<\/p>\n<p>Project funded by TRACTEBEL (Tractebel\/UFSC), now ENGIE BRASIL<\/p>\n<p>Period: 2004\u20132006 (completed)<\/p>\n\n\n<figure class=\"wp-block-image size-large\"><img loading=\"lazy\" decoding=\"async\" width=\"1024\" height=\"576\" src=\"https:\/\/tecnologia.ufpr.br\/gvibs\/wp-content\/uploads\/sites\/63\/2025\/10\/neutra-turbina-1024x576.jpeg\" alt=\"\" class=\"wp-image-1513\" srcset=\"https:\/\/tecnologia.ufpr.br\/gvibs\/wp-content\/uploads\/sites\/63\/2025\/10\/neutra-turbina-1024x576.jpeg 1024w, https:\/\/tecnologia.ufpr.br\/gvibs\/wp-content\/uploads\/sites\/63\/2025\/10\/neutra-turbina-300x169.jpeg 300w, https:\/\/tecnologia.ufpr.br\/gvibs\/wp-content\/uploads\/sites\/63\/2025\/10\/neutra-turbina-768x432.jpeg 768w, https:\/\/tecnologia.ufpr.br\/gvibs\/wp-content\/uploads\/sites\/63\/2025\/10\/neutra-turbina-18x10.jpeg 18w, https:\/\/tecnologia.ufpr.br\/gvibs\/wp-content\/uploads\/sites\/63\/2025\/10\/neutra-turbina-175x98.jpeg 175w, https:\/\/tecnologia.ufpr.br\/gvibs\/wp-content\/uploads\/sites\/63\/2025\/10\/neutra-turbina-75x42.jpeg 75w, https:\/\/tecnologia.ufpr.br\/gvibs\/wp-content\/uploads\/sites\/63\/2025\/10\/neutra-turbina.jpeg 1152w\" sizes=\"(max-width: 1024px) 100vw, 1024px\" \/><\/figure>","protected":false},"excerpt":{"rendered":"<p>O projeto em tela visa a concep\u00e7\u00e3o de um conjunto de neutralizadores viscoel\u00e1sticos para a redu\u00e7\u00e3o do n\u00edvel global de vibra\u00e7\u00e3o axial de um grupo [&hellip;]<\/p>","protected":false},"author":1113,"featured_media":0,"parent":28,"menu_order":0,"comment_status":"closed","ping_status":"closed","template":"","meta":{"footnotes":""},"_links":{"self":[{"href":"https:\/\/tecnologia.ufpr.br\/gvibs\/en\/wp-json\/wp\/v2\/pages\/855"}],"collection":[{"href":"https:\/\/tecnologia.ufpr.br\/gvibs\/en\/wp-json\/wp\/v2\/pages"}],"about":[{"href":"https:\/\/tecnologia.ufpr.br\/gvibs\/en\/wp-json\/wp\/v2\/types\/page"}],"author":[{"embeddable":true,"href":"https:\/\/tecnologia.ufpr.br\/gvibs\/en\/wp-json\/wp\/v2\/users\/1113"}],"replies":[{"embeddable":true,"href":"https:\/\/tecnologia.ufpr.br\/gvibs\/en\/wp-json\/wp\/v2\/comments?post=855"}],"version-history":[{"count":3,"href":"https:\/\/tecnologia.ufpr.br\/gvibs\/en\/wp-json\/wp\/v2\/pages\/855\/revisions"}],"predecessor-version":[{"id":1514,"href":"https:\/\/tecnologia.ufpr.br\/gvibs\/en\/wp-json\/wp\/v2\/pages\/855\/revisions\/1514"}],"up":[{"embeddable":true,"href":"https:\/\/tecnologia.ufpr.br\/gvibs\/en\/wp-json\/wp\/v2\/pages\/28"}],"wp:attachment":[{"href":"https:\/\/tecnologia.ufpr.br\/gvibs\/en\/wp-json\/wp\/v2\/media?parent=855"}],"curies":[{"name":"wp","href":"https:\/\/api.w.org\/{rel}","templated":true}]}}