{"id":54,"date":"2013-07-30T14:33:09","date_gmt":"2013-07-30T17:33:09","guid":{"rendered":"https:\/\/demec.ufpr.br\/gvibs\/?page_id=54"},"modified":"2026-02-24T10:36:38","modified_gmt":"2026-02-24T13:36:38","slug":"lavibs","status":"publish","type":"page","link":"https:\/\/tecnologia.ufpr.br\/gvibs\/en\/pagina-exemplo-2\/laboratorios\/lavibs\/","title":{"rendered":"LAVIBS"},"content":{"rendered":"<figure class=\"wp-block-gallery has-nested-images columns-default is-cropped wp-block-gallery-1 is-layout-flex wp-block-gallery-is-layout-flex\">\n<figure class=\"wp-block-image size-large\"><a href=\"https:\/\/tecnologia.ufpr.br\/gvibs\/en\/pagina-exemplo-2\/laboratorios\/lavibs\/lavibs_horizontal-2\/\"><img loading=\"lazy\" decoding=\"async\" width=\"1024\" height=\"326\" data-id=\"1378\" src=\"https:\/\/tecnologia.ufpr.br\/gvibs\/wp-content\/uploads\/sites\/63\/2025\/05\/lavibs_horizontal-1-1024x326.png\" alt=\"\" class=\"wp-image-1378\" srcset=\"https:\/\/tecnologia.ufpr.br\/gvibs\/wp-content\/uploads\/sites\/63\/2025\/05\/lavibs_horizontal-1-1024x326.png 1024w, https:\/\/tecnologia.ufpr.br\/gvibs\/wp-content\/uploads\/sites\/63\/2025\/05\/lavibs_horizontal-1-300x95.png 300w, https:\/\/tecnologia.ufpr.br\/gvibs\/wp-content\/uploads\/sites\/63\/2025\/05\/lavibs_horizontal-1-768x244.png 768w, https:\/\/tecnologia.ufpr.br\/gvibs\/wp-content\/uploads\/sites\/63\/2025\/05\/lavibs_horizontal-1-1536x489.png 1536w, https:\/\/tecnologia.ufpr.br\/gvibs\/wp-content\/uploads\/sites\/63\/2025\/05\/lavibs_horizontal-1-2048x651.png 2048w, https:\/\/tecnologia.ufpr.br\/gvibs\/wp-content\/uploads\/sites\/63\/2025\/05\/lavibs_horizontal-1-18x6.png 18w, https:\/\/tecnologia.ufpr.br\/gvibs\/wp-content\/uploads\/sites\/63\/2025\/05\/lavibs_horizontal-1-175x56.png 175w, https:\/\/tecnologia.ufpr.br\/gvibs\/wp-content\/uploads\/sites\/63\/2025\/05\/lavibs_horizontal-1-75x24.png 75w\" sizes=\"(max-width: 1024px) 100vw, 1024px\" \/><\/a><\/figure>\n<\/figure>\n\n\n\n<p><\/p>\n\n\n\n<p>O Laborat\u00f3rio de Vibra\u00e7\u00f5es e Som foi criado no dia 06 de maio de 2011 pelos professores Eduardo M\u00e1rcio de Oliveira Lopes e Carlos Alberto Bavastri. No mesmo, s\u00e3o desenvolvidas pesquisas em vibra\u00e7\u00f5es e som em sistemas mec\u00e2nicos para o projeto e an\u00e1lise do comportamento din\u00e2mico de estruturas, m\u00e1quinas e cavidades ac\u00fasticas, visando melhorar as condi\u00e7\u00f5es de conforto e seguran\u00e7a, bem como aumentar a vida \u00fatil de componentes e sistemas mec\u00e2nicos. Este laborat\u00f3rio serve de apoio tanto \u00e0s pesquisas&nbsp;do grupo GVIBS quanto ao ensino na gradua\u00e7\u00e3o (DEMEC) e p\u00f3s gradua\u00e7\u00e3o (PGMEC).<\/p>\n\n\n\n<p>Dois alunos de doutorado tem dado um suporte t\u00e9cnico e cient\u00edfico ao longo dos \u00faltimos anos para que o laborat\u00f3rio funcione normalmente. Eles s\u00e3o o Samuel Cavalli Kluthcovsky e o Bruno Ferrari de Almeida Prado. Uma aluna de mestrado, Isadora da Luz, tem dado um suporte adicional que tem ajudado muito ao grupo e ao laborat\u00f3rio. Desde j\u00e1, o nosso mais sincero agradecimento.<\/p>\n\n\n\n<p>Fotos do laborat\u00f3rio:<\/p>\n\n\n\n<figure class=\"wp-block-image size-full\"><img loading=\"lazy\" decoding=\"async\" width=\"1200\" height=\"1600\" src=\"https:\/\/tecnologia.ufpr.br\/gvibs\/wp-content\/uploads\/sites\/63\/2026\/02\/whatsapp-image-2026-02-20-at-1-29-04-pm-1.jpeg\" alt=\"\" class=\"wp-image-1576\" \/><\/figure>\n\n\n\n<figure class=\"wp-block-image size-full\"><img loading=\"lazy\" decoding=\"async\" width=\"1600\" height=\"1200\" src=\"https:\/\/tecnologia.ufpr.br\/gvibs\/wp-content\/uploads\/sites\/63\/2026\/02\/whatsapp-image-2026-02-20-at-1-29-29-pm-1.jpeg\" alt=\"\" class=\"wp-image-1578\" \/><\/figure>\n\n\n\n<figure class=\"wp-block-image size-full\"><img loading=\"lazy\" decoding=\"async\" width=\"1600\" height=\"1200\" src=\"https:\/\/tecnologia.ufpr.br\/gvibs\/wp-content\/uploads\/sites\/63\/2026\/02\/whatsapp-image-2026-02-20-at-1-29-18-pm-1.jpeg\" alt=\"\" class=\"wp-image-1577\" \/><\/figure>","protected":false},"excerpt":{"rendered":"<p>O Laborat\u00f3rio de Vibra\u00e7\u00f5es e Som foi criado no dia 06 de maio de 2011 pelos professores Eduardo M\u00e1rcio de Oliveira Lopes e Carlos Alberto [&hellip;]<\/p>","protected":false},"author":1113,"featured_media":0,"parent":52,"menu_order":0,"comment_status":"open","ping_status":"open","template":"","meta":{"footnotes":""},"_links":{"self":[{"href":"https:\/\/tecnologia.ufpr.br\/gvibs\/en\/wp-json\/wp\/v2\/pages\/54"}],"collection":[{"href":"https:\/\/tecnologia.ufpr.br\/gvibs\/en\/wp-json\/wp\/v2\/pages"}],"about":[{"href":"https:\/\/tecnologia.ufpr.br\/gvibs\/en\/wp-json\/wp\/v2\/types\/page"}],"author":[{"embeddable":true,"href":"https:\/\/tecnologia.ufpr.br\/gvibs\/en\/wp-json\/wp\/v2\/users\/1113"}],"replies":[{"embeddable":true,"href":"https:\/\/tecnologia.ufpr.br\/gvibs\/en\/wp-json\/wp\/v2\/comments?post=54"}],"version-history":[{"count":9,"href":"https:\/\/tecnologia.ufpr.br\/gvibs\/en\/wp-json\/wp\/v2\/pages\/54\/revisions"}],"predecessor-version":[{"id":1588,"href":"https:\/\/tecnologia.ufpr.br\/gvibs\/en\/wp-json\/wp\/v2\/pages\/54\/revisions\/1588"}],"up":[{"embeddable":true,"href":"https:\/\/tecnologia.ufpr.br\/gvibs\/en\/wp-json\/wp\/v2\/pages\/52"}],"wp:attachment":[{"href":"https:\/\/tecnologia.ufpr.br\/gvibs\/en\/wp-json\/wp\/v2\/media?parent=54"}],"curies":[{"name":"wp","href":"https:\/\/api.w.org\/{rel}","templated":true}]}}