{"id":296,"date":"2015-09-21T12:01:37","date_gmt":"2015-09-21T15:01:37","guid":{"rendered":"https:\/\/demec.ufpr.br\/gvibs\/?page_id=296"},"modified":"2015-09-21T12:01:37","modified_gmt":"2015-09-21T15:01:37","slug":"revistas","status":"publish","type":"page","link":"https:\/\/tecnologia.ufpr.br\/gvibs\/en\/revistas\/","title":{"rendered":"Dissemination of the Work"},"content":{"rendered":"<p>&nbsp;<\/p>\n<p>The primary publication outlets are:<\/p>\n<p>&nbsp;<\/p>\n<ul>\n<li>indexed journals (see the Lattes CVs of the GVIBS group researchers);<\/li>\n<\/ul>\n<p>&nbsp;<\/p>\n<ul>\n<li>Master\u2019s theses and doctoral dissertations (see the PGMEC website)<\/li>\n<\/ul>","protected":false},"excerpt":{"rendered":"<p>&nbsp; Os m\u00e9dios de divulga\u00e7\u00e3o s\u00e3o: &nbsp; revistas indexadas (ver curriculum lattes dos pesquisadores do grupo GVIBS); &nbsp; Disserta\u00e7\u00f5es e Teses (ver p\u00e1gina do PGMEC)<\/p>","protected":false},"author":1113,"featured_media":0,"parent":0,"menu_order":0,"comment_status":"open","ping_status":"open","template":"","meta":{"footnotes":""},"_links":{"self":[{"href":"https:\/\/tecnologia.ufpr.br\/gvibs\/en\/wp-json\/wp\/v2\/pages\/296"}],"collection":[{"href":"https:\/\/tecnologia.ufpr.br\/gvibs\/en\/wp-json\/wp\/v2\/pages"}],"about":[{"href":"https:\/\/tecnologia.ufpr.br\/gvibs\/en\/wp-json\/wp\/v2\/types\/page"}],"author":[{"embeddable":true,"href":"https:\/\/tecnologia.ufpr.br\/gvibs\/en\/wp-json\/wp\/v2\/users\/1113"}],"replies":[{"embeddable":true,"href":"https:\/\/tecnologia.ufpr.br\/gvibs\/en\/wp-json\/wp\/v2\/comments?post=296"}],"version-history":[{"count":0,"href":"https:\/\/tecnologia.ufpr.br\/gvibs\/en\/wp-json\/wp\/v2\/pages\/296\/revisions"}],"wp:attachment":[{"href":"https:\/\/tecnologia.ufpr.br\/gvibs\/en\/wp-json\/wp\/v2\/media?parent=296"}],"curies":[{"name":"wp","href":"https:\/\/api.w.org\/{rel}","templated":true}]}}