{"id":28,"date":"2013-07-30T13:47:55","date_gmt":"2013-07-30T16:47:55","guid":{"rendered":"https:\/\/demec.ufpr.br\/gvibs\/?page_id=28"},"modified":"2026-02-24T11:02:08","modified_gmt":"2026-02-24T14:02:08","slug":"projetos","status":"publish","type":"page","link":"https:\/\/tecnologia.ufpr.br\/gvibs\/en\/projetos\/","title":{"rendered":"Projects"},"content":{"rendered":"<figure class=\"wp-block-table\"><table><tbody><tr><td class=\"has-text-align-center\" data-align=\"center\"><\/td><td class=\"has-text-align-center\" data-align=\"center\"><\/td><td><\/td><\/tr><tr><td class=\"has-text-align-center\" data-align=\"center\"><img decoding=\"async\" src=\"https:\/\/tecnologia.ufpr.br\/gvibs\/wp-content\/uploads\/sites\/63\/2024\/09\/imagem1.png\" alt=\"\" style=\"width: 230px\"><\/td><td class=\"has-text-align-center translation-block\" data-align=\"center\"><a href=\"https:\/\/tecnologia.ufpr.br\/gvibs\/projetos\/neutralizadores-dinamicos-viscoelasticos\/\" target=\"_blank\" rel=\"noreferrer noopener\"><strong>Viscoelastic Vibration <\/strong><\/a><br><a href=\"https:\/\/tecnologia.ufpr.br\/gvibs\/projetos\/neutralizadores-dinamicos-viscoelasticos\/\" target=\"_blank\" rel=\"noreferrer noopener\"><strong>Neutralizers<\/strong><\/a><\/td><td>Team:<br>&#8211; Eduardo O. Lopes<br>&#8211; Juc\u00e9lio T. Pereira<br>&#8211; Carlos A. Bavastri <br>&#8211; Jo\u00e3o Luiz Alves<br>&#8211;\u00a0Jederson da Silva<br>&#8211; Jo\u00e3o Luiz do Vale<br>&#8211;\u00a0Samuel Kluthcovsky<br>&#8211; Bruno F. A. Prado<br>&#8211; Eduardo Salmoria Fantin<br>&#8211; Isadora da Luz<br>&#8211; Fernanda Domingues Biagi<br>&#8211; Matheus F Guerreiro<br>&#8211; Igor Sanches Manei<br>&#8211; Nathalia Nogueira Alves<br>&#8211; Heloisa de Oliveira Pinho<br>&#8211; Vitor Tarlombani Stelmach<\/td><\/tr><tr><td class=\"has-text-align-center\" data-align=\"center\"><\/td><td class=\"has-text-align-center\" data-align=\"center\"><\/td><td><\/td><\/tr><tr><td class=\"has-text-align-center\" data-align=\"center\"><\/td><td class=\"has-text-align-center\" data-align=\"center\"><\/td><td><\/td><\/tr><\/tbody><\/table><\/figure>\n\n\n\n<figure class=\"wp-block-table\"><table><tbody><tr><td><\/td><td class=\"has-text-align-center\" data-align=\"center\"><\/td><td><\/td><\/tr><tr><td><img decoding=\"async\" src=\"https:\/\/tecnologia.ufpr.br\/gvibs\/wp-content\/uploads\/sites\/63\/2024\/09\/nd-hibridos.png\" alt=\"\" style=\"width: 220px\"><\/td><td class=\"has-text-align-center translation-block\" data-align=\"center\"><a href=\"https:\/\/tecnologia.ufpr.br\/gvibs\/projetos\/desenvolvimento-e-transferencia-de-tecnologia-de-neutralizadores-dinamicos-hibridos-em-unidades-industriais-de-processamento\/\" target=\"_blank\" rel=\"noreferrer noopener\"><strong>Development and Technology <\/strong><br><strong>Transfer of Hybrid Dynamic <\/strong><br><strong>Din\u00e2micos Neutralizers in Industrial <\/strong><br><strong>Processing Plants<\/strong><\/a><\/td><td>Team:<br>&#8211; Eduardo M. O. Lopes<br>&#8211; Maurizio R. Barghouthi<br>&#8211; Eduardo L. O. Batista<br>&#8211;&nbsp;Isabel G. Soares<\/td><\/tr><tr><td><\/td><td class=\"has-text-align-center\" data-align=\"center\"><\/td><td><\/td><\/tr><tr><td><\/td><td class=\"has-text-align-center\" data-align=\"center\"><\/td><td><\/td><\/tr><\/tbody><\/table><\/figure>\n\n\n\n<figure class=\"wp-block-table\"><table><tbody><tr><td><\/td><td class=\"has-text-align-center\" data-align=\"center\"><\/td><td><\/td><\/tr><tr><td><img decoding=\"async\" src=\"https:\/\/tecnologia.ufpr.br\/gvibs\/wp-content\/uploads\/sites\/63\/2024\/09\/machinery-learning.png\" alt=\"\" style=\"width: 250px\"><\/td><td class=\"has-text-align-center translation-block\" data-align=\"center\"><strong><a href=\"https:\/\/tecnologia.ufpr.br\/gvibs\/monitoramento-de-maquinas-ferramenta-cnc-atraves-de-analise-modal-operacional-e-aprendizagem-de-maquina\/\" target=\"_blank\" rel=\"noreferrer noopener\">Monitoring of CNC Machine <br>Tools Using Operational <br>Modal Analysis and <br>Machine Learning<\/a><\/strong><\/td><td>Team:<br>&#8211; Giuliana S. Venter<br>&#8211; Eduardo M. O. Lopes<\/td><\/tr><tr><td><\/td><td class=\"has-text-align-center\" data-align=\"center\"><\/td><td><\/td><\/tr><tr><td><\/td><td class=\"has-text-align-center\" data-align=\"center\"><\/td><td><\/td><\/tr><\/tbody><\/table><\/figure>\n\n\n\n<figure class=\"wp-block-table\"><table><tbody><tr><td class=\"has-text-align-center\" data-align=\"center\"><\/td><td class=\"has-text-align-center\" data-align=\"center\"><\/td><td><\/td><\/tr><tr><td class=\"has-text-align-center\" data-align=\"center\"><img decoding=\"async\" src=\"https:\/\/tecnologia.ufpr.br\/gvibs\/wp-content\/uploads\/sites\/63\/2015\/09\/fig-carcaterizacao_3.jpg\" alt=\"\" style=\"width: 230px\"><\/td><td class=\"has-text-align-center translation-block\" data-align=\"center\"><a href=\"https:\/\/tecnologia.ufpr.br\/gvibs\/projetos\/caracterizacao-de-propriedades-mecanicas-e-aplicacoes-de-materiais-viscoelasticos-solidos\/\" target=\"_blank\" rel=\"noreferrer noopener\"><strong>Characterization of Mechanical <br>Properties and Applications of Solid <br>Viscoelastic Materials<\/strong><\/a><\/td><td>Team:<br>&#8211; Juc\u00e9lio T. Pereira<br>&#8211; Tiago L. de Souza<br>&#8211; Sandmara Lanhi<br>&#8211; Luis  O. R. Muraro<br>&#8211; Andr\u00e9K\u00fchl<br>&#8211; Matheus F. Guerreiro <\/td><\/tr><tr><td class=\"has-text-align-center\" data-align=\"center\"><\/td><td class=\"has-text-align-center\" data-align=\"center\"><\/td><td><\/td><\/tr><tr><td class=\"has-text-align-center\" data-align=\"center\"><\/td><td class=\"has-text-align-center\" data-align=\"center\"><\/td><td><\/td><\/tr><\/tbody><\/table><\/figure>\n\n\n\n<figure class=\"wp-block-table\"><table><tbody><tr><td class=\"has-text-align-center\" data-align=\"center\"><\/td><td class=\"has-text-align-center\" data-align=\"center\"><\/td><td class=\"has-text-align-left\" data-align=\"left\"><\/td><\/tr><tr><td class=\"has-text-align-center\" data-align=\"center\"><img loading=\"lazy\" decoding=\"async\" width=\"223\" height=\"118\" src=\"https:\/\/tecnologia.ufpr.br\/gvibs\/wp-content\/uploads\/sites\/63\/2021\/03\/Projeto-Petrobras-Caso-1.jpg\" alt=\"Projeto Petrobras Caso 1\"><\/td><td class=\"has-text-align-center translation-block\" data-align=\"center\"><a href=\"https:\/\/tecnologia.ufpr.br\/gvibs\/projetos\/projeto-de-neutralizadores-de-vibracao-aplicados-a-estruturas-e-equipamentos-de-refinaria-de-petroleo\/\" target=\"_blank\" rel=\"noreferrer noopener\"><strong>Development of a methodology <\/strong><br><strong> for the optimal design of vibration <\/strong><br><strong>neutralizers applied to structures and <\/strong><br><strong>equipment in oil refineries <\/strong><br><strong>\u2013 Phase I \u2013 <\/strong><br><strong>and collection of information <\/strong><br><strong>for the development of software <\/strong><br><strong>for use in vibration control <\/strong><br><strong>\u2013 Phase II \u2013<\/strong><\/a><\/td><td class=\"has-text-align-left\" data-align=\"left\">Team:<br>&#8211; Eduardo M. O. Lopes<br>&#8211; Juc\u00e9lio T. Pereira<br>&#8211; Carlos A. Bavastri <br>&#8211;&nbsp;Thiago da Silva<br>&#8211;&nbsp;Jos\u00e9 E. Gubaua<br>&#8211; Alex G. R. do Pilar<br>&#8211; Gabriel A. Pereira<\/td><\/tr><tr><td class=\"has-text-align-center\" data-align=\"center\"><\/td><td class=\"has-text-align-center\" data-align=\"center\"><\/td><td class=\"has-text-align-left\" data-align=\"left\"><\/td><\/tr><tr><td class=\"has-text-align-center\" data-align=\"center\"><\/td><td class=\"has-text-align-center\" data-align=\"center\"><\/td><td class=\"has-text-align-left\" data-align=\"left\"><\/td><\/tr><\/tbody><\/table><\/figure>\n\n\n\n<figure class=\"wp-block-table\"><table><tbody><tr><td class=\"has-text-align-center\" data-align=\"center\"><\/td><td class=\"has-text-align-center\" data-align=\"center\"><\/td><td><\/td><\/tr><tr><td class=\"has-text-align-center\" data-align=\"center\"><img decoding=\"async\" src=\"https:\/\/tecnologia.ufpr.br\/gvibs\/wp-content\/uploads\/sites\/63\/2013\/07\/rotor15.jpg\" alt=\"rotor15\" style=\"width: 230px\"><\/td><td class=\"has-text-align-center translation-block\" data-align=\"center\"><a href=\"https:\/\/tecnologia.ufpr.br\/gvibs\/projetos\/identificacao-e-controle-de-vibracoes-em-dinamica-de-rotores\/\" target=\"_blank\" rel=\"noreferrer noopener\"><strong>Rotor Dynamics: Identification <\/strong><br><strong>and Control of Vibrations Using <\/strong><br><strong>Viscoelastic Materials<\/strong><\/a><\/td><td>Team:<br>&#8211; Eduardo M. O. Lopes<br>&#8211; Carlos A. Bavastri<br>&#8211; Hilton Penha Silva<br>&#8211; Francisco J. Doubrawa<br>&#8211; Danielle R. Voltolini<br>&#8211; Thiago da Silva<br>&#8211;&nbsp;Samuel Kluthcovsky<br>&#8211; Bruno F. A. Prado<br>&#8211; Tulio Paim Horta<br>&#8211; Ana Rita V. Costa<\/td><\/tr><tr><td class=\"has-text-align-center\" data-align=\"center\"><\/td><td class=\"has-text-align-center\" data-align=\"center\"><\/td><td><\/td><\/tr><tr><td class=\"has-text-align-center\" data-align=\"center\"><\/td><td class=\"has-text-align-center\" data-align=\"center\"><\/td><td><\/td><\/tr><\/tbody><\/table><\/figure>\n\n\n\n<figure class=\"wp-block-table\"><table><tbody><tr><td class=\"has-text-align-center\" data-align=\"center\"><\/td><td class=\"has-text-align-center\" data-align=\"center\"><\/td><td><\/td><\/tr><tr><td class=\"has-text-align-center\" data-align=\"center\"><img decoding=\"async\" src=\"https:\/\/tecnologia.ufpr.br\/gvibs\/wp-content\/uploads\/sites\/63\/2015\/10\/logo_controle_2.jpg\" alt=\"logo_controle_2\" style=\"width: 200px\"><\/td><td class=\"has-text-align-center translation-block\" data-align=\"center\"><a href=\"https:\/\/tecnologia.ufpr.br\/gvibs\/pesquisa\/prognostico-de-dano-em-sistemas-mecanicos\/\" target=\"_blank\" rel=\"noreferrer noopener\"><strong>Dynamic Vibration and Radiated Noise<\/strong><br><strong>Neutralizers: Generalized Modeling, <\/strong><br><strong>Proposal of New<\/strong><br><strong>Devices and Applications<\/strong><\/a><\/td><td>Team:<br>&#8211; Eduardo M. O. Lopes<br>&#8211; Juc\u00e9lio T. Pereira<br>&#8211; Carlos A. Bavastri <br>&#8211; Francisco Doubrawa<br>&#8211; Samuel Kluthcovsky<br>&#8211; Bruno F. de A. Prado<br>&#8211; Eduardo S. Fantin<br>&#8211; Francielly E.C. Silva<br>&#8211; Milena W. Bavaresco<br>&#8211; Isadora da Luz<br>&#8211; Aniela A. E. Avila<br>&#8211; Lucas Feitosa Nicolau<\/td><\/tr><tr><td class=\"has-text-align-center\" data-align=\"center\"><\/td><td class=\"has-text-align-center\" data-align=\"center\"><\/td><td><\/td><\/tr><tr><td class=\"has-text-align-center\" data-align=\"center\"><\/td><td class=\"has-text-align-center\" data-align=\"center\"><\/td><td><\/td><\/tr><\/tbody><\/table><\/figure>\n\n\n\n<figure class=\"wp-block-table\"><table><tbody><tr><td><\/td><td class=\"has-text-align-center\" data-align=\"center\"><\/td><td><\/td><\/tr><tr><td><img decoding=\"async\" src=\"https:\/\/tecnologia.ufpr.br\/gvibs\/wp-content\/uploads\/sites\/63\/2024\/09\/colheita-de-energia-1-1.png\" alt=\"\" style=\"width: 250px\"><\/td><td class=\"has-text-align-center translation-block\" data-align=\"center\"><strong><a href=\"https:\/\/tecnologia.ufpr.br\/gvibs\/projetos\/utilizacao-de-energy-harvesting-em-aplicacoes-de-controle-ativo-e-controle-hibrido\/\" target=\"_blank\" rel=\"noreferrer noopener\">Use of energy harvesting <br>in active control\nand <br>hybrid control applications<\/a><\/strong><\/td><td>Team:<br>&#8211; Giuliana S. Venter<br>&#8211; Carlos A. bavastri<br>&#8211; Allyson C. da Silva<br>&#8211; Paolo R. M. Cuevas<\/td><\/tr><tr><td><\/td><td class=\"has-text-align-center\" data-align=\"center\"><\/td><td><\/td><\/tr><tr><td><\/td><td class=\"has-text-align-center\" data-align=\"center\"><\/td><td><\/td><\/tr><\/tbody><\/table><\/figure>\n\n\n\n<figure class=\"wp-block-table\"><table><tbody><tr><td class=\"has-text-align-center\" data-align=\"center\"><\/td><td class=\"has-text-align-center\" data-align=\"center\"><\/td><td><\/td><\/tr><tr><td class=\"has-text-align-center\" data-align=\"center\"><img decoding=\"async\" src=\"https:\/\/tecnologia.ufpr.br\/gvibs\/wp-content\/uploads\/sites\/63\/2021\/03\/projeto-fibras-oticas-1.png\" alt=\"projeto fibras oticas\" style=\"width: 220px\"><\/td><td class=\"has-text-align-center translation-block\" data-align=\"center\"><a href=\"https:\/\/tecnologia.ufpr.br\/gvibs\/projetos\/caracterizacao-dinamica\/conversor-optico-eletronico-fase-2\/\" target=\"_blank\" rel=\"noreferrer noopener\"><strong>Optical-to-electronic converter \u2013 <\/strong><br><strong>Phase 2 (Cooperation Agreement <\/strong><br><strong>5850.0107231.18.9)<\/strong><\/a><\/td><td>Team:<br>&#8211; Jean C. C. da Silva<br>&#8211; Cicero Martelli<br>&#8211; Juc\u00e9lio T. Pereira<br>&#8211; Carlos A. Bavastri <br>&#8211; Frederico Janhert<\/td><\/tr><tr><td class=\"has-text-align-center\" data-align=\"center\"><\/td><td class=\"has-text-align-center\" data-align=\"center\"><\/td><td><\/td><\/tr><tr><td class=\"has-text-align-center\" data-align=\"center\"><\/td><td class=\"has-text-align-center\" data-align=\"center\"><\/td><td><\/td><\/tr><\/tbody><\/table><\/figure>\n\n\n\n<figure class=\"wp-block-table\"><table><tbody><tr><td class=\"has-text-align-center\" data-align=\"center\"><\/td><td class=\"has-text-align-center\" data-align=\"center\"><\/td><td><\/td><\/tr><tr><td class=\"has-text-align-center\" data-align=\"center\"><img decoding=\"async\" src=\"https:\/\/tecnologia.ufpr.br\/gvibs\/wp-content\/uploads\/sites\/63\/2013\/07\/rotor-4.png\" alt=\"rotor 4\" style=\"width: 230px\"><\/td><td class=\"has-text-align-center translation-block\" data-align=\"center\"><a href=\"https:\/\/tecnologia.ufpr.br\/gvibs\/inovacao-tecnologica-em-componentes-mecanicos-para-motores-eletricos-itecmel-promove\/\" target=\"_blank\" rel=\"noreferrer noopener\"><strong>Technological Innovation in Mechanical<\/strong><br><strong>Components\nfor Electric Motors <\/strong><br><strong>ITECMEL\/PROMOVE (FINEP 4931\/06)<\/strong><\/a><\/td><td>Team:<br>&#8211; Marco A. Luersen<br>&#8211; Juc\u00e9lio T. Pereira<br>&#8211; Carlos A. Bavastri <br>&#8211; Francisco Doubrawa<br>&#8211;&nbsp;Hideraldo L. Santos<br>&#8211;&nbsp;Hilton P. Silva<br>&#8211; Alexandre Kokot<br>&#8211; Eduardo A. Ribeiro<\/td><\/tr><tr><td class=\"has-text-align-center\" data-align=\"center\"><\/td><td class=\"has-text-align-center\" data-align=\"center\"><\/td><td><\/td><\/tr><tr><td class=\"has-text-align-center\" data-align=\"center\"><\/td><td class=\"has-text-align-center\" data-align=\"center\"><\/td><td><\/td><\/tr><\/tbody><\/table><\/figure>\n\n\n\n<figure class=\"wp-block-table\"><table><tbody><tr><td><\/td><td class=\"has-text-align-center\" data-align=\"center\"><\/td><td><\/td><\/tr><tr><td><img decoding=\"async\" src=\"https:\/\/tecnologia.ufpr.br\/gvibs\/wp-content\/uploads\/sites\/63\/2015\/10\/logo_controle_3.jpg\" alt=\"logo_controle_3\" style=\"width: 230px\"><\/td><td class=\"has-text-align-center translation-block\" data-align=\"center\"><a href=\"https:\/\/tecnologia.ufpr.br\/gvibs\/projeto-de-um-neutralizadores-de-vibracao-viscoelasticos\/\" target=\"_blank\" rel=\"noreferrer noopener\">\u00a0<strong> Development of a Project for <\/strong><\/a><br><a href=\"https:\/\/tecnologia.ufpr.br\/gvibs\/projeto-de-um-neutralizadores-de-vibracao-viscoelasticos\/\" target=\"_blank\" rel=\"noreferrer noopener\"><strong>a Set of Viscoelastic\nVibration <\/strong><\/a><br><a href=\"https:\/\/tecnologia.ufpr.br\/gvibs\/projeto-de-um-neutralizadores-de-vibracao-viscoelasticos\/\" target=\"_blank\" rel=\"noreferrer noopener\"><strong>Neutralizers to Reduce the Overall<\/strong><\/a><br><a href=\"https:\/\/tecnologia.ufpr.br\/gvibs\/projeto-de-um-neutralizadores-de-vibracao-viscoelasticos\/\" target=\"_blank\" rel=\"noreferrer noopener\"><strong>Axial Vibration Level of\nHydrogenerator<\/strong><\/a><br><a href=\"https:\/\/tecnologia.ufpr.br\/gvibs\/projeto-de-um-neutralizadores-de-vibracao-viscoelasticos\/\" target=\"_blank\" rel=\"noreferrer noopener\"><strong>Unit 1 at the\nPasso Fundo <\/strong><\/a><br><a href=\"https:\/\/tecnologia.ufpr.br\/gvibs\/projeto-de-um-neutralizadores-de-vibracao-viscoelasticos\/\" target=\"_blank\" rel=\"noreferrer noopener\"><strong>Hydroelectric Power Plant<\/strong><\/a><\/td><td>Team:<br>&#8211; Jos\u00e9 J. de Esp\u00edndola<br>&#8211; Eduardo O. Lopes<br>&#8211; Carlos A. Bavastri <br>&#8211; Juc\u00e9lio T. Pereira<\/td><\/tr><tr><td><\/td><td class=\"has-text-align-center\" data-align=\"center\"><\/td><td><\/td><\/tr><tr><td><\/td><td class=\"has-text-align-center\" data-align=\"center\"><\/td><td><\/td><\/tr><\/tbody><\/table><\/figure>\n\n\n\n<figure class=\"wp-block-table\"><table><tbody><tr><td class=\"has-text-align-center\" data-align=\"center\"><\/td><td class=\"has-text-align-center\" data-align=\"center\"><\/td><td><\/td><\/tr><tr><td class=\"has-text-align-center\" data-align=\"center\"><img decoding=\"async\" src=\"https:\/\/tecnologia.ufpr.br\/gvibs\/wp-content\/uploads\/sites\/63\/2021\/03\/Neutralizador-para-linhas-de-tranmissao-de-energia-eletrica.jpg\" alt=\"Neutralizador para linhas de tranmiss\u00e3o de energia el\u00e9trica\" style=\"width: 220px\"><\/td><td class=\"has-text-align-center translation-block\" data-align=\"center\"><a href=\"https:\/\/tecnologia.ufpr.br\/gvibs\/desenvolvimento-final-de-neutralizador-dinamico-viscoelastico-para-cabos-de-linhas-aereas\/\" target=\"_blank\" rel=\"noreferrer noopener\"><strong>FINEP Project 246\/2002: Final Development <\/strong><br><strong>of a Viscoelastic Dynamic<\/strong><br><strong>Neutralizer for Overhead Power Lines<\/strong><\/a><\/td><td>Team:<br>&#8211; Jos\u00e9 J. de Esp\u00edndola<br>&#8211; Eduardo O. Lopes<br>&#8211; Carlos A. Bavastri <br>&#8211; Fl\u00e1vio A. Presezniak<\/td><\/tr><tr><td class=\"has-text-align-center\" data-align=\"center\"><\/td><td class=\"has-text-align-center\" data-align=\"center\"><\/td><td><\/td><\/tr><tr><td class=\"has-text-align-center\" data-align=\"center\"><\/td><td class=\"has-text-align-center\" data-align=\"center\"><\/td><td><\/td><\/tr><\/tbody><\/table><\/figure>","protected":false},"excerpt":{"rendered":"<p>Neutralizadores de Vibra\u00e7\u00f5es Viscoel\u00e1sticos Equipe:&#8211; Eduardo O. Lopes&#8211; Juc\u00e9lio T. Pereira&#8211; Carlos A. Bavastri &#8211; Jo\u00e3o Luiz Alves&#8211;\u00a0Jederson da Silva&#8211; Jo\u00e3o Luiz do Vale&#8211;\u00a0Samuel Kluthcovsky&#8211; [&hellip;]<\/p>","protected":false},"author":1113,"featured_media":0,"parent":0,"menu_order":0,"comment_status":"open","ping_status":"open","template":"","meta":{"footnotes":""},"_links":{"self":[{"href":"https:\/\/tecnologia.ufpr.br\/gvibs\/en\/wp-json\/wp\/v2\/pages\/28"}],"collection":[{"href":"https:\/\/tecnologia.ufpr.br\/gvibs\/en\/wp-json\/wp\/v2\/pages"}],"about":[{"href":"https:\/\/tecnologia.ufpr.br\/gvibs\/en\/wp-json\/wp\/v2\/types\/page"}],"author":[{"embeddable":true,"href":"https:\/\/tecnologia.ufpr.br\/gvibs\/en\/wp-json\/wp\/v2\/users\/1113"}],"replies":[{"embeddable":true,"href":"https:\/\/tecnologia.ufpr.br\/gvibs\/en\/wp-json\/wp\/v2\/comments?post=28"}],"version-history":[{"count":38,"href":"https:\/\/tecnologia.ufpr.br\/gvibs\/en\/wp-json\/wp\/v2\/pages\/28\/revisions"}],"predecessor-version":[{"id":1582,"href":"https:\/\/tecnologia.ufpr.br\/gvibs\/en\/wp-json\/wp\/v2\/pages\/28\/revisions\/1582"}],"wp:attachment":[{"href":"https:\/\/tecnologia.ufpr.br\/gvibs\/en\/wp-json\/wp\/v2\/media?parent=28"}],"curies":[{"name":"wp","href":"https:\/\/api.w.org\/{rel}","templated":true}]}}