{"id":269,"date":"2015-09-02T10:24:31","date_gmt":"2015-09-02T13:24:31","guid":{"rendered":"https:\/\/demec.ufpr.br\/gvibs\/?page_id=269"},"modified":"2024-10-03T17:57:55","modified_gmt":"2024-10-03T20:57:55","slug":"pos-graduacao","status":"publish","type":"page","link":"https:\/\/tecnologia.ufpr.br\/gvibs\/en\/orientacoes-em-andamento\/pos-graduacao\/","title":{"rendered":"Graduate Studies"},"content":{"rendered":"<p>The permanent faculty members of the GVIBS group are exclusively affiliated with the Mechanical Engineering Graduate Program in the Department of Mechanical Engineering at UFPR. In this \u201cstricto sensu\u201d graduate program, the faculty members advise students in:<\/p>\n<p>\u2013 Master\u2019s Degree<\/p>\n<p>\u2013 Doctorate<\/p>\n<p>\u2013 Postdoctoral Fellowship<\/p>","protected":false},"excerpt":{"rendered":"<p>Os docentes permanentes do grupo GVIBS participam exclusivamente do Programa de P\u00f3s Gradua\u00e7\u00e3o de Engenharia Mec\u00e2nica do Departamento de Engenharia Mec\u00e2nica da UFPR. Nesta p\u00f3s-gradua\u00e7\u00e3o [&hellip;]<\/p>","protected":false},"author":1113,"featured_media":0,"parent":74,"menu_order":0,"comment_status":"open","ping_status":"open","template":"","meta":{"footnotes":""},"_links":{"self":[{"href":"https:\/\/tecnologia.ufpr.br\/gvibs\/en\/wp-json\/wp\/v2\/pages\/269"}],"collection":[{"href":"https:\/\/tecnologia.ufpr.br\/gvibs\/en\/wp-json\/wp\/v2\/pages"}],"about":[{"href":"https:\/\/tecnologia.ufpr.br\/gvibs\/en\/wp-json\/wp\/v2\/types\/page"}],"author":[{"embeddable":true,"href":"https:\/\/tecnologia.ufpr.br\/gvibs\/en\/wp-json\/wp\/v2\/users\/1113"}],"replies":[{"embeddable":true,"href":"https:\/\/tecnologia.ufpr.br\/gvibs\/en\/wp-json\/wp\/v2\/comments?post=269"}],"version-history":[{"count":3,"href":"https:\/\/tecnologia.ufpr.br\/gvibs\/en\/wp-json\/wp\/v2\/pages\/269\/revisions"}],"predecessor-version":[{"id":1341,"href":"https:\/\/tecnologia.ufpr.br\/gvibs\/en\/wp-json\/wp\/v2\/pages\/269\/revisions\/1341"}],"up":[{"embeddable":true,"href":"https:\/\/tecnologia.ufpr.br\/gvibs\/en\/wp-json\/wp\/v2\/pages\/74"}],"wp:attachment":[{"href":"https:\/\/tecnologia.ufpr.br\/gvibs\/en\/wp-json\/wp\/v2\/media?parent=269"}],"curies":[{"name":"wp","href":"https:\/\/api.w.org\/{rel}","templated":true}]}}