{"id":264,"date":"2015-09-01T15:00:35","date_gmt":"2015-09-01T18:00:35","guid":{"rendered":"https:\/\/demec.ufpr.br\/gvibs\/?page_id=264"},"modified":"2024-10-03T18:04:14","modified_gmt":"2024-10-03T21:04:14","slug":"alunos-de-graduacao","status":"publish","type":"page","link":"https:\/\/tecnologia.ufpr.br\/gvibs\/en\/orientacoes-em-andamento\/alunos-de-graduacao\/","title":{"rendered":"Undergraduate Students"},"content":{"rendered":"<p>The permanent faculty members of the GVIBS group are affiliated with the Department of Mechanical Engineering at UFPR and advise students in:<\/p>\n<p>\u2013 Undergraduate Research Projects<\/p>\n<p>\u2013 Final Papers<\/p>","protected":false},"excerpt":{"rendered":"<p>Os docentes permanentes do grupo GVIBS pertencem ao Departamento de Engenharia Mec\u00e2nica da UFPR e orientam alunos de: &#8211; Trabalhos de Inicia\u00e7\u00e3o Cient\u00edfica &#8211; Trabalhos [&hellip;]<\/p>","protected":false},"author":1113,"featured_media":0,"parent":74,"menu_order":1,"comment_status":"open","ping_status":"closed","template":"","meta":{"footnotes":""},"_links":{"self":[{"href":"https:\/\/tecnologia.ufpr.br\/gvibs\/en\/wp-json\/wp\/v2\/pages\/264"}],"collection":[{"href":"https:\/\/tecnologia.ufpr.br\/gvibs\/en\/wp-json\/wp\/v2\/pages"}],"about":[{"href":"https:\/\/tecnologia.ufpr.br\/gvibs\/en\/wp-json\/wp\/v2\/types\/page"}],"author":[{"embeddable":true,"href":"https:\/\/tecnologia.ufpr.br\/gvibs\/en\/wp-json\/wp\/v2\/users\/1113"}],"replies":[{"embeddable":true,"href":"https:\/\/tecnologia.ufpr.br\/gvibs\/en\/wp-json\/wp\/v2\/comments?post=264"}],"version-history":[{"count":2,"href":"https:\/\/tecnologia.ufpr.br\/gvibs\/en\/wp-json\/wp\/v2\/pages\/264\/revisions"}],"predecessor-version":[{"id":1343,"href":"https:\/\/tecnologia.ufpr.br\/gvibs\/en\/wp-json\/wp\/v2\/pages\/264\/revisions\/1343"}],"up":[{"embeddable":true,"href":"https:\/\/tecnologia.ufpr.br\/gvibs\/en\/wp-json\/wp\/v2\/pages\/74"}],"wp:attachment":[{"href":"https:\/\/tecnologia.ufpr.br\/gvibs\/en\/wp-json\/wp\/v2\/media?parent=264"}],"curies":[{"name":"wp","href":"https:\/\/api.w.org\/{rel}","templated":true}]}}