{"id":26,"date":"2013-07-30T13:47:25","date_gmt":"2013-07-30T16:47:25","guid":{"rendered":"https:\/\/demec.ufpr.br\/gvibs\/?page_id=26"},"modified":"2025-10-08T18:23:54","modified_gmt":"2025-10-08T21:23:54","slug":"pesquisa","status":"publish","type":"page","link":"https:\/\/tecnologia.ufpr.br\/gvibs\/en\/pesquisa\/","title":{"rendered":"Research Areas"},"content":{"rendered":"<figure class=\"wp-block-table aligncenter\"><table><tbody><tr><td class=\"has-text-align-center\" data-align=\"center\" colspan=\"3\"><a href=\"http:\/\/dgp.cnpq.br\/dgp\/espelholinha\/8005430326160316141107\" target=\"_blank\" rel=\"noreferrer noopener nofollow\"><strong>Dynamic Characterization of Viscoelastic Materials<\/strong><\/a><\/td><\/tr><tr><td class=\"has-text-align-center\" data-align=\"center\">&nbsp;<a href=\"http:\/\/siga.ufpr.br\/siga\/visitante\/trabalhoConclusaoWS?idpessoal=9207&amp;idprograma=40001016040P5&amp;anobase=2016&amp;idtc=1331\" target=\"_blank\" rel=\"noreferrer noopener\"><img decoding=\"async\" src=\"https:\/\/tecnologia.ufpr.br\/gvibs\/wp-content\/uploads\/sites\/63\/2015\/09\/fig-carcaterizacao_1.jpg\" alt=\"fig-carcaterizacao_1\" style=\"width: 250px\"><\/a><\/td><td class=\"has-text-align-center\" data-align=\"center\">&nbsp;<a href=\"http:\/\/siga.ufpr.br\/siga\/visitante\/trabalhoConclusaoWS?idpessoal=1724&amp;idprograma=40001016040P5&amp;anobase=2016&amp;idtc=1323\" target=\"_blank\" rel=\"noreferrer noopener\"><img decoding=\"async\" src=\"https:\/\/tecnologia.ufpr.br\/gvibs\/wp-content\/uploads\/sites\/63\/2015\/09\/fig-caracterizacao_21.jpg\" alt=\"fig-caracterizacao_2\" style=\"width: 200px\"><\/a><\/td><td class=\"has-text-align-center\" data-align=\"center\"><a href=\"http:\/\/acervodigital.ufpr.br\/handle\/1884\/63703\" target=\"_blank\" rel=\"noreferrer noopener\"><img decoding=\"async\" src=\"https:\/\/tecnologia.ufpr.br\/gvibs\/wp-content\/uploads\/sites\/63\/2015\/09\/fig-carcaterizacao_3.jpg\" alt=\"fig-carcaterizacao_3\" style=\"width: 200px\"><\/a>&nbsp;<\/td><\/tr><tr><td class=\"has-text-align-center translation-block\" data-align=\"center\">Integrated Dynamic Characterization<\/td><td class=\"has-text-align-center\" data-align=\"center\">&nbsp;Prony Series<\/td><td class=\"has-text-align-center translation-block\" data-align=\"center\">Fractional-order Zenner derivatives<\/td><\/tr><tr><td class=\"has-text-align-center\" data-align=\"center\" colspan=\"3\"><a href=\"http:\/\/dgp.cnpq.br\/dgp\/espelholinha\/8005430326160316141106\" target=\"_blank\" rel=\"noreferrer noopener nofollow\"><strong>Passive Control of Vibrations and Radiated Noise <\/strong><\/a><\/td><\/tr><tr><td class=\"has-text-align-center\" data-align=\"center\">&nbsp;<a href=\"https:\/\/acervodigital.ufpr.br\/handle\/1884\/73365\" target=\"_blank\" rel=\"noreferrer noopener\"><img decoding=\"async\" style=\"width: 200px\" src=\"https:\/\/tecnologia.ufpr.br\/gvibs\/wp-content\/uploads\/sites\/63\/2015\/10\/logo-controle_1.jpg\" alt=\"logo-controle_1\"><\/a><\/td><td class=\"has-text-align-center\" data-align=\"center\"><a href=\"https:\/\/acervodigital.ufpr.br\/handle\/1884\/63385\" target=\"_blank\" rel=\"noreferrer noopener\"><img decoding=\"async\" style=\"width: 200px\" src=\"https:\/\/tecnologia.ufpr.br\/gvibs\/wp-content\/uploads\/sites\/63\/2015\/10\/logo_controle_2.jpg\" alt=\"logo_controle_2\"><\/a>&nbsp;<\/td><td class=\"has-text-align-center\" data-align=\"center\"><a href=\"https:\/\/acervodigital.ufpr.br\/handle\/1884\/73897\" target=\"_blank\" rel=\"noreferrer noopener\"><img decoding=\"async\" style=\"width: 200px\" src=\"https:\/\/tecnologia.ufpr.br\/gvibs\/wp-content\/uploads\/sites\/63\/2015\/10\/logo_controle_3.jpg\" alt=\"logo_controle_3\"><\/a>&nbsp;<\/td><\/tr><tr><td class=\"has-text-align-center translation-block\" data-align=\"center\">Generalized Equivalent Parameters<\/td><td class=\"has-text-align-center\" data-align=\"center\">Passive Vibration Control at MDOF PS&nbsp;<\/td><td class=\"has-text-align-center\" data-align=\"center\">Optimal Vibration Design of a Set of DVNs&nbsp;<\/td><\/tr><tr><td class=\"has-text-align-center\" data-align=\"center\" colspan=\"3\"><a href=\"http:\/\/dgp.cnpq.br\/dgp\/espelholinha\/80054303261603161357128\" target=\"_blank\" rel=\"noreferrer noopener\"><strong>Structural Optimization<\/strong><\/a><\/td><\/tr><tr><td class=\"has-text-align-center\" data-align=\"center\"><img decoding=\"async\" src=\"https:\/\/tecnologia.ufpr.br\/gvibs\/wp-content\/uploads\/sites\/63\/2024\/09\/otim-estrutural_2.png\" alt=\"\" style=\"width: 200px\">&nbsp;<\/td><td class=\"has-text-align-center\" data-align=\"center\"><a href=\"https:\/\/siga.ufpr.br\/siga\/visitante\/trabalhoConclusaoWS?idpessoal=52680&amp;idprograma=40001016040P5&amp;anobase=2024&amp;idtc=1496\" target=\"_blank\" rel=\"noreferrer noopener\"><img decoding=\"async\" style=\"width: 200px\" src=\"https:\/\/tecnologia.ufpr.br\/gvibs\/wp-content\/uploads\/sites\/63\/2024\/09\/otim-estrutural-4.png\" alt=\"\"><\/a>&nbsp;<\/td><td class=\"has-text-align-center\" data-align=\"center\"><img decoding=\"async\" src=\"https:\/\/tecnologia.ufpr.br\/gvibs\/wp-content\/uploads\/sites\/63\/2024\/09\/otim-estrutural-3.png\" alt=\"\" style=\"width: 200px\">&nbsp;<\/td><\/tr><tr><td class=\"has-text-align-center\" data-align=\"center\">&nbsp;Topological Optimization<\/td><td class=\"has-text-align-center\" data-align=\"center\">Structural Optimization&nbsp;<\/td><td class=\"has-text-align-center\" data-align=\"center\">&nbsp;Shape Optimization<\/td><\/tr><tr><td class=\"has-text-align-center\" data-align=\"center\" colspan=\"3\"><a href=\"http:\/\/dgp.cnpq.br\/dgp\/espelholinha\/8005430326160316141108\" target=\"_blank\" rel=\"noreferrer noopener\"><strong>Dynamic Behavior of Rotating Systems<\/strong><\/a><\/td><\/tr><tr><td class=\"has-text-align-center\" data-align=\"center\">&nbsp;<a href=\"https:\/\/siga.ufpr.br\/siga\/visitante\/trabalhoConclusaoWS?idpessoal=25632&amp;idprograma=40001016040P5&amp;anobase=2016&amp;idtc=1343\" target=\"_blank\" rel=\"noreferrer noopener\"><img decoding=\"async\" src=\"https:\/\/tecnologia.ufpr.br\/gvibs\/wp-content\/uploads\/sites\/63\/2015\/09\/fig-rotores_1.jpg\" alt=\"fig-rotores_1\" style=\"width: 250px\"><\/a><\/td><td class=\"has-text-align-center\" data-align=\"center\"><a href=\"https:\/\/siga.ufpr.br\/siga\/visitante\/trabalhoConclusaoWS?idpessoal=39972&amp;idprograma=40001016040P5&amp;anobase=2018&amp;idtc=1387\" target=\"_blank\" rel=\"noreferrer noopener\"><img decoding=\"async\" src=\"https:\/\/tecnologia.ufpr.br\/gvibs\/wp-content\/uploads\/sites\/63\/2015\/09\/fig_rotores_2.jpg\" alt=\"fig_rotores_2\" style=\"width: 170px\"><\/a>&nbsp;<\/td><td class=\"has-text-align-center\" data-align=\"center\"><a href=\"https:\/\/siga.ufpr.br\/siga\/visitante\/trabalhoConclusaoWS?idpessoal=7445&amp;idprograma=40001016040P5&amp;anobase=2016&amp;idtc=1319\" target=\"_blank\" rel=\"noreferrer noopener\"><img decoding=\"async\" src=\"https:\/\/tecnologia.ufpr.br\/gvibs\/wp-content\/uploads\/sites\/63\/2013\/07\/rotor-4.png\" alt=\"rotor 4\" style=\"width: 200px\"><\/a>&nbsp;<\/td><\/tr><tr><td class=\"has-text-align-center translation-block\" data-align=\"center\">Identification of system parameters<\/td><td class=\"has-text-align-center\" data-align=\"center\">Viscoelastic bearings&nbsp;<\/td><td class=\"has-text-align-center translation-block\" data-align=\"center\">Passive vibration control in rotors<\/td><\/tr><tr><td class=\"has-text-align-center\" data-align=\"center\" colspan=\"3\"><a href=\"http:\/\/dgp.cnpq.br\/dgp\/espelholinha\/8005430326160316141109\" target=\"_blank\" rel=\"noreferrer noopener\"><strong>Hybrid (Passive-Adaptive) Control of Radiated Vibrations and Noise<\/strong><\/a><\/td><\/tr><tr><td class=\"has-text-align-center\" data-align=\"center\">&nbsp;<a href=\"https:\/\/acervodigital.ufpr.br\/handle\/1884\/89409\" target=\"_blank\" rel=\"noreferrer noopener\"><img decoding=\"async\" src=\"https:\/\/tecnologia.ufpr.br\/gvibs\/wp-content\/uploads\/sites\/63\/2015\/09\/fig-hibrido_1.jpg\" alt=\"fig-hibrido_1\" style=\"width: 250px\"><\/a><\/td><td class=\"has-text-align-center\" data-align=\"center\"><a href=\"https:\/\/acervodigital.ufpr.br\/handle\/1884\/61168\" target=\"_blank\" rel=\"noreferrer noopener\"><img decoding=\"async\" style=\"width: 170px\" src=\"https:\/\/tecnologia.ufpr.br\/gvibs\/wp-content\/uploads\/sites\/63\/2015\/09\/fig-hibrido_2.jpg\" alt=\"fig-hibrido_2\"><\/a>&nbsp;<\/td><td class=\"has-text-align-center\" data-align=\"center\"><a href=\"https:\/\/repositorio.ufsc.br\/bitstream\/handle\/123456789\/103189\/247302.pdf?sequence=1\" target=\"_blank\" rel=\"noreferrer noopener\"><img decoding=\"async\" src=\"https:\/\/tecnologia.ufpr.br\/gvibs\/wp-content\/uploads\/sites\/63\/2015\/09\/fig-hibrido_3.jpg\" alt=\"fig-hibrido_3\" style=\"width: 200px\"><\/a>&nbsp;<\/td><\/tr><tr><td class=\"has-text-align-center\" data-align=\"center\">&nbsp;Hybrid, passive\/active-adaptive vibration control<\/td><td class=\"has-text-align-center\" data-align=\"center\">Hybrid dynamic dampers \u2013 electro-viscoelastic&nbsp;<\/td><td class=\"has-text-align-center\" data-align=\"center\">&nbsp;Hybrid, passive\/active-adaptive noise control&nbsp;<\/td><\/tr><tr><td class=\"has-text-align-center\" data-align=\"center\" colspan=\"3\"><a href=\"http:\/\/dgp.cnpq.br\/dgp\/espelholinha\/80054303261603161288864\" target=\"_blank\" rel=\"noreferrer noopener\"><strong>Machine Learning in Rotating Machinery<\/strong><\/a><\/td><\/tr><tr><td class=\"has-text-align-center\" data-align=\"center\"><img decoding=\"async\" src=\"https:\/\/tecnologia.ufpr.br\/gvibs\/wp-content\/uploads\/sites\/63\/2024\/09\/hibrido-m-learning-1.png\" alt=\"\" style=\"width: 270px\">&nbsp;<\/td><td class=\"has-text-align-center\" data-align=\"center\"><a href=\"https:\/\/siga.ufpr.br\/siga\/visitante\/trabalhoConclusaoWS?idpessoal=82200&amp;idprograma=40001016040P5&amp;anobase=2024&amp;idtc=1495\" target=\"_blank\" rel=\"noreferrer noopener\"><img decoding=\"async\" style=\"width: 400px\" src=\"https:\/\/tecnologia.ufpr.br\/gvibs\/wp-content\/uploads\/sites\/63\/2024\/09\/machinery-learning.png\" alt=\"\"><\/a>&nbsp;<\/td><td class=\"has-text-align-center\" data-align=\"center\"><img decoding=\"async\" src=\"https:\/\/tecnologia.ufpr.br\/gvibs\/wp-content\/uploads\/sites\/63\/2024\/09\/hibrido-m-learning-3.png\" alt=\"\" style=\"width: 270px\">&nbsp;<\/td><\/tr><tr><td class=\"has-text-align-center\" data-align=\"center\">Laser Deposition&nbsp;<\/td><td class=\"has-text-align-center\" data-align=\"center\">Model for monitoring mechanical structures&nbsp;<\/td><td class=\"has-text-align-center\" data-align=\"center\">Hybrid machine learning&nbsp;<\/td><\/tr><tr><td class=\"has-text-align-center\" data-align=\"center\" colspan=\"3\"><a href=\"http:\/\/dgp.cnpq.br\/dgp\/espelholinha\/80054303261603161288924\" target=\"_blank\" rel=\"noreferrer noopener\"><strong>Energy Harvesting<\/strong><\/a><\/td><\/tr><tr><td class=\"has-text-align-center\" data-align=\"center\"><img decoding=\"async\" src=\"https:\/\/tecnologia.ufpr.br\/gvibs\/wp-content\/uploads\/sites\/63\/2024\/09\/colheita-de-energia-1-1.png\" alt=\"\">&nbsp;<\/td><td class=\"has-text-align-center\" data-align=\"center\"><a href=\"https:\/\/acervodigital.ufpr.br\/handle\/1884\/80953\" target=\"_blank\" rel=\"noreferrer noopener\"><img decoding=\"async\" src=\"https:\/\/tecnologia.ufpr.br\/gvibs\/wp-content\/uploads\/sites\/63\/2024\/09\/colheita-de-energia-2-1.png\" alt=\"\"><\/a>&nbsp;<\/td><td class=\"has-text-align-center\" data-align=\"center\"><img decoding=\"async\" src=\"https:\/\/tecnologia.ufpr.br\/gvibs\/wp-content\/uploads\/sites\/63\/2024\/09\/colheita-de-energia-3.png\" alt=\"\">&nbsp;<\/td><\/tr><tr><td class=\"has-text-align-center\" data-align=\"center\">Composite system (steel beam and piezoelectric beam)&nbsp;<\/td><td class=\"has-text-align-center\" data-align=\"center\">Composite system with generalized equivalent parameters&nbsp;<\/td><td class=\"has-text-align-center\" data-align=\"center\">Experimental section&nbsp;<\/td><\/tr><tr><td class=\"has-text-align-center\" data-align=\"center\" colspan=\"3\"><a href=\"http:\/\/dgp.cnpq.br\/dgp\/espelholinha\/8005430326160316620143\" target=\"_blank\" rel=\"noreferrer noopener\"><strong>Nonlinear Dynamic Behavior of Mechanical Systems<\/strong><\/a><\/td><\/tr><tr><td class=\"has-text-align-center\" data-align=\"center\"><a href=\"https:\/\/acervodigital.ufpr.br\/handle\/1884\/73342\" target=\"_blank\" rel=\"noreferrer noopener\"><img decoding=\"async\" style=\"width: 200px\" src=\"https:\/\/tecnologia.ufpr.br\/gvibs\/wp-content\/uploads\/sites\/63\/2015\/09\/fig-no-linear_1.jpg\" alt=\"fig-no linear_1\"><\/a>&nbsp;<\/td><td class=\"has-text-align-center\" data-align=\"center\">&nbsp;<a href=\"https:\/\/siga.ufpr.br\/siga\/visitante\/trabalhoConclusaoWS?idpessoal=31572&amp;idprograma=40001016040P5&amp;anobase=2017&amp;idtc=1345\" target=\"_blank\" rel=\"noreferrer noopener\"><img decoding=\"async\" src=\"https:\/\/tecnologia.ufpr.br\/gvibs\/wp-content\/uploads\/sites\/63\/2015\/09\/foto-no-linear_3.jpg\" alt=\"\"><\/a><\/td><td class=\"has-text-align-center\" data-align=\"center\">&nbsp;<a href=\"https:\/\/siga.ufpr.br\/siga\/visitante\/trabalhoConclusaoWS?idpessoal=31572&amp;idprograma=40001016040P5&amp;anobase=2017&amp;idtc=1345\" target=\"_blank\" rel=\"noreferrer noopener\"><img decoding=\"async\" src=\"https:\/\/tecnologia.ufpr.br\/gvibs\/wp-content\/uploads\/sites\/63\/2015\/09\/fig-no-linear_2.jpg\" alt=\"\"><\/a>&nbsp;<\/td><\/tr><tr><td class=\"has-text-align-center\" data-align=\"center\"><a href=\"https:\/\/acervodigital.ufpr.br\/handle\/1884\/73342\" target=\"_blank\" rel=\"noreferrer noopener\">Dynamic viscoelastic neutralizers (DVN) applied to a nonlinear cubic system&nbsp;<\/a><\/td><td class=\"has-text-align-center\" data-align=\"center\"><a href=\"https:\/\/siga.ufpr.br\/siga\/visitante\/trabalhoConclusaoWS?idpessoal=31572&amp;idprograma=40001016040P5&amp;anobase=2017&amp;idtc=1345\" target=\"_blank\" rel=\"noreferrer noopener\">Frequency response curve of a cubic nonlinear system with and without DVN&nbsp;<\/a><\/td><td class=\"has-text-align-center\" data-align=\"center\"><a href=\"https:\/\/siga.ufpr.br\/siga\/visitante\/trabalhoConclusaoWS?idpessoal=31572&amp;idprograma=40001016040P5&amp;anobase=2017&amp;idtc=1345\" target=\"_blank\" rel=\"noreferrer noopener\">Prototype for the study of vibration identification and passive control in a nonlinear system<\/a>&nbsp;<\/td><\/tr><\/tbody><\/table><\/figure>","protected":false},"excerpt":{"rendered":"<p>Caracteriza\u00e7\u00e3o Din\u00e2mica de Materiais Viscoel\u00e1sticos &nbsp; &nbsp; &nbsp; &nbsp;Caracteriza\u00e7\u00e3o Din\u00e2mica Integrada &nbsp;S\u00e9ries de Prony &nbsp;Zenner derivadas de ordem fracion\u00e1ria Controle Passivo de Vibra\u00e7\u00f5es e Ru\u00eddos [&hellip;]<\/p>","protected":false},"author":1113,"featured_media":0,"parent":0,"menu_order":0,"comment_status":"open","ping_status":"open","template":"","meta":{"footnotes":""},"_links":{"self":[{"href":"https:\/\/tecnologia.ufpr.br\/gvibs\/en\/wp-json\/wp\/v2\/pages\/26"}],"collection":[{"href":"https:\/\/tecnologia.ufpr.br\/gvibs\/en\/wp-json\/wp\/v2\/pages"}],"about":[{"href":"https:\/\/tecnologia.ufpr.br\/gvibs\/en\/wp-json\/wp\/v2\/types\/page"}],"author":[{"embeddable":true,"href":"https:\/\/tecnologia.ufpr.br\/gvibs\/en\/wp-json\/wp\/v2\/users\/1113"}],"replies":[{"embeddable":true,"href":"https:\/\/tecnologia.ufpr.br\/gvibs\/en\/wp-json\/wp\/v2\/comments?post=26"}],"version-history":[{"count":39,"href":"https:\/\/tecnologia.ufpr.br\/gvibs\/en\/wp-json\/wp\/v2\/pages\/26\/revisions"}],"predecessor-version":[{"id":1447,"href":"https:\/\/tecnologia.ufpr.br\/gvibs\/en\/wp-json\/wp\/v2\/pages\/26\/revisions\/1447"}],"wp:attachment":[{"href":"https:\/\/tecnologia.ufpr.br\/gvibs\/en\/wp-json\/wp\/v2\/media?parent=26"}],"curies":[{"name":"wp","href":"https:\/\/api.w.org\/{rel}","templated":true}]}}