{"id":1020,"date":"2013-07-18T17:29:21","date_gmt":"2013-07-18T17:29:21","guid":{"rendered":"https:\/\/demec.ufpr.br\/gvibs\/?page_id=2"},"modified":"2026-02-20T17:01:58","modified_gmt":"2026-02-20T20:01:58","slug":"pagina-exemplo-2","status":"publish","type":"page","link":"https:\/\/tecnologia.ufpr.br\/gvibs\/en\/pagina-exemplo-2\/","title":{"rendered":"GVIBS"},"content":{"rendered":"<p class=\" translation-block\"><span style=\"font-family: Verdana,Arial,Helvetica,sans-serif;font-size: small\"> The application of scientific knowledge regarding vibration and sound phenomena is of crucial importance in the design and analysis of the dynamic behavior<\/span><span style=\"font-family: Verdana,Arial,Helvetica,sans-serif;font-size: small\"> of structures, machines, and acoustic cavities, with the aim of improving comfort and safety conditions, as well as extending the service life of mechanical components and systems. Products with reduced levels of vibration and radiated noise are increasingly in demand<\/span><span style=\"font-family: Verdana,Arial,Helvetica,sans-serif;font-size: small\"><img class=\"wp-image-455 alignleft\" src=\"https:\/\/tecnologia.ufpr.br\/gvibs\/wp-content\/uploads\/sites\/63\/2015\/09\/foto-no-linear_3.jpg\" alt=\"foto-no linear_3\" width=\"203\" height=\"152\"><\/span><span style=\"font-family: Verdana,Arial,Helvetica,sans-serif;font-size: small\"> \u2014both nationally and, especially, internationally\u2014<\/span><span style=\"font-family: Verdana,Arial,Helvetica,sans-serif;font-size: small\"> often determining whether markets are won or lost. <\/span><span style=\"font-family: Verdana,Arial,Helvetica,sans-serif;font-size: small\"><\/span><span style=\"font-family: Verdana,Arial,Helvetica,sans-serif;font-size: small\"> The Research Group on Vibrations and Sound in Mechanical Systems (<a href=\"http:\/\/dgp.cnpq.br\/dgp\/espelhogrupo\/8005430326160316\" target=\"_blank\" rel=\"noopener\">GVIBS<\/a>), in a fruitful partnership with the distinguished <\/span><span style=\"font-family: Verdana,Arial,Helvetica,sans-serif;font-size: small\">Prof. <a title=\"Curriuculum Lattes\" href=\"http:\/\/buscatextual.cnpq.br\/buscatextual\/visualizacv.do?id=K4780706A0\" target=\"_blank\" rel=\"noopener\"> Prof. Jos\u00e9 Jo\u00e3o de Esp\u00edndola,<\/a> has<\/span><span style=\"font-family: Verdana,Arial,Helvetica,sans-serif;font-size: small\"> been developing proprietary methodologies for the control of vibrations and<\/span><span style=\"font-family: Verdana,Arial,Helvetica,sans-serif;font-size: small\">radiated<\/span><span style=\"font-family: Verdana,Arial,Helvetica,sans-serif;font-size: small\">noise<\/span><span style=\"font-family: Verdana,Arial,Helvetica,sans-serif;font-size: small\"> through the use of viscoelastic materials and devices, <\/span><span style=\"font-family: Verdana,Arial,Helvetica,sans-serif;font-size: small\"> in both non-rotating <\/span><span style=\"font-family: Verdana,Arial,Helvetica,sans-serif;font-size: small\"> and rotating mechanical systems. The group\u2019s developments are documented in various scientific <\/span><span style=\"font-family: Verdana,Arial,Helvetica,sans-serif;font-size: small\"><\/span><span style=\"font-family: Verdana,Arial,Helvetica,sans-serif;font-size: small\"><\/span><span style=\"font-family: Verdana,Arial,Helvetica,sans-serif;font-size: small\"> papers presented at conferences and published in national and international indexed journals.<\/span><span style=\"font-family: Verdana,Arial,Helvetica,sans-serif;font-size: small\"> As a result of this work<\/span><span style=\"font-family: Verdana,Arial,Helvetica,sans-serif;font-size: small\">, several national and international patents have also been generated.<\/span><span style=\"font-family: Verdana,Arial,Helvetica,sans-serif;font-size: small\"><\/span><\/p>\n<p style=\"text-align: justify\">","protected":false},"excerpt":{"rendered":"<p>A aplica\u00e7\u00e3o de conhecimentos cient\u00edficos relativos a fen\u00f4menos vibrat\u00f3rios e sonoros \u00e9 de crucial import\u00e2ncia no projeto e na an\u00e1lise do comportamento din\u00e2mico de estruturas, [&hellip;]<\/p>","protected":false},"author":1113,"featured_media":0,"parent":0,"menu_order":0,"comment_status":"open","ping_status":"open","template":"","meta":{"footnotes":""},"_links":{"self":[{"href":"https:\/\/tecnologia.ufpr.br\/gvibs\/en\/wp-json\/wp\/v2\/pages\/1020"}],"collection":[{"href":"https:\/\/tecnologia.ufpr.br\/gvibs\/en\/wp-json\/wp\/v2\/pages"}],"about":[{"href":"https:\/\/tecnologia.ufpr.br\/gvibs\/en\/wp-json\/wp\/v2\/types\/page"}],"author":[{"embeddable":true,"href":"https:\/\/tecnologia.ufpr.br\/gvibs\/en\/wp-json\/wp\/v2\/users\/1113"}],"replies":[{"embeddable":true,"href":"https:\/\/tecnologia.ufpr.br\/gvibs\/en\/wp-json\/wp\/v2\/comments?post=1020"}],"version-history":[{"count":1,"href":"https:\/\/tecnologia.ufpr.br\/gvibs\/en\/wp-json\/wp\/v2\/pages\/1020\/revisions"}],"predecessor-version":[{"id":1571,"href":"https:\/\/tecnologia.ufpr.br\/gvibs\/en\/wp-json\/wp\/v2\/pages\/1020\/revisions\/1571"}],"wp:attachment":[{"href":"https:\/\/tecnologia.ufpr.br\/gvibs\/en\/wp-json\/wp\/v2\/media?parent=1020"}],"curies":[{"name":"wp","href":"https:\/\/api.w.org\/{rel}","templated":true}]}}