{"id":974,"date":"2016-08-30T16:31:54","date_gmt":"2016-08-30T16:31:54","guid":{"rendered":"https:\/\/tecnologia.ufpr.br\/dtt\/?page_id=974"},"modified":"2017-05-30T15:08:32","modified_gmt":"2017-05-30T15:08:32","slug":"tcc-trabalho-de-conclusao-de-curso","status":"publish","type":"page","link":"https:\/\/tecnologia.ufpr.br\/dtt\/tcc-trabalho-de-conclusao-de-curso\/","title":{"rendered":"TT071 &#8211; TFC de Engenharia de Transportes I"},"content":{"rendered":"<ul>\n<li><a href=\"https:\/\/tecnologia.ufpr.br\/dtt\/andrea-ribas-lenzi\/\">Prof\u00aa Andrea Ryba Lenzi<\/a><\/li>\n<li><a href=\"https:\/\/tecnologia.ufpr.br\/dtt\/camilo-borges-neto\/\">Prof. Camilo Borges Neto<\/a><\/li>\n<li>Prof\u00aa <a href=\"https:\/\/tecnologia.ufpr.br\/dtt\/daniane-franciesca-vicentini\/\">Daniane Franciesca Vicentini<\/a><\/li>\n<li>Prof. <a href=\"https:\/\/tecnologia.ufpr.br\/dtt\/edu-jose-franco\/\">Edu Jos\u00e9 Franco<\/a><\/li>\n<li>Prof. <a href=\"https:\/\/tecnologia.ufpr.br\/dtt\/garrone-reck\/\">Garrone Reck<\/a><\/li>\n<li>Prof. <a href=\"https:\/\/tecnologia.ufpr.br\/dtt\/joe-arnaldo-villena-del-carpio\/\">Joe Arnaldo Villena del Carpio<\/a><\/li>\n<li>Prof. Jorge Tiago Bastos<\/li>\n<li>Prof. Jos\u00e9 Ricardo Vargas de Faria<\/li>\n<li>Jos\u00e9 Thomaz Mendes Filho<\/li>\n<li>Prof. Luiz Aur\u00e9lio Virtuoso<\/li>\n<li>Prof\u00aa Marcia de Andrade Pereira Bernardinis<\/li>\n<li>Prof. Mario Henrique Furtado Andrade<\/li>\n<li>Prof. Roberto Greg\u00f3rio da Silva Junior<\/li>\n<li>Prof. Wilson Paulo Bettega<\/li>\n<\/ul>\n","protected":false},"excerpt":{"rendered":"<p>Prof\u00aa Andrea Ryba Lenzi Prof. Camilo Borges Neto Prof\u00aa Daniane Franciesca Vicentini Prof. Edu Jos\u00e9 Franco Prof. Garrone Reck Prof. Joe Arnaldo Villena del Carpio Prof. Jorge Tiago Bastos Prof. Jos\u00e9 Ricardo Vargas de Faria Jos\u00e9 Thomaz Mendes Filho Prof. Luiz Aur\u00e9lio Virtuoso Prof\u00aa Marcia de Andrade Pereira Bernardinis Prof. Mario Henrique Furtado Andrade Prof. [&hellip;]<\/p>\n","protected":false},"author":1011,"featured_media":0,"parent":0,"menu_order":0,"comment_status":"closed","ping_status":"closed","template":"","meta":{"footnotes":""},"_links":{"self":[{"href":"https:\/\/tecnologia.ufpr.br\/dtt\/wp-json\/wp\/v2\/pages\/974"}],"collection":[{"href":"https:\/\/tecnologia.ufpr.br\/dtt\/wp-json\/wp\/v2\/pages"}],"about":[{"href":"https:\/\/tecnologia.ufpr.br\/dtt\/wp-json\/wp\/v2\/types\/page"}],"author":[{"embeddable":true,"href":"https:\/\/tecnologia.ufpr.br\/dtt\/wp-json\/wp\/v2\/users\/1011"}],"replies":[{"embeddable":true,"href":"https:\/\/tecnologia.ufpr.br\/dtt\/wp-json\/wp\/v2\/comments?post=974"}],"version-history":[{"count":11,"href":"https:\/\/tecnologia.ufpr.br\/dtt\/wp-json\/wp\/v2\/pages\/974\/revisions"}],"predecessor-version":[{"id":1594,"href":"https:\/\/tecnologia.ufpr.br\/dtt\/wp-json\/wp\/v2\/pages\/974\/revisions\/1594"}],"wp:attachment":[{"href":"https:\/\/tecnologia.ufpr.br\/dtt\/wp-json\/wp\/v2\/media?parent=974"}],"curies":[{"name":"wp","href":"https:\/\/api.w.org\/{rel}","templated":true}]}}