{"id":907,"date":"2016-08-29T14:28:58","date_gmt":"2016-08-29T14:28:58","guid":{"rendered":"https:\/\/tecnologia.ufpr.br\/dtt\/?page_id=907"},"modified":"2022-07-12T11:26:08","modified_gmt":"2022-07-12T14:26:08","slug":"tt049-planejamento-de-transportes","status":"publish","type":"page","link":"https:\/\/tecnologia.ufpr.br\/dtt\/tt049-planejamento-de-transportes\/","title":{"rendered":"TT049 &#8211; Planejamento de Transportes"},"content":{"rendered":"<ul>\n<li><a href=\"https:\/\/tecnologia.ufpr.br\/dtt\/wp-content\/uploads\/sites\/12\/2020\/03\/Cronograma-TT049.pdf\">Cronograma &#8211; 2020 &#8211; 1\u00ba semestre<\/a><\/li>\n<\/ul>\n<hr \/>\n<h3>Material Did\u00e1tico<\/h3>\n<h4>-Introdu\u00e7\u00e3o ao Planejamento e \u00e0 Modelagem de Transportes<\/h4>\n<h6><strong>Notas de aulas<\/strong><\/h6>\n<ul>\n<li><a href=\"https:\/\/tecnologia.ufpr.br\/dtt\/wp-content\/uploads\/sites\/12\/2020\/03\/Aula-01.pdf\">Aula 01<\/a><\/li>\n<li><a href=\"https:\/\/tecnologia.ufpr.br\/dtt\/wp-content\/uploads\/sites\/12\/2020\/03\/Aula-02.pdf\">Aula 02<\/a><\/li>\n<li><a href=\"https:\/\/tecnologia.ufpr.br\/dtt\/wp-content\/uploads\/sites\/12\/2020\/03\/Aula-03.pdf\">Aulas 03 e 04<\/a><\/li>\n<\/ul>\n<h6><strong>Exerc\u00edcios<\/strong><\/h6>\n<ul>\n<li><a href=\"https:\/\/tecnologia.ufpr.br\/dtt\/wp-content\/uploads\/sites\/12\/2020\/03\/Exerc\u00edcios-Lista-1.pdf\">Exerc\u00edcios 01<\/a><\/li>\n<\/ul>\n<hr \/>\n<h4><strong>-Introdu\u00e7\u00e3o \u00e0 Engenharia de Tr\u00e1fego (<\/strong><strong>Professor Pedro Akishino)<\/strong><\/h4>\n<h6><strong>Apostila<\/strong><\/h6>\n<ul>\n<li><a href=\"https:\/\/tecnologia.ufpr.br\/dtt\/wp-content\/uploads\/sites\/12\/2020\/03\/Capa_Introd.-Eng.Trafego-.ppt\">Capa<\/a><\/li>\n<li><a href=\"https:\/\/tecnologia.ufpr.br\/dtt\/wp-content\/uploads\/sites\/12\/2018\/02\/Indice.pdf\">\u00cdndice<\/a><\/li>\n<li><a href=\"https:\/\/tecnologia.ufpr.br\/dtt\/wp-content\/uploads\/sites\/12\/2018\/02\/PlanejTranspCap01.pdf\">Cap\u00edtulo 1<\/a><\/li>\n<li><a href=\"https:\/\/tecnologia.ufpr.br\/dtt\/wp-content\/uploads\/sites\/12\/2018\/02\/PlanejTranspCap02.pdf\">Cap\u00edtulo 2<\/a><\/li>\n<li><a href=\"https:\/\/tecnologia.ufpr.br\/dtt\/wp-content\/uploads\/sites\/12\/2018\/02\/PlanejTranspCap03.pdf\">Cap\u00edtulo 3<\/a><\/li>\n<li><a href=\"https:\/\/tecnologia.ufpr.br\/dtt\/wp-content\/uploads\/sites\/12\/2018\/02\/PlanejTranspCap04.pdf\">Cap\u00edtulo 4<\/a><\/li>\n<li><a href=\"https:\/\/tecnologia.ufpr.br\/dtt\/wp-content\/uploads\/sites\/12\/2018\/02\/PlanejTranspCap05.pdf\">Cap\u00edtulo 5<\/a><\/li>\n<li><a href=\"https:\/\/tecnologia.ufpr.br\/dtt\/wp-content\/uploads\/sites\/12\/2018\/02\/PlanejTranspCap06.pdf\">Cap\u00edtulo 6<\/a><\/li>\n<li><a href=\"https:\/\/tecnologia.ufpr.br\/dtt\/wp-content\/uploads\/sites\/12\/2018\/02\/PlanejTranspCap07.pdf\">Cap\u00edtulo 7<\/a><\/li>\n<li><a href=\"https:\/\/tecnologia.ufpr.br\/dtt\/wp-content\/uploads\/sites\/12\/2018\/02\/PlanejTranspCap08.pdf\">Cap\u00edtulo 8<\/a><\/li>\n<\/ul>\n<h6><strong>Apresenta\u00e7\u00f5es<\/strong><\/h6>\n<ul>\n<li><a href=\"https:\/\/tecnologia.ufpr.br\/dtt\/wp-content\/uploads\/sites\/12\/2020\/03\/Introd_Trafego_Aula_1_2.ppt\">Apresenta\u00e7\u00e3o 1 e 2<\/a><\/li>\n<li><a href=\"https:\/\/tecnologia.ufpr.br\/dtt\/wp-content\/uploads\/sites\/12\/2020\/03\/Introd_Trafego_Aula_3.ppt\">Apresenta\u00e7\u00e3o\u00a03<\/a><\/li>\n<li><a href=\"https:\/\/tecnologia.ufpr.br\/dtt\/wp-content\/uploads\/sites\/12\/2020\/03\/Introd_Trafego_Aula_4.ppt\">Apresenta\u00e7\u00e3o\u00a04<\/a><\/li>\n<li><a href=\"https:\/\/tecnologia.ufpr.br\/dtt\/wp-content\/uploads\/sites\/12\/2020\/03\/Introd_Trafego_Aula_5.ppt\">Apresenta\u00e7\u00e3o\u00a05<\/a><\/li>\n<\/ul>\n\n\n<ul><li><a href=\"https:\/\/tecnologia.ufpr.br\/dtt\/wp-content\/uploads\/sites\/12\/2020\/03\/Exerc\u00edcios-Lista-1.pdf\">Exerc\u00edcios 01<\/a><\/li><\/ul>\n\n\n\n<hr class=\"wp-block-separator\" \/>\n\n\n\n<h4 class=\"wp-block-heading\"><strong>&#8211; Manual de <\/strong>Estudos de Tr\u00e1fego &#8211; DNIT<\/h4>\n\n\n\n<p><a href=\"https:\/\/tecnologia.ufpr.br\/dtt\/wp-content\/uploads\/sites\/12\/2022\/07\/manual_estudos_trafego.pdf\">Manual<\/a><\/p>\n\n\n\n<p><\/p>\n","protected":false},"excerpt":{"rendered":"<p>Cronograma &#8211; 2020 &#8211; 1\u00ba semestre Material Did\u00e1tico -Introdu\u00e7\u00e3o ao Planejamento e \u00e0 Modelagem de Transportes Notas de aulas Aula 01 Aula 02 Aulas 03 e 04 Exerc\u00edcios Exerc\u00edcios 01 -Introdu\u00e7\u00e3o \u00e0 Engenharia de Tr\u00e1fego (Professor Pedro Akishino) Apostila Capa \u00cdndice Cap\u00edtulo 1 Cap\u00edtulo 2 Cap\u00edtulo 3 Cap\u00edtulo 4 Cap\u00edtulo 5 Cap\u00edtulo 6 Cap\u00edtulo 7 [&hellip;]<\/p>\n","protected":false},"author":1011,"featured_media":0,"parent":0,"menu_order":0,"comment_status":"closed","ping_status":"closed","template":"","meta":{"footnotes":""},"_links":{"self":[{"href":"https:\/\/tecnologia.ufpr.br\/dtt\/wp-json\/wp\/v2\/pages\/907"}],"collection":[{"href":"https:\/\/tecnologia.ufpr.br\/dtt\/wp-json\/wp\/v2\/pages"}],"about":[{"href":"https:\/\/tecnologia.ufpr.br\/dtt\/wp-json\/wp\/v2\/types\/page"}],"author":[{"embeddable":true,"href":"https:\/\/tecnologia.ufpr.br\/dtt\/wp-json\/wp\/v2\/users\/1011"}],"replies":[{"embeddable":true,"href":"https:\/\/tecnologia.ufpr.br\/dtt\/wp-json\/wp\/v2\/comments?post=907"}],"version-history":[{"count":68,"href":"https:\/\/tecnologia.ufpr.br\/dtt\/wp-json\/wp\/v2\/pages\/907\/revisions"}],"predecessor-version":[{"id":4102,"href":"https:\/\/tecnologia.ufpr.br\/dtt\/wp-json\/wp\/v2\/pages\/907\/revisions\/4102"}],"wp:attachment":[{"href":"https:\/\/tecnologia.ufpr.br\/dtt\/wp-json\/wp\/v2\/media?parent=907"}],"curies":[{"name":"wp","href":"https:\/\/api.w.org\/{rel}","templated":true}]}}