{"id":863,"date":"2016-08-19T19:40:41","date_gmt":"2016-08-19T19:40:41","guid":{"rendered":"https:\/\/tecnologia.ufpr.br\/dtt\/?page_id=863"},"modified":"2018-07-27T14:27:44","modified_gmt":"2018-07-27T17:27:44","slug":"tt051-pavimentacao","status":"publish","type":"page","link":"https:\/\/tecnologia.ufpr.br\/dtt\/tt051-pavimentacao\/","title":{"rendered":"TT051 &#8211; Pavimenta\u00e7\u00e3o"},"content":{"rendered":"<ul>\n<li><a href=\"http:\/\/www.dtt.ufpr.br\/Pavimentacao\/notas.htm\" target=\"_blank\" rel=\"noopener\">Notas de aula<\/a> (slides Prof. M\u00e1rio H. Andrade, 2012).<\/li>\n<li>Livro (gratuito): Pavimenta\u00e7\u00e3o Asf\u00e1ltica. Forma\u00e7\u00e3o b\u00e1sica para engenheiros \u2013 L. Bernucci, L. Motta, J. Ceratti e J. Soares. Programa Asfalto na Universidade \u2013 Proasfalto, Petrobr\u00e1s e <a href=\"http:\/\/www.abeda.org.br\/livros\/\" target=\"_blank\" rel=\"noopener\">ABEDA<\/a>\u00a0(para fazer o download gratuito \u00e9 necess\u00e1rio clicar no link e fazer um breve cadastro).<\/li>\n<\/ul>\n","protected":false},"excerpt":{"rendered":"<p>Notas de aula (slides Prof. M\u00e1rio H. Andrade, 2012). Livro (gratuito): Pavimenta\u00e7\u00e3o Asf\u00e1ltica. Forma\u00e7\u00e3o b\u00e1sica para engenheiros \u2013 L. Bernucci, L. Motta, J. Ceratti e J. Soares. Programa Asfalto na Universidade \u2013 Proasfalto, Petrobr\u00e1s e ABEDA\u00a0(para fazer o download gratuito \u00e9 necess\u00e1rio clicar no link e fazer um breve cadastro).<\/p>\n","protected":false},"author":1011,"featured_media":0,"parent":0,"menu_order":0,"comment_status":"closed","ping_status":"closed","template":"","meta":{"footnotes":""},"_links":{"self":[{"href":"https:\/\/tecnologia.ufpr.br\/dtt\/wp-json\/wp\/v2\/pages\/863"}],"collection":[{"href":"https:\/\/tecnologia.ufpr.br\/dtt\/wp-json\/wp\/v2\/pages"}],"about":[{"href":"https:\/\/tecnologia.ufpr.br\/dtt\/wp-json\/wp\/v2\/types\/page"}],"author":[{"embeddable":true,"href":"https:\/\/tecnologia.ufpr.br\/dtt\/wp-json\/wp\/v2\/users\/1011"}],"replies":[{"embeddable":true,"href":"https:\/\/tecnologia.ufpr.br\/dtt\/wp-json\/wp\/v2\/comments?post=863"}],"version-history":[{"count":3,"href":"https:\/\/tecnologia.ufpr.br\/dtt\/wp-json\/wp\/v2\/pages\/863\/revisions"}],"predecessor-version":[{"id":2260,"href":"https:\/\/tecnologia.ufpr.br\/dtt\/wp-json\/wp\/v2\/pages\/863\/revisions\/2260"}],"wp:attachment":[{"href":"https:\/\/tecnologia.ufpr.br\/dtt\/wp-json\/wp\/v2\/media?parent=863"}],"curies":[{"name":"wp","href":"https:\/\/api.w.org\/{rel}","templated":true}]}}