{"id":68,"date":"2016-07-14T20:38:02","date_gmt":"2016-07-14T20:38:02","guid":{"rendered":"https:\/\/tecnologia.ufpr.br\/dtt\/?page_id=68"},"modified":"2020-08-04T10:15:44","modified_gmt":"2020-08-04T13:15:44","slug":"ementas-2","status":"publish","type":"page","link":"https:\/\/tecnologia.ufpr.br\/dtt\/ementas-2\/","title":{"rendered":"Ementas"},"content":{"rendered":"<h5>As ementas de disciplinas s\u00e3o compostas pelas Fichas 1 (Parte Permanente) e 2 (Parte Vari\u00e1vel).<\/h5>\n<h4>\u00a0<h2 id=\"tablepress-4-name\" class=\"tablepress-table-name tablepress-table-name-id-4\">Ementas<\/h2>\n\n<table id=\"tablepress-4\" class=\"tablepress tablepress-id-4\" aria-labelledby=\"tablepress-4-name\" aria-describedby=\"tablepress-4-description\">\n<thead>\n<tr class=\"row-1 odd\">\n\t<th class=\"column-1\">C\u00f3digo <\/th><th class=\"column-2\">Disciplina <\/th><th class=\"column-3\">Ficha 01<\/th><th class=\"column-4\">  Ficha 02<\/th>\n<\/tr>\n<\/thead>\n<tbody class=\"row-hover\">\n<tr class=\"row-2 even\">\n\t<td class=\"column-1\">TT007<\/td><td class=\"column-2\">Economia <\/td><td class=\"column-3\"><a href=\"https:\/\/tecnologia.ufpr.br\/dtt\/wp-content\/uploads\/sites\/12\/2019\/08\/Ficha1_TT007.pdf\">TT007<\/a><\/td><td class=\"column-4\"><a href=\"https:\/\/tecnologia.ufpr.br\/dtt\/wp-content\/uploads\/sites\/12\/2020\/02\/Ficha2_TT007.pdf\">TT007<\/a><\/td>\n<\/tr>\n<tr class=\"row-3 odd\">\n\t<td class=\"column-1\">TT008<\/td><td class=\"column-2\">Administra\u00e7\u00e3o <\/td><td class=\"column-3\"><a href=\"https:\/\/tecnologia.ufpr.br\/dtt\/wp-content\/uploads\/sites\/12\/2020\/02\/Ficha1_TT008-3.pdf\">TT008<\/a><\/td><td class=\"column-4\"><a href=\"https:\/\/tecnologia.ufpr.br\/dtt\/wp-content\/uploads\/sites\/12\/2020\/02\/Ficha2_TT008.pdf\">TT008<\/a><\/td>\n<\/tr>\n<tr class=\"row-4 even\">\n\t<td class=\"column-1\">TT046<\/td><td class=\"column-2\">Sistemas de Transportes <\/td><td class=\"column-3\"><a href=\"https:\/\/tecnologia.ufpr.br\/dtt\/wp-content\/uploads\/sites\/12\/2020\/02\/Ficha1_TT046.pdf\">TT046<\/a><\/td><td class=\"column-4\"><a href=\"https:\/\/tecnologia.ufpr.br\/dtt\/wp-content\/uploads\/sites\/12\/2020\/02\/Ficha2_TT046.pdf\">TT046<\/a><\/td>\n<\/tr>\n<tr class=\"row-5 odd\">\n\t<td class=\"column-1\">TT047<\/td><td class=\"column-2\">Equipamento de Constru\u00e7\u00e3o e Conserva\u00e7\u00e3o <\/td><td class=\"column-3\"><a href=\"https:\/\/tecnologia.ufpr.br\/dtt\/wp-content\/uploads\/sites\/12\/2020\/02\/Ficha1_TT047.pdf\">TT047<\/a><\/td><td class=\"column-4\"><a href=\"https:\/\/tecnologia.ufpr.br\/dtt\/wp-content\/uploads\/sites\/12\/2020\/02\/Ficha2_TT047.pdf\">TT047<\/a><\/td>\n<\/tr>\n<tr class=\"row-6 even\">\n\t<td class=\"column-1\">TT048<\/td><td class=\"column-2\">Infra Estrutura Vi\u00e1ria <\/td><td class=\"column-3\"><a href=\"https:\/\/tecnologia.ufpr.br\/dtt\/wp-content\/uploads\/sites\/12\/2017\/01\/TT048-Insfraestrutura-Vi\u00e1ria-Ficha-01.pdf\">TT048<\/a><\/td><td class=\"column-4\"><a href=\"https:\/\/tecnologia.ufpr.br\/dtt\/wp-content\/uploads\/sites\/12\/2017\/01\/TT048-Infra-Estrutura-Viaria-Ficha-02.pdf\">TT048<\/a><\/td>\n<\/tr>\n<tr class=\"row-7 odd\">\n\t<td class=\"column-1\">TT049<\/td><td class=\"column-2\">Planejamento de Transportes <\/td><td class=\"column-3\"><a href=\"https:\/\/tecnologia.ufpr.br\/dtt\/wp-content\/uploads\/sites\/12\/2017\/01\/TT049-Planejamento-de-Transportes-Ficha-01.pdf\">TT049<\/a><\/td><td class=\"column-4\"><a href=\"https:\/\/tecnologia.ufpr.br\/dtt\/wp-content\/uploads\/sites\/12\/2017\/01\/TT049-PlanejamTransportes-Ficha-02.pdf\">TT049<\/a><\/td>\n<\/tr>\n<tr class=\"row-8 even\">\n\t<td class=\"column-1\">TT051<\/td><td class=\"column-2\">Pavimenta\u00e7\u00e3o <\/td><td class=\"column-3\"><a href=\"https:\/\/tecnologia.ufpr.br\/dtt\/wp-content\/uploads\/sites\/12\/2020\/02\/Ficha1_TT051.pdf\">TT051<\/a><\/td><td class=\"column-4\"><a href=\"https:\/\/tecnologia.ufpr.br\/dtt\/wp-content\/uploads\/sites\/12\/2020\/02\/Ficha2_TT051.pdf\">TT051<\/a><\/td>\n<\/tr>\n<tr class=\"row-9 odd\">\n\t<td class=\"column-1\">TT056<\/td><td class=\"column-2\">Engenharia de Tr\u00e1fego <\/td><td class=\"column-3\"><a href=\"https:\/\/tecnologia.ufpr.br\/dtt\/wp-content\/uploads\/sites\/12\/2020\/02\/Ficha1_TT056.pdf\">TT056<\/a><\/td><td class=\"column-4\"><a href=\"https:\/\/tecnologia.ufpr.br\/dtt\/wp-content\/uploads\/sites\/12\/2020\/02\/Ficha2_TT056.pdf\">TT056<\/a><\/td>\n<\/tr>\n<tr class=\"row-10 even\">\n\t<td class=\"column-1\">TT057<\/td><td class=\"column-2\">Transporte P\u00fablico <\/td><td class=\"column-3\"><a href=\"https:\/\/tecnologia.ufpr.br\/dtt\/wp-content\/uploads\/sites\/12\/2020\/02\/Ficha1_TT057.pdf\">TT057<\/a><\/td><td class=\"column-4\"><a href=\"https:\/\/tecnologia.ufpr.br\/dtt\/wp-content\/uploads\/sites\/12\/2020\/02\/Ficha2_TT057.pdf\">TT057<\/a><\/td>\n<\/tr>\n<tr class=\"row-11 odd\">\n\t<td class=\"column-1\">TT058<\/td><td class=\"column-2\">Log\u00edstica de Transportes <\/td><td class=\"column-3\"><a href=\"https:\/\/tecnologia.ufpr.br\/dtt\/wp-content\/uploads\/sites\/12\/2020\/02\/Ficha1_TT058.pdf\">TT058<\/a><\/td><td class=\"column-4\"><a href=\"https:\/\/tecnologia.ufpr.br\/dtt\/wp-content\/uploads\/sites\/12\/2020\/02\/Ficha2_TT058.pdf\">TT058<\/a><\/td>\n<\/tr>\n<tr class=\"row-12 even\">\n\t<td class=\"column-1\">TT059<\/td><td class=\"column-2\">Avalia\u00e7\u00e3o de Impactos Ambientais<\/td><td class=\"column-3\"><a href=\"https:\/\/tecnologia.ufpr.br\/dtt\/wp-content\/uploads\/sites\/12\/2017\/02\/TT059-Avalia\u00e7\u00e3oImpactosAmbientais-Ficha-01.pdf\">TT059<\/a><\/td><td class=\"column-4\"><\/td>\n<\/tr>\n<tr class=\"row-13 odd\">\n\t<td class=\"column-1\">TT060<\/td><td class=\"column-2\">Modelagem e Planejamento de Transportes Urbanos<\/td><td class=\"column-3\"><a href=\"https:\/\/tecnologia.ufpr.br\/dtt\/wp-content\/uploads\/sites\/12\/2017\/02\/TT060-ModelagemPlanejamTranspUrbanos-Ficha-01.pdf\">TT060<\/a><\/td><td class=\"column-4\"><a href=\"https:\/\/tecnologia.ufpr.br\/dtt\/wp-content\/uploads\/sites\/12\/2017\/02\/TT060-ModelagemPlanejamTranspUrbanos-Ficha-02.pdf\">TT060<\/a><\/td>\n<\/tr>\n<tr class=\"row-14 even\">\n\t<td class=\"column-1\">TT061<\/td><td class=\"column-2\">Seguran\u00e7a Vi\u00e1ria <\/td><td class=\"column-3\"><a href=\"https:\/\/tecnologia.ufpr.br\/dtt\/wp-content\/uploads\/sites\/12\/2017\/02\/TT061-SegurancaViaria-Ficha-01.pdf\">TT061<\/a><\/td><td class=\"column-4\"><a href=\"https:\/\/tecnologia.ufpr.br\/dtt\/wp-content\/uploads\/sites\/12\/2017\/02\/TT061-SegurancaViaria-Ficha-02.pdf\">TT061<\/a><\/td>\n<\/tr>\n<tr class=\"row-15 odd\">\n\t<td class=\"column-1\">TT062<\/td><td class=\"column-2\">T\u00f3picos Avan\u00e7ados em Pavimenta\u00e7\u00e3o <\/td><td class=\"column-3\"><a href=\"https:\/\/tecnologia.ufpr.br\/dtt\/wp-content\/uploads\/sites\/12\/2020\/02\/Ficha1_TT062.pdf\">TT062<\/a><\/td><td class=\"column-4\"><a href=\"https:\/\/tecnologia.ufpr.br\/dtt\/wp-content\/uploads\/sites\/12\/2020\/02\/Ficha2_TT062.pdf\">TT062<\/a><\/td>\n<\/tr>\n<tr class=\"row-16 even\">\n\t<td class=\"column-1\">TT063<\/td><td class=\"column-2\">Gerenciamento de Rodovias Urbanas  <\/td><td class=\"column-3\"><a href=\"https:\/\/tecnologia.ufpr.br\/dtt\/wp-content\/uploads\/sites\/12\/2017\/02\/TT063-GerenciamentoRodoviasViasUrbanas-Ficha-01.pdf\">TT063<\/a><\/td><td class=\"column-4\"><a href=\"https:\/\/tecnologia.ufpr.br\/dtt\/wp-content\/uploads\/sites\/12\/2017\/02\/TT063-GerenciamentoRodoviasViasUrbanas-Ficha-02.pdf\">TT063<\/a><\/td>\n<\/tr>\n<tr class=\"row-17 odd\">\n\t<td class=\"column-1\">TT064<\/td><td class=\"column-2\">Projetos Obras Vi\u00e1rias <\/td><td class=\"column-3\"><a href=\"https:\/\/tecnologia.ufpr.br\/dtt\/wp-content\/uploads\/sites\/12\/2017\/02\/TT064-ProjetosObrasViarias-Ficha-01.pdf\">TT064<\/a><\/td><td class=\"column-4\"><a href=\"https:\/\/tecnologia.ufpr.br\/dtt\/wp-content\/uploads\/sites\/12\/2017\/02\/TT064-ProjetosObrasViarias-Ficha-02.pdf\">TT064<\/a><\/td>\n<\/tr>\n<tr class=\"row-18 even\">\n\t<td class=\"column-1\">TT065 <\/td><td class=\"column-2\">Geotecnia Aplicada as Vias de Transportes<\/td><td class=\"column-3\"><a href=\"https:\/\/tecnologia.ufpr.br\/dtt\/wp-content\/uploads\/sites\/12\/2017\/02\/TT066-Ferrovias-Ficha-01.pdf\">TT065<\/a><\/td><td class=\"column-4\"><a href=\"https:\/\/tecnologia.ufpr.br\/dtt\/wp-content\/uploads\/sites\/12\/2017\/02\/TT065-GeotecniaAplicViasTransp-Ficha-02.pdf\">TT065<\/a><\/td>\n<\/tr>\n<tr class=\"row-19 odd\">\n\t<td class=\"column-1\">TT066<\/td><td class=\"column-2\">Ferrovias<\/td><td class=\"column-3\"><a href=\"https:\/\/tecnologia.ufpr.br\/dtt\/wp-content\/uploads\/sites\/12\/2020\/02\/Ficha1_TT066.pdf\">TT066<\/a><\/td><td class=\"column-4\"><a href=\"https:\/\/tecnologia.ufpr.br\/dtt\/wp-content\/uploads\/sites\/12\/2020\/02\/Ficha2_TT066.pdf\">TT066<\/a><\/td>\n<\/tr>\n<tr class=\"row-20 even\">\n\t<td class=\"column-1\">TT067<\/td><td class=\"column-2\">Portos e Hidrovias<\/td><td class=\"column-3\"><a href=\"https:\/\/tecnologia.ufpr.br\/dtt\/wp-content\/uploads\/sites\/12\/2017\/02\/TT067-Portos-e-Hidrovias-Ficha-01.pdf\">TT067<\/a><\/td><td class=\"column-4\"><\/td>\n<\/tr>\n<tr class=\"row-21 odd\">\n\t<td class=\"column-1\">TT068<\/td><td class=\"column-2\">Introdu\u00e7\u00e3o a Engenharia de Seguran\u00e7a do Trabalho<\/td><td class=\"column-3\"><a href=\"https:\/\/tecnologia.ufpr.br\/dtt\/wp-content\/uploads\/sites\/12\/2020\/02\/Ficha1_TT068.pdf\">TT068<\/a><\/td><td class=\"column-4\"><a href=\"https:\/\/tecnologia.ufpr.br\/dtt\/wp-content\/uploads\/sites\/12\/2020\/02\/Ficha2_TT068.pdf\">TT068<\/a><\/td>\n<\/tr>\n<tr class=\"row-22 even\">\n\t<td class=\"column-1\">TT071<\/td><td class=\"column-2\">Trabalho Final de Curso em Eng. de Transportes I<\/td><td class=\"column-3\"><a href=\"https:\/\/tecnologia.ufpr.br\/dtt\/wp-content\/uploads\/sites\/12\/2017\/02\/TT071-Trabalho-Final-de-Curso-em-Engenharia-de-Transportes-I.pdf\">TT071<\/a><\/td><td class=\"column-4\"><\/td>\n<\/tr>\n<tr class=\"row-23 odd\">\n\t<td class=\"column-1\">TT072<\/td><td class=\"column-2\">Trabalho de Final de Curso de Eng. de Trasnportes II <\/td><td class=\"column-3\"><a href=\"https:\/\/tecnologia.ufpr.br\/dtt\/wp-content\/uploads\/sites\/12\/2017\/02\/TT072-Trabalho-Final-de-Curso-em-Engenharia-de-Transportes-II-2B.pdf\">TT072<\/a><\/td><td class=\"column-4\"><\/td>\n<\/tr>\n<tr class=\"row-24 even\">\n\t<td class=\"column-1\">TT080<\/td><td class=\"column-2\">Economia Cartogr\u00e1fica e Ambiental <\/td><td class=\"column-3\"><a href=\"https:\/\/tecnologia.ufpr.br\/dtt\/wp-content\/uploads\/sites\/12\/2020\/02\/Ficha1_TT080.pdf\">TT080<\/a><\/td><td class=\"column-4\"><a href=\"https:\/\/tecnologia.ufpr.br\/dtt\/wp-content\/uploads\/sites\/12\/2020\/02\/Ficha2_TT080.pdf\">TT080<\/a><\/td>\n<\/tr>\n<tr class=\"row-25 odd\">\n\t<td class=\"column-1\">TT081<\/td><td class=\"column-2\">Administra\u00e7\u00e3o de Empresas<\/td><td class=\"column-3\"><a href=\"https:\/\/tecnologia.ufpr.br\/dtt\/wp-content\/uploads\/sites\/12\/2020\/02\/Ficha1_TT081.pdf\">TT081<\/a><\/td><td class=\"column-4\"><a href=\"https:\/\/tecnologia.ufpr.br\/dtt\/wp-content\/uploads\/sites\/12\/2020\/02\/Ficha2_TT081.pdf\">TT081<\/a><\/td>\n<\/tr>\n<tr class=\"row-26 even\">\n\t<td class=\"column-1\">TT084<\/td><td class=\"column-2\">Aeroportos <\/td><td class=\"column-3\"><a href=\"https:\/\/tecnologia.ufpr.br\/dtt\/wp-content\/uploads\/sites\/12\/2020\/02\/Ficha1_TT084.pdf\">TT084<\/a><\/td><td class=\"column-4\"><a href=\"https:\/\/tecnologia.ufpr.br\/dtt\/wp-content\/uploads\/sites\/12\/2020\/02\/Ficha1_TT084-2.pdf\">TT084<\/a><\/td>\n<\/tr>\n<tr class=\"row-27 odd\">\n\t<td class=\"column-1\">TTi001<\/td><td class=\"column-2\">T\u00f3picos em Administra\u00e7\u00e3o e ou em Economia (Mobilidade<\/td><td class=\"column-3\"><a href=\"https:\/\/tecnologia.ufpr.br\/dtt\/wp-content\/uploads\/sites\/12\/2018\/11\/TTi001.pdf\">TTI001<\/a><\/td><td class=\"column-4\"><\/td>\n<\/tr>\n<tr class=\"row-28 even\">\n\t<td class=\"column-1\">TTi001-2<\/td><td class=\"column-2\">Planejamento e Infraestrutura de Transportes (Mobilidade<\/td><td class=\"column-3\"><a href=\"https:\/\/tecnologia.ufpr.br\/dtt\/wp-content\/uploads\/sites\/12\/2018\/11\/TTi001-2.pdf\">TTi001-2<\/a><\/td><td class=\"column-4\"><\/td>\n<\/tr>\n<tr class=\"row-29 odd\">\n\t<td class=\"column-1\">TT082<\/td><td class=\"column-2\">Projeto de Obras Vi\u00e1rias e Planejamento Urbano<\/td><td class=\"column-3\"><a href=\"http:\/\/Projeto de Obras Vi\u00e1rias e Planejamento Urbano\">TT082<\/a><\/td><td class=\"column-4\"><a href=\"https:\/\/tecnologia.ufpr.br\/dtt\/wp-content\/uploads\/sites\/12\/2020\/02\/Ficha2_TT082.pdf\">TT082<\/a><\/td>\n<\/tr>\n<tr class=\"row-30 even\">\n\t<td class=\"column-1\">TT086<\/td><td class=\"column-2\">Estado, Desenvolvimento e Engenharia<\/td><td class=\"column-3\"><a href=\"http:\/\/Estado, Desenvolvimento e Engenharia\">TT086<\/a><\/td><td class=\"column-4\"><a href=\"https:\/\/tecnologia.ufpr.br\/dtt\/wp-content\/uploads\/sites\/12\/2020\/02\/Ficha2_TT086.pdf\">TT086<\/a><\/td>\n<\/tr>\n<tr class=\"row-31 odd\">\n\t<td class=\"column-1\">TT087<\/td><td class=\"column-2\">Transportes sustent\u00e1veis: uma introdu\u00e7\u00e3o \u00e0 mobilidade el\u00e9trica<\/td><td class=\"column-3\"><a href=\"https:\/\/tecnologia.ufpr.br\/dtt\/wp-content\/uploads\/sites\/12\/2023\/03\/TT087-FICHA-1.pdf\">TT087<\/a><\/td><td class=\"column-4\"><a href=\"https:\/\/tecnologia.ufpr.br\/dtt\/wp-content\/uploads\/sites\/12\/2023\/03\/Ficha2-457807-3.pdf\">TT087<\/a><\/td>\n<\/tr>\n<\/tbody>\n<\/table>\n<span id=\"tablepress-4-description\" class=\"tablepress-table-description tablepress-table-description-id-4\">Ementas 2017\/2018<\/span>\n<!-- #tablepress-4 from cache --><\/h4>\n<h4><\/h4>\n","protected":false},"excerpt":{"rendered":"<p>As ementas de disciplinas s\u00e3o compostas pelas Fichas 1 (Parte Permanente) e 2 (Parte Vari\u00e1vel). \u00a0<\/p>\n","protected":false},"author":1011,"featured_media":0,"parent":0,"menu_order":0,"comment_status":"closed","ping_status":"closed","template":"","meta":{"footnotes":""},"_links":{"self":[{"href":"https:\/\/tecnologia.ufpr.br\/dtt\/wp-json\/wp\/v2\/pages\/68"}],"collection":[{"href":"https:\/\/tecnologia.ufpr.br\/dtt\/wp-json\/wp\/v2\/pages"}],"about":[{"href":"https:\/\/tecnologia.ufpr.br\/dtt\/wp-json\/wp\/v2\/types\/page"}],"author":[{"embeddable":true,"href":"https:\/\/tecnologia.ufpr.br\/dtt\/wp-json\/wp\/v2\/users\/1011"}],"replies":[{"embeddable":true,"href":"https:\/\/tecnologia.ufpr.br\/dtt\/wp-json\/wp\/v2\/comments?post=68"}],"version-history":[{"count":28,"href":"https:\/\/tecnologia.ufpr.br\/dtt\/wp-json\/wp\/v2\/pages\/68\/revisions"}],"predecessor-version":[{"id":3975,"href":"https:\/\/tecnologia.ufpr.br\/dtt\/wp-json\/wp\/v2\/pages\/68\/revisions\/3975"}],"wp:attachment":[{"href":"https:\/\/tecnologia.ufpr.br\/dtt\/wp-json\/wp\/v2\/media?parent=68"}],"curies":[{"name":"wp","href":"https:\/\/api.w.org\/{rel}","templated":true}]}}