{"id":3539,"date":"2019-11-30T03:15:41","date_gmt":"2019-11-30T05:15:41","guid":{"rendered":"https:\/\/tecnologia.ufpr.br\/dtt\/?page_id=3539"},"modified":"2019-12-06T20:23:58","modified_gmt":"2019-12-06T22:23:58","slug":"disciplinas-planejamento-e-infraestrutura-de-sistemas-de-transportes","status":"publish","type":"page","link":"https:\/\/tecnologia.ufpr.br\/dtt\/disciplinas-planejamento-e-infraestrutura-de-sistemas-de-transportes\/","title":{"rendered":"Disciplinas &#8211; Planejamento e Infraestrutura de Sistemas de Transportes"},"content":{"rendered":"\n<p>As disciplinas s\u00e3o divididas em tr\u00eas eixos: Planejamento, Infraestrutura e Mobilidade Sustent\u00e1vel.<\/p>\n\n\n\n<p><strong>Planejamento de Transportes<\/strong><\/p>\n\n\n\n<ul><li>Fundamentos de Engenharia de Transportes<\/li><\/ul>\n\n\n\n<ul><li>Modelagem e Medidas de Gerenciamento da Demanda nos Transportes Urbanos<\/li><\/ul>\n\n\n\n<ul><li>Engenharia de Tr\u00e1fego Rodovi\u00e1rio<\/li><\/ul>\n\n\n\n<ul><li>Avalia\u00e7\u00e3o Econ\u00f4mica de Projetos <\/li><\/ul>\n\n\n\n<ul><li>Polos Geradores de Viagens (PGV)<\/li><\/ul>\n\n\n\n<ul><li>Seguran\u00e7a Vi\u00e1ria<\/li><\/ul>\n\n\n\n<p><strong>Infraestrutura de Transportes<\/strong><\/p>\n\n\n\n<ul><li>Mec\u00e2nica dos Pavimentos<\/li><\/ul>\n\n\n\n<ul><li>Projeto de Obras Vi\u00e1rias<\/li><\/ul>\n\n\n\n<ul><li>T\u00f3picos Avan\u00e7ados em Pavimenta\u00e7\u00e3o<\/li><\/ul>\n\n\n\n<ul><li>Aeroportos<\/li><\/ul>\n\n\n\n<ul><li>Ferrovias<\/li><\/ul>\n\n\n\n<p><strong>Mobilidade Sustent\u00e1vel<\/strong><\/p>\n\n\n\n<ul><li>Mobilidade Urbana Sustent\u00e1vel<\/li><\/ul>\n\n\n\n<ul><li>Gest\u00e3o Estrat\u00e9gica e Sustent\u00e1vel dos Transportes<\/li><\/ul>\n\n\n\n<ul><li>Meio Ambiente e Transportes<\/li><\/ul>\n\n\n\n<ul><li>Transportes Sustent\u00e1veis<\/li><\/ul>\n\n\n\n<p><strong>Disciplinas Gerais<\/strong><\/p>\n\n\n\n<ul><li>Metodologia de Pesquisa<\/li><\/ul>\n\n\n\n<ul><li>Trabalho de Conclus\u00e3o de Curso<\/li><\/ul>\n\n\n\n<p><a href=\"https:\/\/tecnologia.ufpr.br\/dtt\/planejamento-e-infraestrutura-de-sistemas-de-transportes\/\">P\u00e1gina Inicial<\/a><\/p>\n","protected":false},"excerpt":{"rendered":"<p>As disciplinas s\u00e3o divididas em tr\u00eas eixos: Planejamento, Infraestrutura e Mobilidade Sustent\u00e1vel. Planejamento de Transportes Fundamentos de Engenharia de Transportes Modelagem e Medidas de Gerenciamento da Demanda nos Transportes Urbanos Engenharia de Tr\u00e1fego Rodovi\u00e1rio Avalia\u00e7\u00e3o Econ\u00f4mica de Projetos Polos Geradores de Viagens (PGV) Seguran\u00e7a Vi\u00e1ria Infraestrutura de Transportes Mec\u00e2nica dos Pavimentos Projeto de Obras Vi\u00e1rias [&hellip;]<\/p>\n","protected":false},"author":1075,"featured_media":0,"parent":0,"menu_order":0,"comment_status":"closed","ping_status":"closed","template":"","meta":{"footnotes":""},"_links":{"self":[{"href":"https:\/\/tecnologia.ufpr.br\/dtt\/wp-json\/wp\/v2\/pages\/3539"}],"collection":[{"href":"https:\/\/tecnologia.ufpr.br\/dtt\/wp-json\/wp\/v2\/pages"}],"about":[{"href":"https:\/\/tecnologia.ufpr.br\/dtt\/wp-json\/wp\/v2\/types\/page"}],"author":[{"embeddable":true,"href":"https:\/\/tecnologia.ufpr.br\/dtt\/wp-json\/wp\/v2\/users\/1075"}],"replies":[{"embeddable":true,"href":"https:\/\/tecnologia.ufpr.br\/dtt\/wp-json\/wp\/v2\/comments?post=3539"}],"version-history":[{"count":4,"href":"https:\/\/tecnologia.ufpr.br\/dtt\/wp-json\/wp\/v2\/pages\/3539\/revisions"}],"predecessor-version":[{"id":3620,"href":"https:\/\/tecnologia.ufpr.br\/dtt\/wp-json\/wp\/v2\/pages\/3539\/revisions\/3620"}],"wp:attachment":[{"href":"https:\/\/tecnologia.ufpr.br\/dtt\/wp-json\/wp\/v2\/media?parent=3539"}],"curies":[{"name":"wp","href":"https:\/\/api.w.org\/{rel}","templated":true}]}}