{"id":3533,"date":"2019-11-30T03:03:41","date_gmt":"2019-11-30T05:03:41","guid":{"rendered":"https:\/\/tecnologia.ufpr.br\/dtt\/?page_id=3533"},"modified":"2019-12-06T20:20:31","modified_gmt":"2019-12-06T22:20:31","slug":"corpo-docente-planejamento-e-infraestrutura-de-sistemas-de-transportes","status":"publish","type":"page","link":"https:\/\/tecnologia.ufpr.br\/dtt\/corpo-docente-planejamento-e-infraestrutura-de-sistemas-de-transportes\/","title":{"rendered":"Corpo Docente &#8211; Planejamento e Infraestrutura de Sistemas de Transportes"},"content":{"rendered":"\n<p><a href=\"http:\/\/buscatextual.cnpq.br\/buscatextual\/visualizacv.do?id=K4735232D8\" target=\"_blank\" rel=\"noreferrer noopener\" aria-label=\" (abre em uma nova aba)\">Me. Andr\u00e9a Ryba<\/a><\/p>\n\n\n\n<p><a href=\"http:\/\/buscatextual.cnpq.br\/buscatextual\/visualizacv.do?id=K4200601A8\" target=\"_blank\" rel=\"noreferrer noopener\" aria-label=\" (abre em uma nova aba)\">Me. Anelise Schmitz<\/a><\/p>\n\n\n\n<p><a rel=\"noreferrer noopener\" aria-label=\" (abre em uma nova aba)\" href=\"http:\/\/buscatextual.cnpq.br\/buscatextual\/visualizacv.do?id=K4292137U5\" target=\"_blank\">Dr. Camilo Borges Neto<\/a><\/p>\n\n\n\n<p><a href=\"http:\/\/buscatextual.cnpq.br\/buscatextual\/visualizacv.do?id=K4525875E6\" target=\"_blank\" rel=\"noreferrer noopener\" aria-label=\"Dra. Daniane Franciesca Vicentini (abre em uma nova aba)\">Dra. Daniane Franciesca Vicentini<\/a> <\/p>\n\n\n\n<p><a href=\"http:\/\/buscatextual.cnpq.br\/buscatextual\/visualizacv.do?id=K4272859T7\" target=\"_blank\" rel=\"noreferrer noopener\" aria-label=\"Dr. Diego Fernandes Neris (abre em uma nova aba)\">Dr. Diego Fernandes Neris<\/a> <\/p>\n\n\n\n<p><a href=\"http:\/\/buscatextual.cnpq.br\/buscatextual\/visualizacv.do?id=K4462649Y2\" target=\"_blank\" rel=\"noreferrer noopener\" aria-label=\"Me. Edu Jos\u00e9 Franco (abre em uma nova aba)\">Me. Edu Jos\u00e9 Franco<\/a> <\/p>\n\n\n\n<p><a href=\"http:\/\/buscatextual.cnpq.br\/buscatextual\/visualizacv.do?id=K4211943U3\" target=\"_blank\" rel=\"noreferrer noopener\" aria-label=\"Dr. Joe Arnaldo Villena Del Carpio (abre em uma nova aba)\">Dr. Joe Arnaldo Villena Del Carpio<\/a> <\/p>\n\n\n\n<p><a href=\"http:\/\/buscatextual.cnpq.br\/buscatextual\/visualizacv.do?id=K4258540A6\" target=\"_blank\" rel=\"noreferrer noopener\" aria-label=\"Dr. Jorge Tiago Bastos (abre em uma nova aba)\">Dr. Jorge Tiago Bastos<\/a> <\/p>\n\n\n\n<p><a href=\"http:\/\/buscatextual.cnpq.br\/buscatextual\/visualizacv.do?id=K4770916D6\" target=\"_blank\" rel=\"noreferrer noopener\" aria-label=\"Dr. Jos\u00e9 Ricardo Vargas de Faria  (abre em uma nova aba)\">Dr. Jos\u00e9 Ricardo Vargas de Faria <\/a><\/p>\n\n\n\n<p><a href=\"http:\/\/buscatextual.cnpq.br\/buscatextual\/visualizacv.do?id=K4768583J0\" target=\"_blank\" rel=\"noreferrer noopener\" aria-label=\"Dra. Marcia de Andrade Pereira Bernardinis (abre em uma nova aba)\">Dra. Marcia de Andrade Pereira Bernardinis<\/a> <\/p>\n\n\n\n<p><a href=\"http:\/\/buscatextual.cnpq.br\/buscatextual\/visualizacv.do?id=K4797806Y5\" target=\"_blank\" rel=\"noreferrer noopener\" aria-label=\"Dr. Roberto Greg\u00f3rio da Silva Junior (abre em uma nova aba)\">Dr. Roberto Greg\u00f3rio da Silva Junior<\/a><\/p>\n\n\n\n<p><a rel=\"noreferrer noopener\" aria-label=\"Dr. Sergio Tadeu Gon\u00e7aves Muniz (abre em uma nova aba)\" href=\"http:\/\/buscatextual.cnpq.br\/buscatextual\/visualizacv.do?id=K4723581U5\" target=\"_blank\">Dr. S\u00e9rgio Tadeu Gon\u00e7aves Muniz<\/a>  <\/p>\n\n\n\n<p>Para informa\u00e7\u00f5es sobre contato: <a href=\"https:\/\/tecnologia.ufpr.br\/dtt\/professores\/\">clique aqui<\/a><\/p>\n\n\n\n<p><a href=\"https:\/\/tecnologia.ufpr.br\/dtt\/planejamento-e-infraestrutura-de-sistemas-de-transportes\/\">P\u00e1gina inicial<\/a><\/p>\n","protected":false},"excerpt":{"rendered":"<p>Me. Andr\u00e9a Ryba Me. Anelise Schmitz Dr. Camilo Borges Neto Dra. Daniane Franciesca Vicentini Dr. Diego Fernandes Neris Me. Edu Jos\u00e9 Franco Dr. Joe Arnaldo Villena Del Carpio Dr. Jorge Tiago Bastos Dr. Jos\u00e9 Ricardo Vargas de Faria Dra. Marcia de Andrade Pereira Bernardinis Dr. Roberto Greg\u00f3rio da Silva Junior Dr. S\u00e9rgio Tadeu Gon\u00e7aves Muniz [&hellip;]<\/p>\n","protected":false},"author":1075,"featured_media":0,"parent":0,"menu_order":0,"comment_status":"closed","ping_status":"closed","template":"","meta":{"footnotes":""},"_links":{"self":[{"href":"https:\/\/tecnologia.ufpr.br\/dtt\/wp-json\/wp\/v2\/pages\/3533"}],"collection":[{"href":"https:\/\/tecnologia.ufpr.br\/dtt\/wp-json\/wp\/v2\/pages"}],"about":[{"href":"https:\/\/tecnologia.ufpr.br\/dtt\/wp-json\/wp\/v2\/types\/page"}],"author":[{"embeddable":true,"href":"https:\/\/tecnologia.ufpr.br\/dtt\/wp-json\/wp\/v2\/users\/1075"}],"replies":[{"embeddable":true,"href":"https:\/\/tecnologia.ufpr.br\/dtt\/wp-json\/wp\/v2\/comments?post=3533"}],"version-history":[{"count":5,"href":"https:\/\/tecnologia.ufpr.br\/dtt\/wp-json\/wp\/v2\/pages\/3533\/revisions"}],"predecessor-version":[{"id":3617,"href":"https:\/\/tecnologia.ufpr.br\/dtt\/wp-json\/wp\/v2\/pages\/3533\/revisions\/3617"}],"wp:attachment":[{"href":"https:\/\/tecnologia.ufpr.br\/dtt\/wp-json\/wp\/v2\/media?parent=3533"}],"curies":[{"name":"wp","href":"https:\/\/api.w.org\/{rel}","templated":true}]}}