{"id":3528,"date":"2019-11-30T02:45:44","date_gmt":"2019-11-30T04:45:44","guid":{"rendered":"https:\/\/tecnologia.ufpr.br\/dtt\/?page_id=3528"},"modified":"2022-10-05T09:13:34","modified_gmt":"2022-10-05T12:13:34","slug":"planejamento-e-infraestrutura-de-sistemas-de-transportes","status":"publish","type":"page","link":"https:\/\/tecnologia.ufpr.br\/dtt\/planejamento-e-infraestrutura-de-sistemas-de-transportes\/","title":{"rendered":"Planejamento e Infraestrutura de Sistemas de Transportes"},"content":{"rendered":"\n<p>Coordenador: Prof. Dr. Camilo Borges Neto<\/p>\n\n\n\n<p>Vice-coordenador: Prof. Dr. Roberto Gregorio da Silva Junior<\/p>\n\n\n\n<p>Secret\u00e1rio: Valdriani da Silva Nunes<\/p>\n\n\n\n<p>Contato: postransportes@ufpr.br<\/p>\n\n\n\n<h3 class=\"wp-block-heading\">Processo seletivo &#8211; Turma 2023<\/h3>\n\n\n\n<p><a href=\"https:\/\/docs.google.com\/forms\/d\/e\/1FAIpQLScpkNhFm2xQX3x6lMCPPaPoVmMil96kjCfbz-7sPLkSZQe2gg\/viewform?usp=sf_link\">Pr\u00e9-cadastro<\/a><\/p>\n\n\n\n<h3 class=\"wp-block-heading\">Processo seletivo &#8211; Turma 2020<\/h3>\n\n\n\n<p><a href=\"https:\/\/tecnologia.ufpr.br\/dtt\/wp-content\/uploads\/sites\/12\/2020\/03\/Ementas-dos-M\u00f3dulos-Disciplinas.pdf\">Ementas dos M\u00f3dulos (Disciplinas)<\/a><\/p>\n\n\n\n<p><a href=\"https:\/\/tecnologia.ufpr.br\/dtt\/wp-content\/uploads\/sites\/12\/2020\/03\/Informa\u00e7\u00f5es-sobre-o-Curso.pdf\">Informa\u00e7\u00f5es sobre o Curso<\/a><\/p>\n\n\n\n<p><a href=\"https:\/\/tecnologia.ufpr.br\/dtt\/wp-content\/uploads\/sites\/12\/2020\/02\/Edital-1-2020-Prorroga\u00e7\u00e3o-Inscri\u00e7\u00f5es.pdf\">II Retifica\u00e7\u00e3o do Edital&nbsp;<\/a>  (P\u00fablico alvo e 2\u00aa prorroga\u00e7\u00e3o das inscri\u00e7\u00f5es)   <\/p>\n\n\n\n<p><a href=\"https:\/\/tecnologia.ufpr.br\/dtt\/wp-content\/uploads\/sites\/12\/2020\/02\/Retifica\u00e7\u00e3o-do-Edital-001-2019-Prorroga\u00e7\u00e3o-Inscri\u00e7\u00f5es.pdf\">I Retifica\u00e7\u00e3o do Edital&nbsp;<\/a> (1\u00aa Prorroga\u00e7\u00e3o das inscri\u00e7\u00f5es) <\/p>\n\n\n\n<p><a rel=\"noreferrer noopener\" aria-label=\"Edital (abre em uma nova aba)\" href=\"https:\/\/tecnologia.ufpr.br\/dtt\/wp-content\/uploads\/sites\/12\/2019\/12\/Edital-de-Inscri\u00e7\u00e3o.pdf\" target=\"_blank\">Edital<\/a> <\/p>\n\n\n\n<p><a href=\"https:\/\/tecnologia.ufpr.br\/dtt\/corpo-docente-planejamento-e-infraestrutura-de-sistemas-de-transportes\/\">Corpo Docente<\/a><\/p>\n\n\n\n<p><a href=\"https:\/\/tecnologia.ufpr.br\/dtt\/disciplinas-planejamento-e-infraestrutura-de-sistemas-de-transportes\/\">Disciplinas<\/a><\/p>\n\n\n\n<p><a href=\"https:\/\/tecnologia.ufpr.br\/dtt\/horario-das-aulas\/\">Hor\u00e1rios das Aulas <\/a><\/p>\n\n\n\n<p><a href=\"https:\/\/tecnologia.ufpr.br\/dtt\/condicoes-de-pagamento\/\">Condi\u00e7\u00f5es de Pagamento<\/a><\/p>\n\n\n\n<p><a href=\"https:\/\/tecnologia.ufpr.br\/dtt\/datas-importantes\/\">Datas Importantes<\/a><\/p>\n\n\n\n<p><strong>TRABALHO DE FINAL DE CURSO<\/strong><\/p>\n\n\n\n<p><strong>Orienta\u00e7\u00f5es<\/strong><\/p>\n\n\n\n<p>Enviar o arquivo do artigo para a Secretaria do Curso no formato PDF, contendo, em um \u00fanico arquivo, o artigo submetido \u00e0 revista precedido da Capa e Folha de Rosto, conforme template\/modelo DTT abaixo:<\/p>\n\n\n\n<p><a href=\"https:\/\/tecnologia.ufpr.br\/dtt\/wp-content\/uploads\/sites\/12\/2022\/03\/template_capa_-artigo_periodico_DTT.docx\">Template &#8211; Modelo DTT<\/a><\/p>\n\n\n\n<p> <\/p>\n\n\n\n<p> <\/p>\n","protected":false},"excerpt":{"rendered":"<p>Coordenador: Prof. Dr. Camilo Borges Neto Vice-coordenador: Prof. Dr. Roberto Gregorio da Silva Junior Secret\u00e1rio: Valdriani da Silva Nunes Contato: postransportes@ufpr.br Processo seletivo &#8211; Turma 2023 Pr\u00e9-cadastro Processo seletivo &#8211; Turma 2020 Ementas dos M\u00f3dulos (Disciplinas) Informa\u00e7\u00f5es sobre o Curso II Retifica\u00e7\u00e3o do Edital&nbsp; (P\u00fablico alvo e 2\u00aa prorroga\u00e7\u00e3o das inscri\u00e7\u00f5es) I Retifica\u00e7\u00e3o do Edital&nbsp; [&hellip;]<\/p>\n","protected":false},"author":1075,"featured_media":0,"parent":0,"menu_order":0,"comment_status":"closed","ping_status":"closed","template":"","meta":{"footnotes":""},"_links":{"self":[{"href":"https:\/\/tecnologia.ufpr.br\/dtt\/wp-json\/wp\/v2\/pages\/3528"}],"collection":[{"href":"https:\/\/tecnologia.ufpr.br\/dtt\/wp-json\/wp\/v2\/pages"}],"about":[{"href":"https:\/\/tecnologia.ufpr.br\/dtt\/wp-json\/wp\/v2\/types\/page"}],"author":[{"embeddable":true,"href":"https:\/\/tecnologia.ufpr.br\/dtt\/wp-json\/wp\/v2\/users\/1075"}],"replies":[{"embeddable":true,"href":"https:\/\/tecnologia.ufpr.br\/dtt\/wp-json\/wp\/v2\/comments?post=3528"}],"version-history":[{"count":60,"href":"https:\/\/tecnologia.ufpr.br\/dtt\/wp-json\/wp\/v2\/pages\/3528\/revisions"}],"predecessor-version":[{"id":4113,"href":"https:\/\/tecnologia.ufpr.br\/dtt\/wp-json\/wp\/v2\/pages\/3528\/revisions\/4113"}],"wp:attachment":[{"href":"https:\/\/tecnologia.ufpr.br\/dtt\/wp-json\/wp\/v2\/media?parent=3528"}],"curies":[{"name":"wp","href":"https:\/\/api.w.org\/{rel}","templated":true}]}}