{"id":314,"date":"2016-08-05T01:39:06","date_gmt":"2016-08-05T01:39:06","guid":{"rendered":"https:\/\/tecnologia.ufpr.br\/dtt\/?page_id=314"},"modified":"2026-03-04T15:23:21","modified_gmt":"2026-03-04T18:23:21","slug":"ferrovias","status":"publish","type":"page","link":"https:\/\/tecnologia.ufpr.br\/dtt\/ferrovias\/","title":{"rendered":"Disciplinas"},"content":{"rendered":"<p><a href=\"https:\/\/tecnologia.ufpr.br\/dtt\/economia-de-engenharia-i-tt007\/\">TT007 &#8211; Economia de Engenharia I<\/a><br \/>\n<a href=\"https:\/\/tecnologia.ufpr.br\/dtt\/tt008-administracao\/\">TT008 &#8211; Administra\u00e7\u00e3o<\/a><br \/>\n<a href=\"https:\/\/tecnologia.ufpr.br\/dtt\/sistemas-de-transportes\/\">TT046 &#8211; Sistemas de Transportes<\/a><br \/>\n<a href=\"https:\/\/tecnologia.ufpr.br\/dtt\/tt047-equipamento-de-construcao-e-conserva\/\">TT503 &#8211; Equipamentos de Terraplanagem e Pavimenta\u00e7\u00e3o<\/a><br \/>\n<a href=\"https:\/\/tecnologia.ufpr.br\/dtt\/tt048-infra-estrutura-viaria\/\">TT048 &#8211; Infraestrutura Vi\u00e1ria<\/a><br \/>\n<a href=\"https:\/\/tecnologia.ufpr.br\/dtt\/tt049-planejamento-de-transportes\/\">TT049 &#8211; Planejamento de Transportes<\/a><br \/>\n<a href=\"https:\/\/tecnologia.ufpr.br\/dtt\/tt051-pavimentacao\/\">TT051 &#8211; Pavimenta\u00e7\u00e3o<\/a><br \/>\n<a href=\"https:\/\/tecnologia.ufpr.br\/dtt\/tt056-engenharia-de-trafego\/\">TT056 &#8211; Engenharia de Tr\u00e1fego<\/a><br \/>\n<a href=\"https:\/\/tecnologia.ufpr.br\/dtt\/ferrovias-2\/\">TT066 &#8211; Ferrovias<\/a><br \/>\n<a href=\"https:\/\/tecnologia.ufpr.br\/dtt\/tcc-trabalho-de-conclusao-de-curso\/\">TT071 &#8211; Engenharia de Transportes I<\/a><br \/>\n<a href=\"https:\/\/tecnologia.ufpr.br\/dtt\/tt084-aeroportos\/\">TT084 &#8211; Aeroportos<\/a><\/p>\n","protected":false},"excerpt":{"rendered":"<p>TT007 &#8211; Economia de Engenharia I TT008 &#8211; Administra\u00e7\u00e3o TT046 &#8211; Sistemas de Transportes TT503 &#8211; Equipamentos de Terraplanagem e Pavimenta\u00e7\u00e3o TT048 &#8211; Infraestrutura Vi\u00e1ria TT049 &#8211; Planejamento de Transportes TT051 &#8211; Pavimenta\u00e7\u00e3o TT056 &#8211; Engenharia de Tr\u00e1fego TT066 &#8211; Ferrovias TT071 &#8211; Engenharia de Transportes I TT084 &#8211; Aeroportos<\/p>\n","protected":false},"author":1011,"featured_media":0,"parent":0,"menu_order":0,"comment_status":"closed","ping_status":"closed","template":"","meta":{"footnotes":""},"_links":{"self":[{"href":"https:\/\/tecnologia.ufpr.br\/dtt\/wp-json\/wp\/v2\/pages\/314"}],"collection":[{"href":"https:\/\/tecnologia.ufpr.br\/dtt\/wp-json\/wp\/v2\/pages"}],"about":[{"href":"https:\/\/tecnologia.ufpr.br\/dtt\/wp-json\/wp\/v2\/types\/page"}],"author":[{"embeddable":true,"href":"https:\/\/tecnologia.ufpr.br\/dtt\/wp-json\/wp\/v2\/users\/1011"}],"replies":[{"embeddable":true,"href":"https:\/\/tecnologia.ufpr.br\/dtt\/wp-json\/wp\/v2\/comments?post=314"}],"version-history":[{"count":38,"href":"https:\/\/tecnologia.ufpr.br\/dtt\/wp-json\/wp\/v2\/pages\/314\/revisions"}],"predecessor-version":[{"id":4691,"href":"https:\/\/tecnologia.ufpr.br\/dtt\/wp-json\/wp\/v2\/pages\/314\/revisions\/4691"}],"wp:attachment":[{"href":"https:\/\/tecnologia.ufpr.br\/dtt\/wp-json\/wp\/v2\/media?parent=314"}],"curies":[{"name":"wp","href":"https:\/\/api.w.org\/{rel}","templated":true}]}}