{"id":3073,"date":"2019-08-08T13:53:21","date_gmt":"2019-08-08T16:53:21","guid":{"rendered":"https:\/\/tecnologia.ufpr.br\/dtt\/?page_id=3073"},"modified":"2023-10-11T16:01:21","modified_gmt":"2023-10-11T19:01:21","slug":"lamp","status":"publish","type":"page","link":"https:\/\/tecnologia.ufpr.br\/dtt\/lamp\/","title":{"rendered":"LAMP"},"content":{"rendered":"\n<h4 class=\"wp-block-heading\">Laborat\u00f3rio de Pavimenta\u00e7\u00e3o Professor Armando Martins Pereira<\/h4>\n\n\n\n<p> Neste laborat\u00f3rio s\u00e3o desenvolvidos diversos estudos para avaliar a qualidade das misturas asf\u00e1lticas utilizadas em rodovias, bem como an\u00e1lise e testes em novos materiais, a fim de garantir o pleno atendimento dos mesmos quanto aos aspectos estruturais, de seguran\u00e7a e conforto das vias. Sua infraestrutura \u00e9 utilizada com fins did\u00e1ticos e de pesquisa, e possibilita realizar programas de dosagem, ensaios de caracteriza\u00e7\u00e3o f\u00edsico-qu\u00edmica de ligantes e subprodutos de asfaltos, bem como de agregados e misturas. O laborat\u00f3rio conta ainda com instrumenta\u00e7\u00e3o adequada para realiza\u00e7\u00e3o de an\u00e1lises em campo (destrutivas e n\u00e3o-destrutivas). Ensaio de m\u00f3dulo Resiliente, carga repetida, triaxial em solos, viscosidade rotacional Brookfield e Saybolt-Furol, dosagem Marshall, RTFOT, densidade Rice, penetr\u00f4metro e ponto de amolecimento s\u00e3o alguns exemplos dos ensaios e procedimentos que o laborat\u00f3rio oferece. Disp\u00f5e de equipamentos modernos que permitir\u00e3o realizar, entre outros procedimentos, a metodologia de dosagem Superpave e ensaio de deforma\u00e7\u00e3o permanente em simulador de tr\u00e1fego.&nbsp;<\/p>\n\n\n\n<p><strong>Apoio Financeiro: Petrobras.<\/strong><\/p>\n\n\n\n<figure class=\"wp-block-image is-resized\"><img loading=\"lazy\" decoding=\"async\" src=\"https:\/\/tecnologia.ufpr.br\/dtt\/wp-content\/uploads\/sites\/12\/2019\/08\/foto1-1-576x1024.jpg\" alt=\"\" class=\"wp-image-3133\" width=\"512\" height=\"910\" srcset=\"https:\/\/tecnologia.ufpr.br\/dtt\/wp-content\/uploads\/sites\/12\/2019\/08\/foto1-1-576x1024.jpg 576w, https:\/\/tecnologia.ufpr.br\/dtt\/wp-content\/uploads\/sites\/12\/2019\/08\/foto1-1-169x300.jpg 169w, https:\/\/tecnologia.ufpr.br\/dtt\/wp-content\/uploads\/sites\/12\/2019\/08\/foto1-1-768x1365.jpg 768w, https:\/\/tecnologia.ufpr.br\/dtt\/wp-content\/uploads\/sites\/12\/2019\/08\/foto1-1-68x120.jpg 68w\" sizes=\"(max-width: 512px) 100vw, 512px\" \/><\/figure>\n\n\n\n<figure class=\"wp-block-image is-resized\"><img loading=\"lazy\" decoding=\"async\" src=\"https:\/\/tecnologia.ufpr.br\/dtt\/wp-content\/uploads\/sites\/12\/2019\/08\/foto2-2-576x1024.jpg\" alt=\"\" class=\"wp-image-3142\" width=\"508\" height=\"904\" srcset=\"https:\/\/tecnologia.ufpr.br\/dtt\/wp-content\/uploads\/sites\/12\/2019\/08\/foto2-2-576x1024.jpg 576w, https:\/\/tecnologia.ufpr.br\/dtt\/wp-content\/uploads\/sites\/12\/2019\/08\/foto2-2-169x300.jpg 169w, https:\/\/tecnologia.ufpr.br\/dtt\/wp-content\/uploads\/sites\/12\/2019\/08\/foto2-2-768x1365.jpg 768w, https:\/\/tecnologia.ufpr.br\/dtt\/wp-content\/uploads\/sites\/12\/2019\/08\/foto2-2-68x120.jpg 68w\" sizes=\"(max-width: 508px) 100vw, 508px\" \/><\/figure>\n\n\n\n<figure class=\"wp-block-image\"><img loading=\"lazy\" decoding=\"async\" width=\"1024\" height=\"557\" src=\"https:\/\/tecnologia.ufpr.br\/dtt\/wp-content\/uploads\/sites\/12\/2019\/08\/LAMP-1024x557.jpg\" alt=\"\" class=\"wp-image-3166\" srcset=\"https:\/\/tecnologia.ufpr.br\/dtt\/wp-content\/uploads\/sites\/12\/2019\/08\/LAMP-1024x557.jpg 1024w, https:\/\/tecnologia.ufpr.br\/dtt\/wp-content\/uploads\/sites\/12\/2019\/08\/LAMP-300x163.jpg 300w, https:\/\/tecnologia.ufpr.br\/dtt\/wp-content\/uploads\/sites\/12\/2019\/08\/LAMP-768x418.jpg 768w, https:\/\/tecnologia.ufpr.br\/dtt\/wp-content\/uploads\/sites\/12\/2019\/08\/LAMP-160x87.jpg 160w, https:\/\/tecnologia.ufpr.br\/dtt\/wp-content\/uploads\/sites\/12\/2019\/08\/LAMP.jpg 1677w\" sizes=\"(max-width: 1024px) 100vw, 1024px\" \/><\/figure>\n","protected":false},"excerpt":{"rendered":"<p>Laborat\u00f3rio de Pavimenta\u00e7\u00e3o Professor Armando Martins Pereira Neste laborat\u00f3rio s\u00e3o desenvolvidos diversos estudos para avaliar a qualidade das misturas asf\u00e1lticas utilizadas em rodovias, bem como an\u00e1lise e testes em novos materiais, a fim de garantir o pleno atendimento dos mesmos quanto aos aspectos estruturais, de seguran\u00e7a e conforto das vias. Sua infraestrutura \u00e9 utilizada com [&hellip;]<\/p>\n","protected":false},"author":1011,"featured_media":0,"parent":0,"menu_order":0,"comment_status":"closed","ping_status":"closed","template":"","meta":{"footnotes":""},"_links":{"self":[{"href":"https:\/\/tecnologia.ufpr.br\/dtt\/wp-json\/wp\/v2\/pages\/3073"}],"collection":[{"href":"https:\/\/tecnologia.ufpr.br\/dtt\/wp-json\/wp\/v2\/pages"}],"about":[{"href":"https:\/\/tecnologia.ufpr.br\/dtt\/wp-json\/wp\/v2\/types\/page"}],"author":[{"embeddable":true,"href":"https:\/\/tecnologia.ufpr.br\/dtt\/wp-json\/wp\/v2\/users\/1011"}],"replies":[{"embeddable":true,"href":"https:\/\/tecnologia.ufpr.br\/dtt\/wp-json\/wp\/v2\/comments?post=3073"}],"version-history":[{"count":14,"href":"https:\/\/tecnologia.ufpr.br\/dtt\/wp-json\/wp\/v2\/pages\/3073\/revisions"}],"predecessor-version":[{"id":4271,"href":"https:\/\/tecnologia.ufpr.br\/dtt\/wp-json\/wp\/v2\/pages\/3073\/revisions\/4271"}],"wp:attachment":[{"href":"https:\/\/tecnologia.ufpr.br\/dtt\/wp-json\/wp\/v2\/media?parent=3073"}],"curies":[{"name":"wp","href":"https:\/\/api.w.org\/{rel}","templated":true}]}}