{"id":2719,"date":"2019-04-25T15:13:30","date_gmt":"2019-04-25T18:13:30","guid":{"rendered":"https:\/\/tecnologia.ufpr.br\/dtt\/?page_id=2719"},"modified":"2020-10-26T11:57:12","modified_gmt":"2020-10-26T14:57:12","slug":"pos-gr-planejamento","status":"publish","type":"page","link":"https:\/\/tecnologia.ufpr.br\/dtt\/pos-gr-planejamento\/","title":{"rendered":"P\u00f3s-Gradua\u00e7\u00e3o"},"content":{"rendered":"\n<h3 class=\"wp-block-heading\"> <br>Stricto Sensu (Mestrado e Doutorado) <\/h3>\n\n\n\n<p><a href=\"http:\/\/www.ppgecc.ufpr.br\/\">Programa de P\u00f3s Gradua\u00e7\u00e3o em Engenharia de Constru\u00e7\u00e3o Civil<\/a><\/p>\n\n\n\n<p><a href=\"http:\/\/www.prppg.ufpr.br\/site\/ppgppu\/\">Programa de P\u00f3s Gradua\u00e7\u00e3o em Planejamento Urbano<\/a><\/p>\n\n\n\n<h3 class=\"wp-block-heading\">Lato Sensu (Especializa\u00e7\u00e3o)<\/h3>\n\n\n\n<p><a href=\"https:\/\/tecnologia.ufpr.br\/dtt\/planejamento-e-infraestrutura-de-sistemas-de-transportes\/\" target=\"_blank\" rel=\"noreferrer noopener\" aria-label=\"Planejamento e Infraestrutura de Sistemas de Transportes (abre em uma nova aba)\">Planejamento e Infraestrutura de Sistemas de Transportes<\/a><\/p>\n","protected":false},"excerpt":{"rendered":"<p>Stricto Sensu (Mestrado e Doutorado) Programa de P\u00f3s Gradua\u00e7\u00e3o em Engenharia de Constru\u00e7\u00e3o Civil Programa de P\u00f3s Gradua\u00e7\u00e3o em Planejamento Urbano Lato Sensu (Especializa\u00e7\u00e3o) Planejamento e Infraestrutura de Sistemas de Transportes<\/p>\n","protected":false},"author":1011,"featured_media":0,"parent":0,"menu_order":0,"comment_status":"closed","ping_status":"closed","template":"","meta":{"footnotes":""},"_links":{"self":[{"href":"https:\/\/tecnologia.ufpr.br\/dtt\/wp-json\/wp\/v2\/pages\/2719"}],"collection":[{"href":"https:\/\/tecnologia.ufpr.br\/dtt\/wp-json\/wp\/v2\/pages"}],"about":[{"href":"https:\/\/tecnologia.ufpr.br\/dtt\/wp-json\/wp\/v2\/types\/page"}],"author":[{"embeddable":true,"href":"https:\/\/tecnologia.ufpr.br\/dtt\/wp-json\/wp\/v2\/users\/1011"}],"replies":[{"embeddable":true,"href":"https:\/\/tecnologia.ufpr.br\/dtt\/wp-json\/wp\/v2\/comments?post=2719"}],"version-history":[{"count":11,"href":"https:\/\/tecnologia.ufpr.br\/dtt\/wp-json\/wp\/v2\/pages\/2719\/revisions"}],"predecessor-version":[{"id":3988,"href":"https:\/\/tecnologia.ufpr.br\/dtt\/wp-json\/wp\/v2\/pages\/2719\/revisions\/3988"}],"wp:attachment":[{"href":"https:\/\/tecnologia.ufpr.br\/dtt\/wp-json\/wp\/v2\/media?parent=2719"}],"curies":[{"name":"wp","href":"https:\/\/api.w.org\/{rel}","templated":true}]}}