{"id":268,"date":"2016-07-28T16:44:21","date_gmt":"2016-07-28T16:44:21","guid":{"rendered":"https:\/\/tecnologia.ufpr.br\/dtt\/?page_id=268"},"modified":"2021-08-23T15:31:03","modified_gmt":"2021-08-23T18:31:03","slug":"solicitacoes","status":"publish","type":"page","link":"https:\/\/tecnologia.ufpr.br\/dtt\/solicitacoes\/","title":{"rendered":"Solicita\u00e7\u00f5es"},"content":{"rendered":"\n<div class=\"wpcf7 no-js\" id=\"wpcf7-f265-o1\" lang=\"pt-BR\" dir=\"ltr\">\n<div class=\"screen-reader-response\"><p role=\"status\" aria-live=\"polite\" aria-atomic=\"true\"><\/p> <ul><\/ul><\/div>\n<form action=\"\/dtt\/wp-json\/wp\/v2\/pages\/268#wpcf7-f265-o1\" method=\"post\" class=\"wpcf7-form init\" aria-label=\"Formul\u00e1rios de contato\" enctype=\"multipart\/form-data\" novalidate=\"novalidate\" data-status=\"init\">\n<div style=\"display: none;\">\n<input type=\"hidden\" name=\"_wpcf7\" value=\"265\" \/>\n<input type=\"hidden\" name=\"_wpcf7_version\" value=\"5.9.3\" \/>\n<input type=\"hidden\" name=\"_wpcf7_locale\" value=\"pt_BR\" \/>\n<input type=\"hidden\" name=\"_wpcf7_unit_tag\" value=\"wpcf7-f265-o1\" \/>\n<input type=\"hidden\" name=\"_wpcf7_container_post\" value=\"0\" \/>\n<input type=\"hidden\" name=\"_wpcf7_posted_data_hash\" value=\"\" \/>\n<\/div>\n<p>Nome: <span class=\"wpcf7-form-control-wrap\" data-name=\"nome\"><input size=\"40\" class=\"wpcf7-form-control wpcf7-text wpcf7-validates-as-required\" aria-required=\"true\" aria-invalid=\"false\" value=\"\" type=\"text\" name=\"nome\" \/><\/span><br \/>\nMatr\u00edcula: <span class=\"wpcf7-form-control-wrap\" data-name=\"matricula\"><input size=\"40\" class=\"wpcf7-form-control wpcf7-text wpcf7-validates-as-required\" aria-required=\"true\" aria-invalid=\"false\" value=\"\" type=\"text\" name=\"matricula\" \/><\/span><br \/>\nCurso: <span class=\"wpcf7-form-control-wrap\" data-name=\"curso\"><input size=\"40\" class=\"wpcf7-form-control wpcf7-text wpcf7-validates-as-required\" aria-required=\"true\" aria-invalid=\"false\" value=\"\" type=\"text\" name=\"curso\" \/><\/span><br \/>\nOp\u00e7\u00f5es de solicita\u00e7\u00e3o: <span class=\"wpcf7-form-control-wrap\" data-name=\"solicitacao\"><span class=\"wpcf7-form-control wpcf7-checkbox wpcf7-validates-as-required\"><span class=\"wpcf7-list-item first\"><input type=\"checkbox\" name=\"solicitacao[]\" value=\"2\u00aa Chamada\" \/><span class=\"wpcf7-list-item-label\">2\u00aa Chamada<\/span><\/span><span class=\"wpcf7-list-item\"><input type=\"checkbox\" name=\"solicitacao[]\" value=\"Revis\u00e3o de Prova\" \/><span class=\"wpcf7-list-item-label\">Revis\u00e3o de Prova<\/span><\/span><span class=\"wpcf7-list-item\"><input type=\"checkbox\" name=\"solicitacao[]\" value=\"Revis\u00e3o de Nota\" \/><span class=\"wpcf7-list-item-label\">Revis\u00e3o de Nota<\/span><\/span><span class=\"wpcf7-list-item\"><input type=\"checkbox\" name=\"solicitacao[]\" value=\"Revis\u00e3o de Faltas\" \/><span class=\"wpcf7-list-item-label\">Revis\u00e3o de Faltas<\/span><\/span><span class=\"wpcf7-list-item last\"><input type=\"checkbox\" name=\"solicitacao[]\" value=\"Vista de Prova\" \/><span class=\"wpcf7-list-item-label\">Vista de Prova<\/span><\/span><\/span><\/span><br \/>\nSeu e-mail (obrigat\u00f3rio)<span class=\"wpcf7-form-control-wrap\" data-name=\"your-email\"><input size=\"40\" class=\"wpcf7-form-control wpcf7-email wpcf7-validates-as-required wpcf7-text wpcf7-validates-as-email\" aria-required=\"true\" aria-invalid=\"false\" value=\"\" type=\"email\" name=\"your-email\" \/><\/span><br \/>\nDisciplina: <span class=\"wpcf7-form-control-wrap\" data-name=\"disciplina\"><input size=\"40\" class=\"wpcf7-form-control wpcf7-text wpcf7-validates-as-required\" aria-required=\"true\" aria-invalid=\"false\" value=\"\" type=\"text\" name=\"disciplina\" \/><\/span><br \/>\nProfessor: <span class=\"wpcf7-form-control-wrap\" data-name=\"professor\"><input size=\"40\" class=\"wpcf7-form-control wpcf7-text wpcf7-validates-as-required\" aria-required=\"true\" aria-invalid=\"false\" value=\"\" type=\"text\" name=\"professor\" \/><\/span><br \/>\nData da Prova: <span class=\"wpcf7-form-control-wrap\" data-name=\"data_prova\"><input size=\"40\" class=\"wpcf7-form-control wpcf7-text wpcf7-validates-as-required\" aria-required=\"true\" aria-invalid=\"false\" value=\"\" type=\"text\" name=\"data_prova\" \/><\/span><br \/>\nObserva\u00e7\u00f5es: <span class=\"wpcf7-form-control-wrap\" data-name=\"your-message\"><textarea cols=\"40\" rows=\"10\" class=\"wpcf7-form-control wpcf7-textarea\" aria-invalid=\"false\" name=\"your-message\"><\/textarea><\/span>\n<\/p>\n<p><span class=\"wpcf7-form-control-wrap\" data-name=\"file-387\"><input size=\"40\" class=\"wpcf7-form-control wpcf7-file\" accept=\"audio\/*,video\/*,image\/*\" aria-invalid=\"false\" type=\"file\" name=\"file-387\" \/><\/span>\n<\/p>\n<p><input class=\"wpcf7-form-control wpcf7-submit has-spinner\" type=\"submit\" value=\"Enviar\" \/>\n<\/p><div class=\"wpcf7-response-output\" aria-hidden=\"true\"><\/div>\n<\/form>\n<\/div>\n\n","protected":false},"excerpt":{"rendered":"","protected":false},"author":1011,"featured_media":0,"parent":0,"menu_order":0,"comment_status":"closed","ping_status":"closed","template":"","meta":{"footnotes":""},"_links":{"self":[{"href":"https:\/\/tecnologia.ufpr.br\/dtt\/wp-json\/wp\/v2\/pages\/268"}],"collection":[{"href":"https:\/\/tecnologia.ufpr.br\/dtt\/wp-json\/wp\/v2\/pages"}],"about":[{"href":"https:\/\/tecnologia.ufpr.br\/dtt\/wp-json\/wp\/v2\/types\/page"}],"author":[{"embeddable":true,"href":"https:\/\/tecnologia.ufpr.br\/dtt\/wp-json\/wp\/v2\/users\/1011"}],"replies":[{"embeddable":true,"href":"https:\/\/tecnologia.ufpr.br\/dtt\/wp-json\/wp\/v2\/comments?post=268"}],"version-history":[{"count":15,"href":"https:\/\/tecnologia.ufpr.br\/dtt\/wp-json\/wp\/v2\/pages\/268\/revisions"}],"predecessor-version":[{"id":4032,"href":"https:\/\/tecnologia.ufpr.br\/dtt\/wp-json\/wp\/v2\/pages\/268\/revisions\/4032"}],"wp:attachment":[{"href":"https:\/\/tecnologia.ufpr.br\/dtt\/wp-json\/wp\/v2\/media?parent=268"}],"curies":[{"name":"wp","href":"https:\/\/api.w.org\/{rel}","templated":true}]}}