{"id":2216,"date":"2018-11-29T19:39:21","date_gmt":"2018-11-29T21:39:21","guid":{"rendered":"https:\/\/tecnologia.ufpr.br\/dtt\/?page_id=2216"},"modified":"2025-10-02T16:38:05","modified_gmt":"2025-10-02T19:38:05","slug":"contato","status":"publish","type":"page","link":"https:\/\/tecnologia.ufpr.br\/dtt\/contato\/","title":{"rendered":"Departamento"},"content":{"rendered":"<p><strong>SETOR DE TECNOLOGIA<\/strong><\/p>\n<p><strong>DTT \u2013 Departamento de Transportes<\/strong><br \/>Avenida Coronel Francisco Her\u00e1clito dos Santos, 100<br \/>Campus III (Centro Polit\u00e9cnico) \u2013 Bloco V \u2013 T\u00e9rreo<br \/>CEP: 81530-900<br \/>Curitiba \u2013 PR<br \/>Telefone +55 (41) 3361-3595<\/p>\n<p><strong>Chefe do Departamento:<\/strong> Professor Doutor Garrone Reck<br \/><strong>Vice Chefe do Departamento:<\/strong> Professor Doutor Diego Fernandes Neri<\/p>\n<p><b>T\u00e9cnica em Assuntos Educacionais:<\/b> <a href=\"http:\/\/lattes.cnpq.br\/3331916066350134\">Aline Braga Libano de Ara\u00fajo<\/a><br \/><strong>T\u00e9cnico de Laborat\u00f3rio\/\u00c1rea:<\/strong> <a href=\"https:\/\/buscatextual.cnpq.br\/buscatextual\/visualizacv.do?id=K4261617U2&amp;tokenCaptchar=03AFcWeA5BWd2TwkNmBj_N242d2lp5qSh1sngxUo5tbKy9zxtR1X58LENIg5q7-bLhfuYF3T7KYuYRVVow0ApM2kgodmHnLHaGlp2CVi4RS_lSMmkVCAD6A-wluQv9ul4aFgh0deBEqpvCCJqpRK-qJ9EG4hs60bBRt6rjOpW9g_mxtg0oIlWyORPOPijkdvpK4ZkjxNmVcZKQMMNB6yPMVH3JycB3bzJ9ZTB7Ws_yx3thCU2ei-LtMXpGqOIBP-9YFLJZeO-k4-6eW8vcsJrgAD5CSFnft_WPglcvSxoAcuBv9LAAwAD-wNc9pnp9XExvOe7noVNS1IA6DgbVgqb-ktuyye7Pe9RdcNNpwE_lISMzDxSkTdA5axdzqQlPO4fPo_S7nx2U1UsqCMiQ6CEhiEhCWPlA-9QZl75HOQAWKCN9vto1TMr3OEt21ka5_2cbzky83VxifK7Ru7fvP7PXsOUlhY-XfcAZSvdPlKEalgZka_OskEerz4adB-DX4WV0tmDC4P9RT6-n8DUebEjEiwE_OjmvQuOhCD_F96Cj5rO5ei2yeb7U47_eHm6HiBurGmVHohU2mSmY\">Danilo Akira Adachi<\/a><br \/><strong>T\u00e9cnica em Tecnologia da Informa\u00e7\u00e3o:<\/strong> Isabela Carolina dos Anjos<\/p>\n<p><strong>E-mail:<\/strong>\u00a0dtt@ufpr.br<\/p>\n\n\n<p class=\"has-vivid-cyan-blue-color has-text-color\"><a href=\"https:\/\/tecnologia.ufpr.br\/dtt\/projeto-de-pesquisa\/\">Projetos de Pesquisa<\/a><\/p>\n","protected":false},"excerpt":{"rendered":"<p>SETOR DE TECNOLOGIA DTT \u2013 Departamento de TransportesAvenida Coronel Francisco Her\u00e1clito dos Santos, 100Campus III (Centro Polit\u00e9cnico) \u2013 Bloco V \u2013 T\u00e9rreoCEP: 81530-900Curitiba \u2013 PRTelefone +55 (41) 3361-3595 Chefe do Departamento: Professor Doutor Garrone ReckVice Chefe do Departamento: Professor Doutor Diego Fernandes Neri T\u00e9cnica em Assuntos Educacionais: Aline Braga Libano de Ara\u00fajoT\u00e9cnico de Laborat\u00f3rio\/\u00c1rea: Danilo [&hellip;]<\/p>\n","protected":false},"author":1011,"featured_media":0,"parent":0,"menu_order":0,"comment_status":"closed","ping_status":"closed","template":"","meta":{"footnotes":""},"_links":{"self":[{"href":"https:\/\/tecnologia.ufpr.br\/dtt\/wp-json\/wp\/v2\/pages\/2216"}],"collection":[{"href":"https:\/\/tecnologia.ufpr.br\/dtt\/wp-json\/wp\/v2\/pages"}],"about":[{"href":"https:\/\/tecnologia.ufpr.br\/dtt\/wp-json\/wp\/v2\/types\/page"}],"author":[{"embeddable":true,"href":"https:\/\/tecnologia.ufpr.br\/dtt\/wp-json\/wp\/v2\/users\/1011"}],"replies":[{"embeddable":true,"href":"https:\/\/tecnologia.ufpr.br\/dtt\/wp-json\/wp\/v2\/comments?post=2216"}],"version-history":[{"count":20,"href":"https:\/\/tecnologia.ufpr.br\/dtt\/wp-json\/wp\/v2\/pages\/2216\/revisions"}],"predecessor-version":[{"id":4518,"href":"https:\/\/tecnologia.ufpr.br\/dtt\/wp-json\/wp\/v2\/pages\/2216\/revisions\/4518"}],"wp:attachment":[{"href":"https:\/\/tecnologia.ufpr.br\/dtt\/wp-json\/wp\/v2\/media?parent=2216"}],"curies":[{"name":"wp","href":"https:\/\/api.w.org\/{rel}","templated":true}]}}