{"id":2210,"date":"2018-11-29T19:27:10","date_gmt":"2018-11-29T21:27:10","guid":{"rendered":"https:\/\/tecnologia.ufpr.br\/dtt\/?page_id=2210"},"modified":"2023-08-10T08:04:46","modified_gmt":"2023-08-10T11:04:46","slug":"tfc-engenharia-civil","status":"publish","type":"page","link":"https:\/\/tecnologia.ufpr.br\/dtt\/tfc-engenharia-civil\/","title":{"rendered":"TFC &#8211; Engenharia Civil"},"content":{"rendered":"<p><a href=\"https:\/\/tecnologia.ufpr.br\/dtt\/wp-content\/uploads\/sites\/12\/2023\/08\/Edital_TFCs_2023_assinado.pdf\">Edital TFC &#8211; atualiza\u00e7\u00e3o 10\/08\/2023<\/a><\/p>\n<h3>Modelos:<\/h3>\n<ul>\n<li><a href=\"https:\/\/tecnologia.ufpr.br\/dtt\/wp-content\/uploads\/sites\/12\/2016\/11\/ATA-DE-DEFESA.docx\">Ata de defesa<\/a><\/li>\n<li><a href=\"https:\/\/tecnologia.ufpr.br\/dtt\/wp-content\/uploads\/sites\/12\/2016\/11\/CERTIFICADO-BANCA.docx\">Certificado &#8211; Banca<\/a><\/li>\n<li><a href=\"https:\/\/tecnologia.ufpr.br\/dtt\/wp-content\/uploads\/sites\/12\/2016\/11\/FICHA-DE-ACOMPANHAMENTO.docx\">Ficha de acompanhamento<\/a><\/li>\n<li><a href=\"https:\/\/tecnologia.ufpr.br\/dtt\/wp-content\/uploads\/sites\/12\/2016\/07\/REGULAMENTA\u00c7\u00c3O.pdf\">Regulamenta\u00e7\u00e3o<\/a><\/li>\n<li><a href=\"https:\/\/tecnologia.ufpr.br\/dtt\/wp-content\/uploads\/sites\/12\/2017\/12\/TFC-Ata-Banca-de-Avalia\u00e7\u00e3o.pdf\">Ata da Banca de Avalia\u00e7\u00e3o<\/a><\/li>\n<li><a href=\"https:\/\/tecnologia.ufpr.br\/dtt\/wp-content\/uploads\/sites\/12\/2017\/12\/TFC-Avalia\u00e7\u00e3o-da-Apresenta\u00e7\u00e3o.pdf\">Avalia\u00e7\u00e3o da Apresenta\u00e7\u00e3o\u00a0<\/a><\/li>\n<li><a href=\"https:\/\/tecnologia.ufpr.br\/dtt\/wp-content\/uploads\/sites\/12\/2017\/12\/TFC-Avalia\u00e7\u00e3o-do-Orientador.pdf\">Avalia\u00e7\u00e3o do Orientador<\/a><\/li>\n<li><a href=\"https:\/\/tecnologia.ufpr.br\/dtt\/wp-content\/uploads\/sites\/12\/2017\/12\/TFC-Avalia\u00e7\u00e3o-do-Texto.pdf\">Avalia\u00e7\u00e3o do Texto<\/a><\/li>\n<li><a href=\"https:\/\/tecnologia.ufpr.br\/dtt\/trabalhos-em-destaques\/\"><span style=\"color: #0000ff\">Trabalhos em Destaque<\/span><\/a><\/li>\n<\/ul>\n\n\n<p><\/p>\n","protected":false},"excerpt":{"rendered":"<p>Edital TFC &#8211; atualiza\u00e7\u00e3o 10\/08\/2023 Modelos: Ata de defesa Certificado &#8211; Banca Ficha de acompanhamento Regulamenta\u00e7\u00e3o Ata da Banca de Avalia\u00e7\u00e3o Avalia\u00e7\u00e3o da Apresenta\u00e7\u00e3o\u00a0 Avalia\u00e7\u00e3o do Orientador Avalia\u00e7\u00e3o do Texto Trabalhos em Destaque<\/p>\n","protected":false},"author":1011,"featured_media":0,"parent":0,"menu_order":0,"comment_status":"closed","ping_status":"closed","template":"","meta":{"footnotes":""},"_links":{"self":[{"href":"https:\/\/tecnologia.ufpr.br\/dtt\/wp-json\/wp\/v2\/pages\/2210"}],"collection":[{"href":"https:\/\/tecnologia.ufpr.br\/dtt\/wp-json\/wp\/v2\/pages"}],"about":[{"href":"https:\/\/tecnologia.ufpr.br\/dtt\/wp-json\/wp\/v2\/types\/page"}],"author":[{"embeddable":true,"href":"https:\/\/tecnologia.ufpr.br\/dtt\/wp-json\/wp\/v2\/users\/1011"}],"replies":[{"embeddable":true,"href":"https:\/\/tecnologia.ufpr.br\/dtt\/wp-json\/wp\/v2\/comments?post=2210"}],"version-history":[{"count":16,"href":"https:\/\/tecnologia.ufpr.br\/dtt\/wp-json\/wp\/v2\/pages\/2210\/revisions"}],"predecessor-version":[{"id":4207,"href":"https:\/\/tecnologia.ufpr.br\/dtt\/wp-json\/wp\/v2\/pages\/2210\/revisions\/4207"}],"wp:attachment":[{"href":"https:\/\/tecnologia.ufpr.br\/dtt\/wp-json\/wp\/v2\/media?parent=2210"}],"curies":[{"name":"wp","href":"https:\/\/api.w.org\/{rel}","templated":true}]}}