{"id":2122,"date":"2018-09-05T14:45:34","date_gmt":"2018-09-05T17:45:34","guid":{"rendered":"https:\/\/tecnologia.ufpr.br\/dtt\/?page_id=2122"},"modified":"2025-02-10T13:28:53","modified_gmt":"2025-02-10T16:28:53","slug":"editais","status":"publish","type":"page","link":"https:\/\/tecnologia.ufpr.br\/dtt\/editais\/","title":{"rendered":"Editais"},"content":{"rendered":"<p><strong>TT-007\/TT080 ECONOMIA DE ENGENHARIA<\/strong><\/p>\n<p><strong>TT-008\/TT081 ADMINISTRA\u00c7\u00c3O DE EMPRESAS<\/strong><\/p>\n<p><strong>TT-046 SISTEMAS DE TRANSPORTES<\/strong><\/p>\n<p><strong>TT-047 EQUIPAMENTOS<\/strong><\/p>\n<p><strong>TT-051 PAVIMENTA\u00c7\u00c3O<\/strong><\/p>\n<p><strong>TT-056 ENGENHARIA DE TR\u00c1FEGO<\/strong><\/p>\n<p><strong>TT-057 TRANSPORTE P\u00daBLICO<\/strong><\/p>\n<p><strong>TT-058 LOG\u00cdSTICA DE TRANSPORTES<\/strong><\/p>\n<p><strong>TT-059 AVALIA\u00c7\u00c3O DE IMPACTOS AMBIENTAIS<\/strong><\/p>\n<p><strong>TT-060 MODELAGEM E PLANEJAMENTO DE TRANSPORTES URBANOS<\/strong><\/p>\n<p><strong>TT-061 SEGURAN\u00c7A VIARIA<\/strong><\/p>\n<p><strong>TT-062 T\u00d3PICOS AVAN\u00c7ADOS DE PAVIMENTA\u00c7\u00c3O<\/strong><\/p>\n<p><strong>TT-063 GERENCIAMENTO DE RODOVIAS E VIAS URBANAS<\/strong><\/p>\n<p><strong>TT-064 PROJETO DE OBRAS VI\u00c1RIAS<\/strong><\/p>\n<p><strong>TT-065 GEOTECNICA APLICADA AS VIAS DE TRANSPORTES<\/strong><\/p>\n<p><strong>TT-066 FERROVIAS<\/strong><\/p>\n<p><strong>TT-067 PORTOS E HIDROVIAS<\/strong><\/p>\n<p><strong>TT-068 INTRODU\u00c7\u00c3O \u00c0 ENGENHARIA DE SEGURAN\u00c7A DO TRABALHO<\/strong><\/p>\n<p><strong>TT-084 AEROPORTOS<\/strong><\/p>\n","protected":false},"excerpt":{"rendered":"<p>TT-007\/TT080 ECONOMIA DE ENGENHARIA TT-008\/TT081 ADMINISTRA\u00c7\u00c3O DE EMPRESAS TT-046 SISTEMAS DE TRANSPORTES TT-047 EQUIPAMENTOS TT-051 PAVIMENTA\u00c7\u00c3O TT-056 ENGENHARIA DE TR\u00c1FEGO TT-057 TRANSPORTE P\u00daBLICO TT-058 LOG\u00cdSTICA DE TRANSPORTES TT-059 AVALIA\u00c7\u00c3O DE IMPACTOS AMBIENTAIS TT-060 MODELAGEM E PLANEJAMENTO DE TRANSPORTES URBANOS TT-061 SEGURAN\u00c7A VIARIA TT-062 T\u00d3PICOS AVAN\u00c7ADOS DE PAVIMENTA\u00c7\u00c3O TT-063 GERENCIAMENTO DE RODOVIAS E VIAS URBANAS TT-064 [&hellip;]<\/p>\n","protected":false},"author":1011,"featured_media":0,"parent":0,"menu_order":0,"comment_status":"closed","ping_status":"closed","template":"","meta":{"footnotes":""},"_links":{"self":[{"href":"https:\/\/tecnologia.ufpr.br\/dtt\/wp-json\/wp\/v2\/pages\/2122"}],"collection":[{"href":"https:\/\/tecnologia.ufpr.br\/dtt\/wp-json\/wp\/v2\/pages"}],"about":[{"href":"https:\/\/tecnologia.ufpr.br\/dtt\/wp-json\/wp\/v2\/types\/page"}],"author":[{"embeddable":true,"href":"https:\/\/tecnologia.ufpr.br\/dtt\/wp-json\/wp\/v2\/users\/1011"}],"replies":[{"embeddable":true,"href":"https:\/\/tecnologia.ufpr.br\/dtt\/wp-json\/wp\/v2\/comments?post=2122"}],"version-history":[{"count":37,"href":"https:\/\/tecnologia.ufpr.br\/dtt\/wp-json\/wp\/v2\/pages\/2122\/revisions"}],"predecessor-version":[{"id":4432,"href":"https:\/\/tecnologia.ufpr.br\/dtt\/wp-json\/wp\/v2\/pages\/2122\/revisions\/4432"}],"wp:attachment":[{"href":"https:\/\/tecnologia.ufpr.br\/dtt\/wp-json\/wp\/v2\/media?parent=2122"}],"curies":[{"name":"wp","href":"https:\/\/api.w.org\/{rel}","templated":true}]}}