{"id":204,"date":"2016-07-22T20:26:08","date_gmt":"2016-07-22T20:26:08","guid":{"rendered":"https:\/\/tecnologia.ufpr.br\/dtt\/?page_id=204"},"modified":"2019-03-14T15:32:57","modified_gmt":"2019-03-14T18:32:57","slug":"formularios","status":"publish","type":"page","link":"https:\/\/tecnologia.ufpr.br\/dtt\/formularios\/","title":{"rendered":"Formul\u00e1rios"},"content":{"rendered":"<p><span style=\"text-decoration: underline\">EST\u00c1GIO SUPERVISIONADO:<\/span><\/p>\n<ul>\n<li><a href=\"https:\/\/tecnologia.ufpr.br\/dtt\/wp-content\/uploads\/sites\/12\/2016\/11\/Controle_Frequencia_2012.doc\">Formul\u00e1rio de Frequ\u00eancia&nbsp;de Est\u00e1gio Supervisionado<\/a><\/li>\n<li><a href=\"https:\/\/tecnologia.ufpr.br\/dtt\/wp-content\/uploads\/sites\/12\/2016\/11\/ORIENTACOES_DO_ESTAGIO_2011.pdf\">Formul\u00e1rio de Instru\u00e7\u00f5es de&nbsp;Est\u00e1gio Supervisionado<\/a><\/li>\n<li><a href=\"https:\/\/tecnologia.ufpr.br\/dtt\/wp-content\/uploads\/sites\/12\/2016\/11\/IDENTIFICACAO_DO_-PROGRAMA_2011-1.pdf\">Identifica\u00e7\u00e3o do Programa de Est\u00e1gio Supervisionado<\/a><\/li>\n<li><a href=\"https:\/\/tecnologia.ufpr.br\/dtt\/wp-content\/uploads\/sites\/12\/2016\/11\/RELATORIO-FINAL.docx\">Relat\u00f3rio Final de Est\u00e1gio Supervisionado<\/a><\/li>\n<\/ul>\n<p>&nbsp;<\/p>\n","protected":false},"excerpt":{"rendered":"<p>EST\u00c1GIO SUPERVISIONADO: Formul\u00e1rio de Frequ\u00eancia&nbsp;de Est\u00e1gio Supervisionado Formul\u00e1rio de Instru\u00e7\u00f5es de&nbsp;Est\u00e1gio Supervisionado Identifica\u00e7\u00e3o do Programa de Est\u00e1gio Supervisionado Relat\u00f3rio Final de Est\u00e1gio Supervisionado &nbsp;<\/p>\n","protected":false},"author":1011,"featured_media":0,"parent":0,"menu_order":0,"comment_status":"closed","ping_status":"closed","template":"","meta":{"footnotes":""},"_links":{"self":[{"href":"https:\/\/tecnologia.ufpr.br\/dtt\/wp-json\/wp\/v2\/pages\/204"}],"collection":[{"href":"https:\/\/tecnologia.ufpr.br\/dtt\/wp-json\/wp\/v2\/pages"}],"about":[{"href":"https:\/\/tecnologia.ufpr.br\/dtt\/wp-json\/wp\/v2\/types\/page"}],"author":[{"embeddable":true,"href":"https:\/\/tecnologia.ufpr.br\/dtt\/wp-json\/wp\/v2\/users\/1011"}],"replies":[{"embeddable":true,"href":"https:\/\/tecnologia.ufpr.br\/dtt\/wp-json\/wp\/v2\/comments?post=204"}],"version-history":[{"count":44,"href":"https:\/\/tecnologia.ufpr.br\/dtt\/wp-json\/wp\/v2\/pages\/204\/revisions"}],"predecessor-version":[{"id":2338,"href":"https:\/\/tecnologia.ufpr.br\/dtt\/wp-json\/wp\/v2\/pages\/204\/revisions\/2338"}],"wp:attachment":[{"href":"https:\/\/tecnologia.ufpr.br\/dtt\/wp-json\/wp\/v2\/media?parent=204"}],"curies":[{"name":"wp","href":"https:\/\/api.w.org\/{rel}","templated":true}]}}