{"id":1355,"date":"2017-02-20T20:26:32","date_gmt":"2017-02-20T20:26:32","guid":{"rendered":"https:\/\/tecnologia.ufpr.br\/dtt\/?page_id=1355"},"modified":"2020-03-02T15:32:35","modified_gmt":"2020-03-02T18:32:35","slug":"tt048-infra-estrutura-viaria","status":"publish","type":"page","link":"https:\/\/tecnologia.ufpr.br\/dtt\/tt048-infra-estrutura-viaria\/","title":{"rendered":"TT048 &#8211; Infraestrutura Vi\u00e1ria"},"content":{"rendered":"<p><a href=\"https:\/\/tecnologia.ufpr.br\/dtt\/wp-content\/uploads\/sites\/12\/2020\/03\/Apostila-PROJETO-GEOM\u00c9TRICO-2019.pdf\" data-wplink-edit=\"true\">Apostila-PROJETO-GEOM\u00c9TRICO-2019<\/a><\/p>\n<p><a href=\"https:\/\/tecnologia.ufpr.br\/dtt\/wp-content\/uploads\/sites\/12\/2019\/03\/Apostila-DRENAGEM-2015-revisada.pdf\">APOSTILA DE DRENAGEM<\/a><\/p>\n<p><a href=\"https:\/\/tecnologia.ufpr.br\/dtt\/wp-content\/uploads\/sites\/12\/2019\/05\/Terraplenagem2015.pdf\">APOSTILA DE TERRAPLENAGEM<\/a><\/p>\n<p><a href=\"https:\/\/tecnologia.ufpr.br\/dtt\/wp-content\/uploads\/sites\/12\/2019\/05\/Apostila-SINALIZA\u00c7\u00c3O-2009.pdf\">APOSTILA DE SINALIZA\u00c7\u00c3O<\/a><\/p>\n<p><a href=\"https:\/\/tecnologia.ufpr.br\/dtt\/wp-content\/uploads\/sites\/12\/2019\/05\/Apostila-CUSTOS-2015-revisadafinal1.pdf\">APOSTILA DE COMPOSI\u00c7\u00c3O DE CUSTOS<\/a><\/p>\n\n\n<p><\/p>\n","protected":false},"excerpt":{"rendered":"<p>Apostila-PROJETO-GEOM\u00c9TRICO-2019 APOSTILA DE DRENAGEM APOSTILA DE TERRAPLENAGEM APOSTILA DE SINALIZA\u00c7\u00c3O APOSTILA DE COMPOSI\u00c7\u00c3O DE CUSTOS<\/p>\n","protected":false},"author":1011,"featured_media":0,"parent":0,"menu_order":0,"comment_status":"closed","ping_status":"closed","template":"","meta":{"footnotes":""},"_links":{"self":[{"href":"https:\/\/tecnologia.ufpr.br\/dtt\/wp-json\/wp\/v2\/pages\/1355"}],"collection":[{"href":"https:\/\/tecnologia.ufpr.br\/dtt\/wp-json\/wp\/v2\/pages"}],"about":[{"href":"https:\/\/tecnologia.ufpr.br\/dtt\/wp-json\/wp\/v2\/types\/page"}],"author":[{"embeddable":true,"href":"https:\/\/tecnologia.ufpr.br\/dtt\/wp-json\/wp\/v2\/users\/1011"}],"replies":[{"embeddable":true,"href":"https:\/\/tecnologia.ufpr.br\/dtt\/wp-json\/wp\/v2\/comments?post=1355"}],"version-history":[{"count":21,"href":"https:\/\/tecnologia.ufpr.br\/dtt\/wp-json\/wp\/v2\/pages\/1355\/revisions"}],"predecessor-version":[{"id":3861,"href":"https:\/\/tecnologia.ufpr.br\/dtt\/wp-json\/wp\/v2\/pages\/1355\/revisions\/3861"}],"wp:attachment":[{"href":"https:\/\/tecnologia.ufpr.br\/dtt\/wp-json\/wp\/v2\/media?parent=1355"}],"curies":[{"name":"wp","href":"https:\/\/api.w.org\/{rel}","templated":true}]}}