{"id":1011,"date":"2016-09-21T17:34:56","date_gmt":"2016-09-21T17:34:56","guid":{"rendered":"https:\/\/tecnologia.ufpr.br\/dtt\/?page_id=1011"},"modified":"2026-03-04T15:25:33","modified_gmt":"2026-03-04T18:25:33","slug":"tt047-equipamento-de-construcao-e-conserva","status":"publish","type":"page","link":"https:\/\/tecnologia.ufpr.br\/dtt\/tt047-equipamento-de-construcao-e-conserva\/","title":{"rendered":"TT047 &#8211; Equipamentos de Constru\u00e7\u00e3o e Conserva\u00e7\u00e3o"},"content":{"rendered":"<ul>\n<li><span style=\"color: #008000\"><a href=\"https:\/\/tecnologia.ufpr.br\/dtt\/wp-content\/uploads\/sites\/12\/2023\/08\/Apostila-de-Equipamentos-Digitalizada-Tadeo-Jaworski-2023.pdf\">Apostila de Equipamentos de Terraplanagem e Pavimenta\u00e7\u00e3o\u00a0 TT503<\/a>\u00a0 \u00a0&#8211; Prof. Tadeo Jaworski \u00a0 \u00a0 \u00a0 \u00a0 \u00a0 \u00a0 \u00a0 \u00a0 \u00a0 \u00a0 \u00a0 \u00a0\u00a0<\/span><\/li>\n<\/ul>\n<h2><\/h2>\n<p>Link programa TCC J. Azevedo &#8211; fase de testes (baixar todos os arquivos e em seguida executar o Setup): <a href=\"https:\/\/www.dropbox.com\/sh\/t22dcp722wz1oe8\/AAByOJRzhAPUD79PkYVSrnBea?dl=0\" target=\"_blank\" rel=\"noopener noreferrer\">link<\/a><\/p>\n","protected":false},"excerpt":{"rendered":"<p>Apostila de Equipamentos de Terraplanagem e Pavimenta\u00e7\u00e3o\u00a0 TT503\u00a0 \u00a0&#8211; Prof. Tadeo Jaworski \u00a0 \u00a0 \u00a0 \u00a0 \u00a0 \u00a0 \u00a0 \u00a0 \u00a0 \u00a0 \u00a0 \u00a0\u00a0 Link programa TCC J. Azevedo &#8211; fase de testes (baixar todos os arquivos e em seguida executar o Setup): link<\/p>\n","protected":false},"author":1011,"featured_media":0,"parent":0,"menu_order":0,"comment_status":"closed","ping_status":"closed","template":"","meta":{"footnotes":""},"_links":{"self":[{"href":"https:\/\/tecnologia.ufpr.br\/dtt\/wp-json\/wp\/v2\/pages\/1011"}],"collection":[{"href":"https:\/\/tecnologia.ufpr.br\/dtt\/wp-json\/wp\/v2\/pages"}],"about":[{"href":"https:\/\/tecnologia.ufpr.br\/dtt\/wp-json\/wp\/v2\/types\/page"}],"author":[{"embeddable":true,"href":"https:\/\/tecnologia.ufpr.br\/dtt\/wp-json\/wp\/v2\/users\/1011"}],"replies":[{"embeddable":true,"href":"https:\/\/tecnologia.ufpr.br\/dtt\/wp-json\/wp\/v2\/comments?post=1011"}],"version-history":[{"count":18,"href":"https:\/\/tecnologia.ufpr.br\/dtt\/wp-json\/wp\/v2\/pages\/1011\/revisions"}],"predecessor-version":[{"id":4692,"href":"https:\/\/tecnologia.ufpr.br\/dtt\/wp-json\/wp\/v2\/pages\/1011\/revisions\/4692"}],"wp:attachment":[{"href":"https:\/\/tecnologia.ufpr.br\/dtt\/wp-json\/wp\/v2\/media?parent=1011"}],"curies":[{"name":"wp","href":"https:\/\/api.w.org\/{rel}","templated":true}]}}