{"id":335,"date":"2021-04-16T21:27:01","date_gmt":"2021-04-17T00:27:01","guid":{"rendered":"https:\/\/tecnologia.ufpr.br\/dhs\/?page_id=335"},"modified":"2021-04-16T21:27:01","modified_gmt":"2021-04-17T00:27:01","slug":"laboratorio-de-sedimentometria","status":"publish","type":"page","link":"https:\/\/tecnologia.ufpr.br\/dhs\/laboratorio-de-sedimentometria\/","title":{"rendered":"Laborat\u00f3rio de Sedimentometria"},"content":{"rendered":"\n<p>O estudo da produ\u00e7\u00e3o e transporte de sedimentos \u00e9 uma atividade altamente complexa e ao mesmo tempo extremamente necess\u00e1ria devido aos impactos econ\u00f4micos e ambientais. O monitoramento do transporte de sedimentos envolve uma grande variedade de situa\u00e7\u00f5es complexas e uso de um conjunto de instrumentos especializados, o que demanda ao profissional envolvido nesta \u00e1rea uma constante atualiza\u00e7\u00e3o quanto a m\u00e9todos e t\u00e9cnicas. Esta complexidade aliada ao alto custo das an\u00e1lises faz com que este tipo de monitoramento seja bastante limitado no Brasil.<br>\u00a0\u00a0\u00a0\u00a0Existe, portanto, necessidade de forma\u00e7\u00e3o e treinamento de pessoal e amplia\u00e7\u00e3o da pesquisa b\u00e1sica e aplicada nesta \u00e1rea, principalmente no desenvolvimento e padroniza\u00e7\u00e3o de equipamentos e t\u00e9cnicas com \u00eanfase em processos autom\u00e1ticos, associando novas tecnologias \u00e0quelas j\u00e1 consagradas.<br>\u00a0\u00a0\u00a0\u00a0O Departamento de Hidr\u00e1ulica e Saneamento e o LACTEC possuem alguns equipamentos para amostragem e medi\u00e7\u00e3o do transporte de sedimentos em campo, no entanto, n\u00e3o possuem infra-estrutura adequada para realiza\u00e7\u00e3o de an\u00e1lises sedimentom\u00e9tricas e principalmente para uso did\u00e1tico deste conhecimento. O espa\u00e7o f\u00edsico deste laborat\u00f3rio, instalado precariamente em \u00e1rea conveniada com o LACTEC, dever\u00e1 ser adequado para a realiza\u00e7\u00e3o dos ensaios t\u00e9cnicos, bem como para atender atividades did\u00e1ticas.<\/p>\n","protected":false},"excerpt":{"rendered":"<p>O estudo da produ\u00e7\u00e3o e transporte de sedimentos \u00e9 uma atividade altamente complexa e ao mesmo tempo extremamente necess\u00e1ria devido aos impactos econ\u00f4micos e ambientais. O monitoramento do transporte de sedimentos envolve uma grande variedade de situa\u00e7\u00f5es complexas e uso de um conjunto de instrumentos especializados, o que demanda ao profissional envolvido nesta \u00e1rea uma [&hellip;]<\/p>\n","protected":false},"author":1076,"featured_media":0,"parent":0,"menu_order":0,"comment_status":"closed","ping_status":"closed","template":"","meta":{"footnotes":""},"_links":{"self":[{"href":"https:\/\/tecnologia.ufpr.br\/dhs\/wp-json\/wp\/v2\/pages\/335"}],"collection":[{"href":"https:\/\/tecnologia.ufpr.br\/dhs\/wp-json\/wp\/v2\/pages"}],"about":[{"href":"https:\/\/tecnologia.ufpr.br\/dhs\/wp-json\/wp\/v2\/types\/page"}],"author":[{"embeddable":true,"href":"https:\/\/tecnologia.ufpr.br\/dhs\/wp-json\/wp\/v2\/users\/1076"}],"replies":[{"embeddable":true,"href":"https:\/\/tecnologia.ufpr.br\/dhs\/wp-json\/wp\/v2\/comments?post=335"}],"version-history":[{"count":1,"href":"https:\/\/tecnologia.ufpr.br\/dhs\/wp-json\/wp\/v2\/pages\/335\/revisions"}],"predecessor-version":[{"id":336,"href":"https:\/\/tecnologia.ufpr.br\/dhs\/wp-json\/wp\/v2\/pages\/335\/revisions\/336"}],"wp:attachment":[{"href":"https:\/\/tecnologia.ufpr.br\/dhs\/wp-json\/wp\/v2\/media?parent=335"}],"curies":[{"name":"wp","href":"https:\/\/api.w.org\/{rel}","templated":true}]}}