{"id":331,"date":"2021-04-16T21:21:46","date_gmt":"2021-04-17T00:21:46","guid":{"rendered":"https:\/\/tecnologia.ufpr.br\/dhs\/?page_id=331"},"modified":"2021-04-16T21:21:46","modified_gmt":"2021-04-17T00:21:46","slug":"bacia-experimental-do-rio-barigui-laboratorio-de-campo","status":"publish","type":"page","link":"https:\/\/tecnologia.ufpr.br\/dhs\/bacia-experimental-do-rio-barigui-laboratorio-de-campo\/","title":{"rendered":"Bacia Experimental do Rio Barigui &#8211; Laborat\u00f3rio de Campo"},"content":{"rendered":"\n<p>O DHS e PPGERHA tem como conceito a atua\u00e7\u00e3o voltada \u00e0 forma\u00e7\u00e3o de profissionais que produzam conhecimento \u00e0 luz de todas as quest\u00f5es ambientais hoje em evid\u00eancia, o que inclui o entendimento de todos os aspectos relacionados \u00e0 \u00e1gua, visando a sustentabilidade e a inser\u00e7\u00e3o de conceitos que consideram a bacia hidrogr\u00e1fica como unidade de planejamento e de gest\u00e3o. Mais especificamente, altera\u00e7\u00f5es do Ciclo Hidrol\u00f3gico provocadas por a\u00e7\u00f5es externas ao ciclo em si, como influ\u00eancia das caracter\u00edsticas de uso e ocupa\u00e7\u00e3o do solo.<br>A bacia do rio Barigui \u00e9 umas das principais bacias da Regi\u00e3o Metropolitana de Curitiba, com a peculiaridade de concentrar os efeitos r\u00e1pidos impactantes dos processos de uso e ocupa\u00e7\u00e3o do solo. A bacia possui uma forte influ\u00eancia dos mecanismos de uso e ocupa\u00e7\u00e3o do solo, rural, urbana e industrial, de forma bastante compartimentada. Estudos inicialmente realizados nesta bacia,, permitiram a consolida\u00e7\u00e3o de apoio de coopera\u00e7\u00e3o entre o PPGERHA e a SUDERHSA.<br>A bacia do Rio Barigui possui uma \u00e1rea de drenagem de 279 km2, da nascente at\u00e9 sua foz, com uma extens\u00e3o de 66 km. As suas nascentes situam-se no munic\u00edpio de Almirante Tamandar\u00e9 e sua foz no rio Igua\u00e7u, na divisa entre os munic\u00edpios de Arauc\u00e1ria e Curitiba. A bacia do rio Barig\u00fci est\u00e1 inserida em uma \u00e1rea relativamente privilegiada em termos de observa\u00e7\u00f5es hidrometereol\u00f3gicas para sua oportuna e consistente caracteriza\u00e7\u00e3o hidrol\u00f3gica. Nesta bacia est\u00e3o implementadas 4 esta\u00e7\u00f5es de monitoramento autom\u00e1tico, com sensores de chuva, n\u00edvel, condutividade, pH, oxig\u00eanio dissolvido e temperatura. Al\u00e9m destas, existe uma esta\u00e7\u00e3o na por\u00e7\u00e3o inferior da Bacia, que \u00e9 mantida pela SUDERHSA, o que permite a complementaridade das informa\u00e7\u00f5es para estudos hidrol\u00f3gicos, de qualidade da \u00e1gua e de gest\u00e3o de recursos h\u00eddricos.<\/p>\n\n\n\n<div class=\"wp-block-image\"><figure class=\"aligncenter size-large\"><img loading=\"lazy\" decoding=\"async\" width=\"267\" height=\"200\" src=\"https:\/\/tecnologia.ufpr.br\/dhs\/wp-content\/uploads\/sites\/44\/2021\/04\/Kombi.jpg\" alt=\"\" class=\"wp-image-332\" srcset=\"https:\/\/tecnologia.ufpr.br\/dhs\/wp-content\/uploads\/sites\/44\/2021\/04\/Kombi.jpg 267w, https:\/\/tecnologia.ufpr.br\/dhs\/wp-content\/uploads\/sites\/44\/2021\/04\/Kombi-160x120.jpg 160w\" sizes=\"(max-width: 267px) 100vw, 267px\" \/><\/figure><\/div>\n","protected":false},"excerpt":{"rendered":"<p>O DHS e PPGERHA tem como conceito a atua\u00e7\u00e3o voltada \u00e0 forma\u00e7\u00e3o de profissionais que produzam conhecimento \u00e0 luz de todas as quest\u00f5es ambientais hoje em evid\u00eancia, o que inclui o entendimento de todos os aspectos relacionados \u00e0 \u00e1gua, visando a sustentabilidade e a inser\u00e7\u00e3o de conceitos que consideram a bacia hidrogr\u00e1fica como unidade de [&hellip;]<\/p>\n","protected":false},"author":1076,"featured_media":0,"parent":0,"menu_order":0,"comment_status":"closed","ping_status":"closed","template":"","meta":{"footnotes":""},"_links":{"self":[{"href":"https:\/\/tecnologia.ufpr.br\/dhs\/wp-json\/wp\/v2\/pages\/331"}],"collection":[{"href":"https:\/\/tecnologia.ufpr.br\/dhs\/wp-json\/wp\/v2\/pages"}],"about":[{"href":"https:\/\/tecnologia.ufpr.br\/dhs\/wp-json\/wp\/v2\/types\/page"}],"author":[{"embeddable":true,"href":"https:\/\/tecnologia.ufpr.br\/dhs\/wp-json\/wp\/v2\/users\/1076"}],"replies":[{"embeddable":true,"href":"https:\/\/tecnologia.ufpr.br\/dhs\/wp-json\/wp\/v2\/comments?post=331"}],"version-history":[{"count":1,"href":"https:\/\/tecnologia.ufpr.br\/dhs\/wp-json\/wp\/v2\/pages\/331\/revisions"}],"predecessor-version":[{"id":333,"href":"https:\/\/tecnologia.ufpr.br\/dhs\/wp-json\/wp\/v2\/pages\/331\/revisions\/333"}],"wp:attachment":[{"href":"https:\/\/tecnologia.ufpr.br\/dhs\/wp-json\/wp\/v2\/media?parent=331"}],"curies":[{"name":"wp","href":"https:\/\/api.w.org\/{rel}","templated":true}]}}