{"id":323,"date":"2021-04-16T21:11:14","date_gmt":"2021-04-17T00:11:14","guid":{"rendered":"https:\/\/tecnologia.ufpr.br\/dhs\/?page_id=323"},"modified":"2021-04-16T21:11:14","modified_gmt":"2021-04-17T00:11:14","slug":"laboratorio-de-pilotos-de-saneamento-ambiental","status":"publish","type":"page","link":"https:\/\/tecnologia.ufpr.br\/dhs\/laboratorio-de-pilotos-de-saneamento-ambiental\/","title":{"rendered":"Laborat\u00f3rio de Pilotos de Saneamento Ambiental"},"content":{"rendered":"\n<p>As pesquisas de Saneamento Ambiental podem se desenvolver em escala real, piloto ou bancada. A primeira, caracter\u00edstica de pesquisa aplicada, possui como inconvenientes as dificuldades de acesso e pouca ou nenhuma flexibilidade nas taxas e cargas de aplica\u00e7\u00e3o.Assim predominam as pesquisas em bancada e piloto que podem assumir o car\u00e1ter de b\u00e1sica e aplicada.<br>&nbsp;&nbsp;&nbsp;&nbsp;O PPGERHA desenvolve suas pesquisas com pilotos, de maneira prec\u00e1ria, em \u00e1rea pr\u00f3xima ao DHS. Quanto as atividades did\u00e1ticas na gradua\u00e7\u00e3o espera-se imediatamente preparar bancadas para receber o jar-test, o flota-teste, a mini-ETA bem como reatores para o tratamento biol\u00f3gico (tipo UASB e Lodos Ativados).<\/p>\n","protected":false},"excerpt":{"rendered":"<p>As pesquisas de Saneamento Ambiental podem se desenvolver em escala real, piloto ou bancada. A primeira, caracter\u00edstica de pesquisa aplicada, possui como inconvenientes as dificuldades de acesso e pouca ou nenhuma flexibilidade nas taxas e cargas de aplica\u00e7\u00e3o.Assim predominam as pesquisas em bancada e piloto que podem assumir o car\u00e1ter de b\u00e1sica e aplicada.&nbsp;&nbsp;&nbsp;&nbsp;O PPGERHA [&hellip;]<\/p>\n","protected":false},"author":1076,"featured_media":0,"parent":0,"menu_order":0,"comment_status":"closed","ping_status":"closed","template":"","meta":{"footnotes":""},"_links":{"self":[{"href":"https:\/\/tecnologia.ufpr.br\/dhs\/wp-json\/wp\/v2\/pages\/323"}],"collection":[{"href":"https:\/\/tecnologia.ufpr.br\/dhs\/wp-json\/wp\/v2\/pages"}],"about":[{"href":"https:\/\/tecnologia.ufpr.br\/dhs\/wp-json\/wp\/v2\/types\/page"}],"author":[{"embeddable":true,"href":"https:\/\/tecnologia.ufpr.br\/dhs\/wp-json\/wp\/v2\/users\/1076"}],"replies":[{"embeddable":true,"href":"https:\/\/tecnologia.ufpr.br\/dhs\/wp-json\/wp\/v2\/comments?post=323"}],"version-history":[{"count":1,"href":"https:\/\/tecnologia.ufpr.br\/dhs\/wp-json\/wp\/v2\/pages\/323\/revisions"}],"predecessor-version":[{"id":324,"href":"https:\/\/tecnologia.ufpr.br\/dhs\/wp-json\/wp\/v2\/pages\/323\/revisions\/324"}],"wp:attachment":[{"href":"https:\/\/tecnologia.ufpr.br\/dhs\/wp-json\/wp\/v2\/media?parent=323"}],"curies":[{"name":"wp","href":"https:\/\/api.w.org\/{rel}","templated":true}]}}