{"id":320,"date":"2021-04-16T21:08:55","date_gmt":"2021-04-17T00:08:55","guid":{"rendered":"https:\/\/tecnologia.ufpr.br\/dhs\/?page_id=320"},"modified":"2021-04-16T21:08:55","modified_gmt":"2021-04-17T00:08:55","slug":"laboratorio-de-mecanica-dos-fluidos-e-de-hidraulica","status":"publish","type":"page","link":"https:\/\/tecnologia.ufpr.br\/dhs\/laboratorio-de-mecanica-dos-fluidos-e-de-hidraulica\/","title":{"rendered":"Laborat\u00f3rio de Mec\u00e2nica dos Fluidos e de Hidr\u00e1ulica"},"content":{"rendered":"\n<p>O Laborat\u00f3rio de Mec\u00e2nica dos Fluidos e de Hidr\u00e1ulica j\u00e1 atende o Curso de gradua\u00e7\u00e3o em Engenharia Civil, bem como o curso de mestrado PPGERHA. Pretende-se adequ\u00e1-lo para, al\u00e9m de melhor acomodar os equipamentos existentes, receber novos equipamentos did\u00e1ticos aprimorando as pr\u00e1ticas decorrentes do equil\u00edbrio e escoamento da \u00e1gua e do ar.<\/p>\n\n\n\n<div class=\"wp-block-image\"><figure class=\"aligncenter size-large\"><img loading=\"lazy\" decoding=\"async\" width=\"187\" height=\"138\" src=\"https:\/\/tecnologia.ufpr.br\/dhs\/wp-content\/uploads\/sites\/44\/2021\/04\/lab_mecflu1.png\" alt=\"\" class=\"wp-image-321\" srcset=\"https:\/\/tecnologia.ufpr.br\/dhs\/wp-content\/uploads\/sites\/44\/2021\/04\/lab_mecflu1.png 187w, https:\/\/tecnologia.ufpr.br\/dhs\/wp-content\/uploads\/sites\/44\/2021\/04\/lab_mecflu1-160x118.png 160w\" sizes=\"(max-width: 187px) 100vw, 187px\" \/><\/figure><\/div>\n\n\n\n<p><\/p>\n","protected":false},"excerpt":{"rendered":"<p>O Laborat\u00f3rio de Mec\u00e2nica dos Fluidos e de Hidr\u00e1ulica j\u00e1 atende o Curso de gradua\u00e7\u00e3o em Engenharia Civil, bem como o curso de mestrado PPGERHA. Pretende-se adequ\u00e1-lo para, al\u00e9m de melhor acomodar os equipamentos existentes, receber novos equipamentos did\u00e1ticos aprimorando as pr\u00e1ticas decorrentes do equil\u00edbrio e escoamento da \u00e1gua e do ar.<\/p>\n","protected":false},"author":1076,"featured_media":0,"parent":0,"menu_order":0,"comment_status":"closed","ping_status":"closed","template":"","meta":{"footnotes":""},"_links":{"self":[{"href":"https:\/\/tecnologia.ufpr.br\/dhs\/wp-json\/wp\/v2\/pages\/320"}],"collection":[{"href":"https:\/\/tecnologia.ufpr.br\/dhs\/wp-json\/wp\/v2\/pages"}],"about":[{"href":"https:\/\/tecnologia.ufpr.br\/dhs\/wp-json\/wp\/v2\/types\/page"}],"author":[{"embeddable":true,"href":"https:\/\/tecnologia.ufpr.br\/dhs\/wp-json\/wp\/v2\/users\/1076"}],"replies":[{"embeddable":true,"href":"https:\/\/tecnologia.ufpr.br\/dhs\/wp-json\/wp\/v2\/comments?post=320"}],"version-history":[{"count":1,"href":"https:\/\/tecnologia.ufpr.br\/dhs\/wp-json\/wp\/v2\/pages\/320\/revisions"}],"predecessor-version":[{"id":322,"href":"https:\/\/tecnologia.ufpr.br\/dhs\/wp-json\/wp\/v2\/pages\/320\/revisions\/322"}],"wp:attachment":[{"href":"https:\/\/tecnologia.ufpr.br\/dhs\/wp-json\/wp\/v2\/media?parent=320"}],"curies":[{"name":"wp","href":"https:\/\/api.w.org\/{rel}","templated":true}]}}