{"id":312,"date":"2021-04-16T21:00:32","date_gmt":"2021-04-17T00:00:32","guid":{"rendered":"https:\/\/tecnologia.ufpr.br\/dhs\/?page_id=312"},"modified":"2021-04-16T21:05:59","modified_gmt":"2021-04-17T00:05:59","slug":"labeam-laboratorio-de-engenharia-ambiental-francisco-borsari-netto","status":"publish","type":"page","link":"https:\/\/tecnologia.ufpr.br\/dhs\/labeam-laboratorio-de-engenharia-ambiental-francisco-borsari-netto\/","title":{"rendered":"LABEAM &#8211; Laborat\u00f3rio de  Engenharia Ambiental Francisco Borsari Netto"},"content":{"rendered":"\n<p>O LABEAM teve as suas atividades iniciadas em 2003 como resultado de financiamento de projeto por edital CNPq\/CT-HIDRO-FINEP para suporte \u00e0 pesquisa de mestrado e doutorado. Este laborat\u00f3rio apresenta como uma das suas principais caracter\u00edsticas o fato de ser multiusu\u00e1rio, apoiando a pesquisa de quatro setores da UFPR. Al\u00e9m dos procedimentos convencionais de an\u00e1lise de par\u00e2metros f\u00edsico-qu\u00edmicos de qualidade da \u00e1gua, o LABEAM tamb\u00e9m disp\u00f5e de equipe com capacidade t\u00e9cnica e equipamentos de \u00faltima gera\u00e7\u00e3o para a realiza\u00e7\u00e3o de an\u00e1lises em biologia molecular aplicada \u00e0 Engenharia Sanit\u00e1ria, cromatografia gasosa e l\u00edquida de alta efici\u00eancia e an\u00e1lise de carbono org\u00e2nico total.<br>Este laborat\u00f3rio abriga tr\u00eas equipamentos com caracter\u00edsticas de multi-utilidade, isto \u00e9, podem suprir a demanda de v\u00e1rios grupos de pesquisa da UFPR:<\/p>\n\n\n\n<ul><li>Analizador de carbono org\u00e2nico em amostras l\u00edquidas<\/li><li>Cromat\u00f3grafo l\u00edquido de alta efici\u00eancia<\/li><li>Espectrofot\u00f4metro de luz vis\u00edvel<\/li><\/ul>\n\n\n\n<div class=\"wp-block-image\"><figure class=\"aligncenter size-large\"><img loading=\"lazy\" decoding=\"async\" width=\"186\" height=\"139\" src=\"https:\/\/tecnologia.ufpr.br\/dhs\/wp-content\/uploads\/sites\/44\/2021\/04\/labeam1.png\" alt=\"\" class=\"wp-image-314\" srcset=\"https:\/\/tecnologia.ufpr.br\/dhs\/wp-content\/uploads\/sites\/44\/2021\/04\/labeam1.png 186w, https:\/\/tecnologia.ufpr.br\/dhs\/wp-content\/uploads\/sites\/44\/2021\/04\/labeam1-160x120.png 160w\" sizes=\"(max-width: 186px) 100vw, 186px\" \/><\/figure><\/div>\n","protected":false},"excerpt":{"rendered":"<p>O LABEAM teve as suas atividades iniciadas em 2003 como resultado de financiamento de projeto por edital CNPq\/CT-HIDRO-FINEP para suporte \u00e0 pesquisa de mestrado e doutorado. Este laborat\u00f3rio apresenta como uma das suas principais caracter\u00edsticas o fato de ser multiusu\u00e1rio, apoiando a pesquisa de quatro setores da UFPR. Al\u00e9m dos procedimentos convencionais de an\u00e1lise de [&hellip;]<\/p>\n","protected":false},"author":1076,"featured_media":0,"parent":0,"menu_order":0,"comment_status":"closed","ping_status":"closed","template":"","meta":{"footnotes":""},"_links":{"self":[{"href":"https:\/\/tecnologia.ufpr.br\/dhs\/wp-json\/wp\/v2\/pages\/312"}],"collection":[{"href":"https:\/\/tecnologia.ufpr.br\/dhs\/wp-json\/wp\/v2\/pages"}],"about":[{"href":"https:\/\/tecnologia.ufpr.br\/dhs\/wp-json\/wp\/v2\/types\/page"}],"author":[{"embeddable":true,"href":"https:\/\/tecnologia.ufpr.br\/dhs\/wp-json\/wp\/v2\/users\/1076"}],"replies":[{"embeddable":true,"href":"https:\/\/tecnologia.ufpr.br\/dhs\/wp-json\/wp\/v2\/comments?post=312"}],"version-history":[{"count":3,"href":"https:\/\/tecnologia.ufpr.br\/dhs\/wp-json\/wp\/v2\/pages\/312\/revisions"}],"predecessor-version":[{"id":319,"href":"https:\/\/tecnologia.ufpr.br\/dhs\/wp-json\/wp\/v2\/pages\/312\/revisions\/319"}],"wp:attachment":[{"href":"https:\/\/tecnologia.ufpr.br\/dhs\/wp-json\/wp\/v2\/media?parent=312"}],"curies":[{"name":"wp","href":"https:\/\/api.w.org\/{rel}","templated":true}]}}