{"id":18,"date":"2020-09-18T16:42:05","date_gmt":"2020-09-18T19:42:05","guid":{"rendered":"https:\/\/tecnologia.ufpr.br\/dhs\/?page_id=18"},"modified":"2024-03-06T14:51:39","modified_gmt":"2024-03-06T17:51:39","slug":"apresentacao","status":"publish","type":"page","link":"https:\/\/tecnologia.ufpr.br\/dhs\/apresentacao\/","title":{"rendered":"Apresenta\u00e7\u00e3o"},"content":{"rendered":"<div class=\"wp-block-image\">\n<figure class=\"aligncenter size-large is-resized\"><img loading=\"lazy\" decoding=\"async\" width=\"259\" height=\"194\" src=\"https:\/\/tecnologia.ufpr.br\/dhs\/wp-content\/uploads\/sites\/44\/2021\/03\/palnta.jpg\" alt=\"\" class=\"wp-image-35\" style=\"width:366px;height:274px\" srcset=\"https:\/\/tecnologia.ufpr.br\/dhs\/wp-content\/uploads\/sites\/44\/2021\/03\/palnta.jpg 259w, https:\/\/tecnologia.ufpr.br\/dhs\/wp-content\/uploads\/sites\/44\/2021\/03\/palnta-160x120.jpg 160w\" sizes=\"(max-width: 259px) 100vw, 259px\" \/><\/figure><\/div>\n\n\n<p class=\"has-text-align-center\">O Departamento de Hidr\u00e1ulica e Saneamento (DHS) insere-se no Setor de Tecnologia da Universidade Federal do Paran\u00e1 &#8211; UFPR. Em conjunto com os Departamentos de Constru\u00e7\u00e3o Civil e Transportes, constitui-se em um dos pilares que sustentam o Curso de Engenharia Civil dessa Universidade. De forma geral, o DHS agrega professores com forma\u00e7\u00e3o em Engenharia e atuantes na \u00e1rea dos Recursos H\u00eddricos, seja sob o ponto de vista da Hidr\u00e1ulica, da Hidrologia, do Saneamento ou do Meio Ambiente.<br>Al\u00e9m da atua\u00e7\u00e3o did\u00e1tica no curso de gradua\u00e7\u00e3o em Engenharia Civil, o DHS tem disciplinas ofertadas para os cursos de gradua\u00e7\u00e3o em Engenharia de Produ\u00e7\u00e3o, Engenharia El\u00e9trica, Engenharia Cartogr\u00e1fica, Engenharia Ambiental e Arquitetura e Urbanismo.<br>Extrapolando aos cursos de gradua\u00e7\u00e3o, o DHS tem atua\u00e7\u00e3o intensiva no curso de P\u00f3s-gradua\u00e7\u00e3o em Engenharia de Recursos H\u00eddricos e Ambiental &#8211; PPGERHA, curso que, ao n\u00edvel de mestrado, nasceu por iniciativa do pr\u00f3prio DHS e que agora, ainda sob a coordena\u00e7\u00e3o de professor do Departamento, consolidou-se definitivamente com a implanta\u00e7\u00e3o do curso de doutorado, no ano de 2009. Em conformidade com o pr\u00f3prio nome, o curso de p\u00f3s-gradua\u00e7\u00e3o oferece duas \u00e1reas de concentra\u00e7\u00e3o, a saber: Engenharia de Recursos H\u00eddricos e Engenharia Ambiental. A \u00e1rea de concentra\u00e7\u00e3o em Engenharia de Recursos H\u00eddricos engloba as \u00e1reas tradicionais da Hidr\u00e1ulica e Hidrologia, apoiando-se em quatro linhas de pesquisa distintas, quais sejam: Hidr\u00e1ulica Experimental; Hidr\u00e1ulica Computacional; Hidrologia Estoc\u00e1stica e Estudos Energ\u00e9ticos; e Hidrologia Determin\u00edstica. A \u00e1rea de concentra\u00e7\u00e3o de Engenharia Ambiental tem por objetivo a forma\u00e7\u00e3o acad\u00eamica de profissionais para atuar nas complexas intera\u00e7\u00f5es dos ecossistemas, a partir de uma abordagem sist\u00eamica orientada \u00e0 proposi\u00e7\u00e3o de solu\u00e7\u00f5es, com base no conceito de sustentabilidade ambiental. Neste sentido apoia-se em duas linhas de pesquisa, ou seja: Gest\u00e3o, Monitoramento e Modelagem de Sistemas Ambientais; e Tecnologias para Sistemas Ambientais.<br>Atrav\u00e9s do programa de p\u00f3s-gradua\u00e7\u00e3o o DHS vem desenvolvendo projetos de pesquisa em sua \u00e1rea de atua\u00e7\u00e3o, financiados por institui\u00e7\u00f5es de fomento, contribuindo para a forma\u00e7\u00e3o profissional e para a organiza\u00e7\u00e3o e o desenvolvimento social.<\/p>\n\n\n\n<p><\/p>\n\n\n\n<p><\/p>\n\n\n\n<p><\/p>\n\n\n\n<p class=\"has-text-align-center\"><strong>PLANEJAMENTO T\u00c1TICO DO DEPARTAMENTO DE HIDR\u00c1ULICA E SANEAMENTO<\/strong><\/p>\n\n\n\n<p class=\"has-text-align-center\">Atualmente, nosso departamento est\u00e1 em uma fase inicial de desenvolvimento do Planejamento T\u00e1tico, bem como na defini\u00e7\u00e3o de metas e objetivos estrat\u00e9gico que pautar\u00e3o nossas a\u00e7\u00f5es e atividades futuras.<\/p>\n\n\n\n<p class=\"has-text-align-center\">Este processo de planejamento est\u00e1 sendo elaborado com base nos princ\u00edpios e diretrizes estabelecidos pelo Projeto Pedag\u00f3gico Institucional (PPI) e pelo Plano Estrat\u00e9gico Institucional (PEI) da UFPR, assegurando que nossas iniciativas estejam alinhadas com os valores e miss\u00f5es institucionais.<\/p>\n\n\n\n<p class=\"has-text-align-center\">Tamb\u00e9m estamos acompanhando a elabora\u00e7\u00e3o do Planejamento T\u00e1tico do Setor de Tecnologia (tamb\u00e9m em fase de desenvolvimento) para que tamb\u00e9m estejamos alinhados com os objetivos e metas de nosso setor.<\/p>\n","protected":false},"excerpt":{"rendered":"<p>O Departamento de Hidr\u00e1ulica e Saneamento (DHS) insere-se no Setor de Tecnologia da Universidade Federal do Paran\u00e1 &#8211; UFPR. Em conjunto com os Departamentos de Constru\u00e7\u00e3o Civil e Transportes, constitui-se em um dos pilares que sustentam o Curso de Engenharia Civil dessa Universidade. De forma geral, o DHS agrega professores com forma\u00e7\u00e3o em Engenharia e [&hellip;]<\/p>\n","protected":false},"author":1076,"featured_media":0,"parent":0,"menu_order":0,"comment_status":"closed","ping_status":"closed","template":"","meta":{"footnotes":""},"_links":{"self":[{"href":"https:\/\/tecnologia.ufpr.br\/dhs\/wp-json\/wp\/v2\/pages\/18"}],"collection":[{"href":"https:\/\/tecnologia.ufpr.br\/dhs\/wp-json\/wp\/v2\/pages"}],"about":[{"href":"https:\/\/tecnologia.ufpr.br\/dhs\/wp-json\/wp\/v2\/types\/page"}],"author":[{"embeddable":true,"href":"https:\/\/tecnologia.ufpr.br\/dhs\/wp-json\/wp\/v2\/users\/1076"}],"replies":[{"embeddable":true,"href":"https:\/\/tecnologia.ufpr.br\/dhs\/wp-json\/wp\/v2\/comments?post=18"}],"version-history":[{"count":9,"href":"https:\/\/tecnologia.ufpr.br\/dhs\/wp-json\/wp\/v2\/pages\/18\/revisions"}],"predecessor-version":[{"id":967,"href":"https:\/\/tecnologia.ufpr.br\/dhs\/wp-json\/wp\/v2\/pages\/18\/revisions\/967"}],"wp:attachment":[{"href":"https:\/\/tecnologia.ufpr.br\/dhs\/wp-json\/wp\/v2\/media?parent=18"}],"curies":[{"name":"wp","href":"https:\/\/api.w.org\/{rel}","templated":true}]}}