{"id":174,"date":"2021-04-06T05:55:10","date_gmt":"2021-04-06T08:55:10","guid":{"rendered":"https:\/\/tecnologia.ufpr.br\/dhs\/?page_id=174"},"modified":"2023-08-11T09:17:18","modified_gmt":"2023-08-11T12:17:18","slug":"disciplinas","status":"publish","type":"page","link":"https:\/\/tecnologia.ufpr.br\/dhs\/disciplinas\/","title":{"rendered":"Disciplinas"},"content":{"rendered":"\n<p>O Departamento de Hidr\u00e1ulica e Saneamento oferece na sua maioria disciplinas para o de curso de gradua\u00e7\u00e3o em Engenharia Civil, mas tamb\u00e9m t\u00eam disciplinas ofertadas para os cursos de gradua\u00e7\u00e3o em Engenharia El\u00e9trica, Engenharia de Produ\u00e7\u00e3o, Engenharia Cartogr\u00e1fica, Engenharia Ambiental e Arquitetura e Urbanismo.<\/p>\n\n\n\n<figure class=\"wp-block-table is-style-regular\"><table class=\"has-subtle-light-gray-background-color has-background\"><tbody><tr><td class=\"has-text-align-left\" data-align=\"left\"><strong>Disciplina<\/strong><\/td><td class=\"has-text-align-left\" data-align=\"left\"><strong>Curso<\/strong><\/td><td class=\"has-text-align-center\" data-align=\"center\"><strong>Carga Hor\u00e1ria<\/strong><\/td><\/tr><tr><td class=\"has-text-align-left\" data-align=\"left\"><a href=\"https:\/\/tecnologia.ufpr.br\/dhs\/wp-content\/uploads\/sites\/44\/2021\/04\/TH016.pdf\">TH016 &#8211; Engenharia de Obras Hidr\u00e1ulicas (Substitu\u00edda pela TH054)<\/a><\/td><td class=\"has-text-align-left\" data-align=\"left\">Engenharia Ambiental &#8211; Optativa<\/td><td class=\"has-text-align-center\" data-align=\"center\">60h<\/td><\/tr><tr><td class=\"has-text-align-left\" data-align=\"left\"><a href=\"https:\/\/tecnologia.ufpr.br\/dhs\/wp-content\/uploads\/sites\/44\/2021\/04\/TH017.pdf\">TH017 &#8211; Energia e Meio Ambiente (Substitu\u00edda pela TH055)<\/a><\/td><td class=\"has-text-align-left\" data-align=\"left\">Engenharia Civil e Engenharia Ambiental &#8211; Optativa<\/td><td class=\"has-text-align-center\" data-align=\"center\">60h<\/td><\/tr><tr><td class=\"has-text-align-left\" data-align=\"left\"><a href=\"https:\/\/tecnologia.ufpr.br\/dhs\/wp-content\/uploads\/sites\/44\/2021\/04\/TH018.pdf\">TH018 &#8211; Saneamento Ambiental I (Substitu\u00edda pela TH051)<\/a><\/td><td class=\"has-text-align-left\" data-align=\"left\">Engenharia Ambiental &#8211; Obrigat\u00f3ria<\/td><td class=\"has-text-align-center\" data-align=\"center\">60h<\/td><\/tr><tr><td class=\"has-text-align-left\" data-align=\"left\"><a href=\"https:\/\/tecnologia.ufpr.br\/dhs\/wp-content\/uploads\/sites\/44\/2021\/04\/TH019.pdf\">TH019 &#8211; Mec\u00e2nica dos Fluidos I<\/a><\/td><td class=\"has-text-align-left\" data-align=\"left\">Engenharia Civil &#8211; Obrigat\u00f3ria<\/td><td class=\"has-text-align-center\" data-align=\"center\">60h<\/td><\/tr><tr><td class=\"has-text-align-left\" data-align=\"left\"><a href=\"https:\/\/tecnologia.ufpr.br\/dhs\/wp-content\/uploads\/sites\/44\/2021\/04\/TH021.pdf\">TH021 &#8211; Mec\u00e2nica dos Fluidos II<\/a><\/td><td class=\"has-text-align-left\" data-align=\"left\">Engenharia Civil &#8211; Obrigat\u00f3ria<\/td><td class=\"has-text-align-center\" data-align=\"center\">60h<\/td><\/tr><tr><td class=\"has-text-align-left\" data-align=\"left\"><a href=\"https:\/\/tecnologia.ufpr.br\/dhs\/wp-content\/uploads\/sites\/44\/2021\/04\/TH022.pdf\">TH022 &#8211; Ci\u00eancias do Ambiente<\/a><\/td><td class=\"has-text-align-left\" data-align=\"left\">Engenharia Civil &#8211; Obrigat\u00f3ria<\/td><td class=\"has-text-align-center\" data-align=\"center\">60h<\/td><\/tr><tr><td class=\"has-text-align-left\" data-align=\"left\"><a href=\"https:\/\/tecnologia.ufpr.br\/dhs\/wp-content\/uploads\/sites\/44\/2021\/04\/TH023.pdf\">TH023 &#8211; Hidr\u00e1ulica<\/a><\/td><td class=\"has-text-align-left\" data-align=\"left\">Engenharia Civil &#8211; Obrigat\u00f3ria<\/td><td class=\"has-text-align-center\" data-align=\"center\">60h<\/td><\/tr><tr><td class=\"has-text-align-left\" data-align=\"left\"><a href=\"https:\/\/tecnologia.ufpr.br\/dhs\/wp-content\/uploads\/sites\/44\/2021\/04\/TH024.pdf\">TH024 &#8211; Hidrologia<\/a><\/td><td class=\"has-text-align-left\" data-align=\"left\">Engenharia Civil &#8211; Obrigat\u00f3ria<\/td><td class=\"has-text-align-center\" data-align=\"center\">60h<\/td><\/tr><tr><td class=\"has-text-align-left\" data-align=\"left\"><a href=\"https:\/\/tecnologia.ufpr.br\/dhs\/wp-content\/uploads\/sites\/44\/2021\/04\/TH025.pdf\">TH025 &#8211; Estrutura\u00e7\u00e3o Sanit\u00e1ria das Cidades<\/a><\/td><td class=\"has-text-align-left\" data-align=\"left\">Engenharia Civil &#8211; Obrigat\u00f3ria<\/td><td class=\"has-text-align-center\" data-align=\"center\">60h<\/td><\/tr><tr><td class=\"has-text-align-left\" data-align=\"left\"><a href=\"https:\/\/tecnologia.ufpr.br\/dhs\/wp-content\/uploads\/sites\/44\/2021\/04\/TH026.pdf\">TH026 &#8211; Engenharia de Recursos H\u00eddricos<\/a><\/td><td class=\"has-text-align-left\" data-align=\"left\">Engenharia Civil &#8211; Obrigat\u00f3ria<\/td><td class=\"has-text-align-center\" data-align=\"center\">60h<\/td><\/tr><tr><td class=\"has-text-align-left\" data-align=\"left\"><a href=\"https:\/\/tecnologia.ufpr.br\/dhs\/wp-content\/uploads\/sites\/44\/2021\/04\/TH027.pdf\">TH027 &#8211; Hidr\u00e1ulica e Hidrologia Experimental<\/a><\/td><td class=\"has-text-align-left\" data-align=\"left\">Engenharia Civil &#8211; Obrigat\u00f3ria<\/td><td class=\"has-text-align-center\" data-align=\"center\">30h<\/td><\/tr><tr><td class=\"has-text-align-left\" data-align=\"left\"><a href=\"https:\/\/tecnologia.ufpr.br\/dhs\/wp-content\/uploads\/sites\/44\/2021\/04\/TH028.pdf\">TH028 &#8211; Saneamento Ambiental I<\/a><\/td><td class=\"has-text-align-left\" data-align=\"left\">Engenharia Civil &#8211; Obrigat\u00f3ria<\/td><td class=\"has-text-align-center\" data-align=\"center\">60h<\/td><\/tr><tr><td class=\"has-text-align-left\" data-align=\"left\"><a href=\"https:\/\/tecnologia.ufpr.br\/dhs\/wp-content\/uploads\/sites\/44\/2021\/04\/TH029.pdf\">TH029 &#8211; Saneamento Ambiental II<\/a><\/td><td class=\"has-text-align-left\" data-align=\"left\">Engenharia Civil &#8211; Obrigat\u00f3ria<\/td><td class=\"has-text-align-center\" data-align=\"center\">60h<\/td><\/tr><tr><td class=\"has-text-align-left\" data-align=\"left\"><a href=\"https:\/\/tecnologia.ufpr.br\/dhs\/wp-content\/uploads\/sites\/44\/2022\/04\/Ementa-TH030.pdf\">TH030 &#8211; Sistemas Prediais Hidr\u00e1ulico Sanit\u00e1rios<\/a><\/td><td class=\"has-text-align-left\" data-align=\"left\">Engenharia Civil &#8211; Obrigat\u00f3ria<\/td><td class=\"has-text-align-center\" data-align=\"center\">60h<\/td><\/tr><tr><td class=\"has-text-align-left\" data-align=\"left\"><a href=\"https:\/\/tecnologia.ufpr.br\/dhs\/wp-content\/uploads\/sites\/44\/2021\/04\/TH031.pdf\">TH031 &#8211; Projeto Obras Hidr\u00e1ulicas<\/a><\/td><td class=\"has-text-align-left\" data-align=\"left\">Engenharia Civil &#8211; Optativa<\/td><td class=\"has-text-align-center\" data-align=\"center\">60h<\/td><\/tr><tr><td class=\"has-text-align-left\" data-align=\"left\"><a href=\"https:\/\/tecnologia.ufpr.br\/dhs\/wp-content\/uploads\/sites\/44\/2021\/04\/TH032.pdf\">TH032 &#8211; Hidr\u00e1ulica Fluvial<\/a><\/td><td class=\"has-text-align-left\" data-align=\"left\">Engenharia Civil &#8211; Optativa<\/td><td class=\"has-text-align-center\" data-align=\"center\">60h<\/td><\/tr><tr><td class=\"has-text-align-left\" data-align=\"left\"><a href=\"https:\/\/tecnologia.ufpr.br\/dhs\/wp-content\/uploads\/sites\/44\/2021\/04\/TH033.pdf\">TH033 &#8211; Hidr\u00e1ulica Ambiental<\/a><\/td><td class=\"has-text-align-left\" data-align=\"left\">Engenharia Civil &#8211; Optativa<\/td><td class=\"has-text-align-center\" data-align=\"center\">60h<\/td><\/tr><tr><td class=\"has-text-align-left\" data-align=\"left\"><a href=\"https:\/\/tecnologia.ufpr.br\/dhs\/wp-content\/uploads\/sites\/44\/2021\/04\/TH034.pdf\">TH034 &#8211; Sistemas de Recursos H\u00eddricos<\/a><\/td><td class=\"has-text-align-left\" data-align=\"left\">Engenharia Civil &#8211; Optativa<\/td><td class=\"has-text-align-center\" data-align=\"center\">60h<\/td><\/tr><tr><td class=\"has-text-align-left\" data-align=\"left\"><a href=\"https:\/\/tecnologia.ufpr.br\/dhs\/wp-content\/uploads\/sites\/44\/2022\/04\/ementa-th-035.pdf\">TH035 &#8211; Eng. Econ\u00f4mica de Recursos H\u00eddricos<\/a><\/td><td class=\"has-text-align-left\" data-align=\"left\">Engenharia Civil &#8211; Optativa<\/td><td class=\"has-text-align-center\" data-align=\"center\">60h<\/td><\/tr><tr><td class=\"has-text-align-left\" data-align=\"left\"><a href=\"https:\/\/tecnologia.ufpr.br\/dhs\/wp-content\/uploads\/sites\/44\/2021\/04\/TH036.pdf\">TH036 &#8211; Gerenciamento de Recursos H\u00eddricos<\/a><\/td><td class=\"has-text-align-left\" data-align=\"left\">Engenharia Civil &#8211; Optativa<\/td><td class=\"has-text-align-center\" data-align=\"center\">60h<\/td><\/tr><tr><td class=\"has-text-align-left\" data-align=\"left\"><a href=\"https:\/\/tecnologia.ufpr.br\/dhs\/wp-content\/uploads\/sites\/44\/2021\/04\/TH037.pdf\">TH037 &#8211; Projeto Drenagem Urbana<\/a><\/td><td class=\"has-text-align-left\" data-align=\"left\">Engenharia Civil &#8211; Optativa<\/td><td class=\"has-text-align-center\" data-align=\"center\">60h<\/td><\/tr><tr><td class=\"has-text-align-left\" data-align=\"left\"><a href=\"https:\/\/tecnologia.ufpr.br\/dhs\/wp-content\/uploads\/sites\/44\/2021\/04\/TH038.pdf\">TH038 &#8211; Projeto Sistemas Res\u00edduos S\u00f3lidos Urbanos<\/a><\/td><td class=\"has-text-align-left\" data-align=\"left\">Engenharia Civil &#8211; Optativa<\/td><td class=\"has-text-align-center\" data-align=\"center\">60h<\/td><\/tr><tr><td class=\"has-text-align-left\" data-align=\"left\"><a href=\"https:\/\/tecnologia.ufpr.br\/dhs\/wp-content\/uploads\/sites\/44\/2021\/04\/TH039.pdf\">TH039 &#8211; Projeto Sistemas Saneamento Ambiental<\/a><\/td><td class=\"has-text-align-left\" data-align=\"left\">Engenharia Civil &#8211; Optativa<\/td><td class=\"has-text-align-center\" data-align=\"center\">60h<\/td><\/tr><tr><td class=\"has-text-align-left\" data-align=\"left\"><a href=\"https:\/\/tecnologia.ufpr.br\/dhs\/wp-content\/uploads\/sites\/44\/2021\/04\/TH040.pdf\">TH040 &#8211; Projeto de Sistemas Prediais Hidr\u00e1ulicos Sanit\u00e1rios<\/a><\/td><td class=\"has-text-align-left\" data-align=\"left\">Engenharia Civil &#8211; Optativa<\/td><td class=\"has-text-align-center\" data-align=\"center\">60h<\/td><\/tr><tr><td class=\"has-text-align-left\" data-align=\"left\"><a href=\"https:\/\/tecnologia.ufpr.br\/dhs\/wp-content\/uploads\/sites\/44\/2021\/04\/TH041.pdf\">TH041 &#8211; Qualidade e Conserva\u00e7\u00e3o Ambiental<\/a><\/td><td class=\"has-text-align-left\" data-align=\"left\">Engenharia Civil e Engenharia Ambiental &#8211; Optativa<\/td><td class=\"has-text-align-center\" data-align=\"center\">60h<\/td><\/tr><tr><td class=\"has-text-align-left\" data-align=\"left\"><a href=\"https:\/\/tecnologia.ufpr.br\/dhs\/wp-content\/uploads\/sites\/44\/2021\/04\/TH042.pdf\">TH042 &#8211; Planejamento e Gest\u00e3o de Sistemas Urbanos<\/a><\/td><td class=\"has-text-align-left\" data-align=\"left\">Engenharia Civil &#8211; Optativa<\/td><td class=\"has-text-align-center\" data-align=\"center\">60h<\/td><\/tr><tr><td class=\"has-text-align-left\" data-align=\"left\"><a href=\"https:\/\/tecnologia.ufpr.br\/dhs\/wp-content\/uploads\/sites\/44\/2022\/04\/Ementa-TH043.pdf\">TH043 &#8211; Estagio Supervisionado em Hidr\u00e1ulica, Hidrologia e Saneamento<\/a><\/td><td class=\"has-text-align-left\" data-align=\"left\">Engenharia Civil<\/td><td class=\"has-text-align-center\" data-align=\"center\">180h<\/td><\/tr><tr><td class=\"has-text-align-left\" data-align=\"left\"><a href=\"https:\/\/tecnologia.ufpr.br\/dhs\/wp-content\/uploads\/sites\/44\/2021\/04\/TH045.pdf\">TH045 &#8211; Engenharia Social<\/a><\/td><td class=\"has-text-align-left\" data-align=\"left\">Engenharia Civil &#8211; Obrigat\u00f3ria<\/td><td class=\"has-text-align-center\" data-align=\"center\">30h<\/td><\/tr><tr><td class=\"has-text-align-left\" data-align=\"left\"><a href=\"https:\/\/tecnologia.ufpr.br\/dhs\/wp-content\/uploads\/sites\/44\/2021\/04\/TH046.pdf\">TH046 &#8211; Elementos de Mec\u00e2nica dos Fluidos I<\/a><\/td><td class=\"has-text-align-left\" data-align=\"left\">Engenharia de Produ\u00e7\u00e3o<\/td><td class=\"has-text-align-center\" data-align=\"center\">60h<\/td><\/tr><tr><td class=\"has-text-align-left\" data-align=\"left\"><a href=\"https:\/\/tecnologia.ufpr.br\/dhs\/wp-content\/uploads\/sites\/44\/2021\/04\/TH047.pdf\">TH047 &#8211; Elementos de Mec\u00e2nica dos Fluidos II<\/a><\/td><td class=\"has-text-align-left\" data-align=\"left\">Engenharia de Produ\u00e7\u00e3o<\/td><td class=\"has-text-align-center\" data-align=\"center\">60h<\/td><\/tr><tr><td class=\"has-text-align-left\" data-align=\"left\"><a href=\"https:\/\/tecnologia.ufpr.br\/dhs\/wp-content\/uploads\/sites\/44\/2021\/04\/TH048.pdf\" data-type=\"URL\" data-id=\"https:\/\/tecnologia.ufpr.br\/dhs\/wp-content\/uploads\/sites\/44\/2021\/04\/TH048.pdf\">TH048 &#8211; Saneamento B\u00e1sico e Ambiental<\/a><\/td><td class=\"has-text-align-left\" data-align=\"left\">Engenharia Cartogr\u00e1fica<\/td><td class=\"has-text-align-center\" data-align=\"center\">60h<\/td><\/tr><tr><td class=\"has-text-align-left\" data-align=\"left\"><a href=\"https:\/\/tecnologia.ufpr.br\/dhs\/wp-content\/uploads\/sites\/44\/2022\/04\/TH049.pdf\">TH049 &#8211; Modelos Hidrol\u00f3gicos Determin\u00edsticos e Estoc\u00e1sticos para o Gerenciamento de Recursos H\u00eddricos<\/a><\/td><td class=\"has-text-align-left\" data-align=\"left\">Engenharia Civil &#8211; Optativa<\/td><td class=\"has-text-align-center\" data-align=\"center\">60h<\/td><\/tr><tr><td class=\"has-text-align-left\" data-align=\"left\"><a href=\"https:\/\/tecnologia.ufpr.br\/dhs\/wp-content\/uploads\/sites\/44\/2021\/04\/TH050.pdf\">TH050 &#8211; T\u00f3picos Especiais em Hidr\u00e1ulica e Saneamento para Conv\u00eanios Internacionais<\/a><\/td><td class=\"has-text-align-left\" data-align=\"left\">Engenharia Civil &#8211; Optativa<\/td><td class=\"has-text-align-center\" data-align=\"center\">60h<\/td><\/tr><tr><td class=\"has-text-align-left\" data-align=\"left\"><a href=\"https:\/\/tecnologia.ufpr.br\/dhs\/wp-content\/uploads\/sites\/44\/2021\/04\/TH051.pdf\">TH051 &#8211; Sistemas de Tratamento de \u00c1gua e Esgoto<\/a><\/td><td class=\"has-text-align-left\" data-align=\"left\">Eng. Ambiental &#8211; Obrigat\u00f3ria<\/td><td class=\"has-text-align-center\" data-align=\"center\">60h<\/td><\/tr><tr><td class=\"has-text-align-left\" data-align=\"left\"><a href=\"https:\/\/tecnologia.ufpr.br\/dhs\/wp-content\/uploads\/sites\/44\/2021\/04\/TH052.pdf\">TH052 &#8211; Saneamento Urbano I<\/a><\/td><td class=\"has-text-align-left\" data-align=\"left\">Arquitetura e Urbanismo &#8211; Obrigat\u00f3ria<\/td><td class=\"has-text-align-center\" data-align=\"center\">30h<\/td><\/tr><tr><td class=\"has-text-align-left\" data-align=\"left\"><a href=\"https:\/\/tecnologia.ufpr.br\/dhs\/wp-content\/uploads\/sites\/44\/2021\/04\/TH053.pdf\">TH053 &#8211; Saneamento Urbano II<\/a><\/td><td class=\"has-text-align-left\" data-align=\"left\">Arquitetura e Urbanismo &#8211; Obrigat\u00f3ria<\/td><td class=\"has-text-align-center\" data-align=\"center\">30h<\/td><\/tr><tr><td class=\"has-text-align-left\" data-align=\"left\"><a href=\"https:\/\/tecnologia.ufpr.br\/dhs\/wp-content\/uploads\/sites\/44\/2021\/04\/TH054.pdf\">TH054 &#8211; Engenharia de Obras Hidr\u00e1ulicas<\/a><\/td><td class=\"has-text-align-left\" data-align=\"left\">Engenharia Ambiental &#8211; Optativa<\/td><td class=\"has-text-align-center\" data-align=\"center\">60h<\/td><\/tr><tr><td class=\"has-text-align-left\" data-align=\"left\"><a href=\"https:\/\/tecnologia.ufpr.br\/dhs\/wp-content\/uploads\/sites\/44\/2021\/04\/TH055.pdf\">TH055 &#8211; Energia e Meio Ambiente<\/a><\/td><td class=\"has-text-align-left\" data-align=\"left\">Engenharia Civil e Engenharia Ambiental &#8211; Optativa<\/td><td class=\"has-text-align-center\" data-align=\"center\">60h<\/td><\/tr><tr><td class=\"has-text-align-left\" data-align=\"left\"><a href=\"https:\/\/tecnologia.ufpr.br\/dhs\/wp-content\/uploads\/sites\/44\/2021\/04\/TH061.pdf\">TH061 &#8211; Trabalho Final de Curso em Hidr\u00e1ulica, Hidrologia e Saneamento I<\/a><\/td><td class=\"has-text-align-left\" data-align=\"left\">Engenharia Civil &#8211; Obrigat\u00f3ria<\/td><td class=\"has-text-align-center\" data-align=\"center\">60h<\/td><\/tr><tr><td class=\"has-text-align-left\" data-align=\"left\"><a href=\"https:\/\/tecnologia.ufpr.br\/dhs\/wp-content\/uploads\/sites\/44\/2021\/04\/TH062.pdf\">TH062 &#8211; Trabalho Final de Curso em Hidr\u00e1ulica, Hidrologia e Saneamento II<\/a><\/td><td class=\"has-text-align-left\" data-align=\"left\">Engenharia Civil &#8211; Obrigat\u00f3ria<\/td><td class=\"has-text-align-center\" data-align=\"center\">120h<\/td><\/tr><tr><td class=\"has-text-align-left\" data-align=\"left\"><a href=\"https:\/\/tecnologia.ufpr.br\/dhs\/wp-content\/uploads\/sites\/44\/2022\/04\/TH-063-Fenomenos-de-Transporte-na-Engenharia-Eletrica.pdf\">TH063 &#8211; Fen\u00f4meno dos Transportes em Engenharia<\/a><\/td><td class=\"has-text-align-left\" data-align=\"left\">Engenharia El\u00e9trica &#8211; Obrigat\u00f3ria<\/td><td class=\"has-text-align-center\" data-align=\"center\">60h<\/td><\/tr><tr><td class=\"has-text-align-left\" data-align=\"left\"><a href=\"https:\/\/tecnologia.ufpr.br\/dhs\/wp-content\/uploads\/sites\/44\/2021\/04\/THI054-1.pdf\">THI054 &#8211; T\u00f3picos Especiais em Engenharia Hidr\u00e1ulica<\/a><\/td><td class=\"has-text-align-left\" data-align=\"left\">Engenharia Civil<\/td><td class=\"has-text-align-center\" data-align=\"center\">60h<\/td><\/tr><tr><td class=\"has-text-align-left\" data-align=\"left\"><a href=\"https:\/\/tecnologia.ufpr.br\/dhs\/wp-content\/uploads\/sites\/44\/2021\/04\/THI055.pdf\">THI055 &#8211; T\u00f3picos Especiais em Engenharia Hidrol\u00f3gica<\/a><\/td><td class=\"has-text-align-left\" data-align=\"left\">Engenharia Civil<\/td><td class=\"has-text-align-center\" data-align=\"center\">60h<\/td><\/tr><tr><td class=\"has-text-align-left\" data-align=\"left\"><a href=\"https:\/\/tecnologia.ufpr.br\/dhs\/wp-content\/uploads\/sites\/44\/2022\/04\/Ementa-THI056.pdf\">THI056 &#8211; T\u00f3picos Especiais em Engenharia Sanit\u00e1ria e Ambiental<\/a><\/td><td class=\"has-text-align-left\" data-align=\"left\">Engenharia Civil<\/td><td class=\"has-text-align-center\" data-align=\"center\">60h<\/td><\/tr><tr><td class=\"has-text-align-left\" data-align=\"left\"><a href=\"https:\/\/tecnologia.ufpr.br\/dhs\/wp-content\/uploads\/sites\/44\/2023\/03\/FICHA1_TH591_INTRODUCAO_A_ENGENHARIA_E_INOVACAO.pdf\">TH591 &#8211; Introdu\u00e7\u00e3o \u00e0 Engenharia e Inova\u00e7\u00e3o<\/a><\/td><td class=\"has-text-align-left\" data-align=\"left\">Engenharia Civil &#8211; Obrigat\u00f3ria<\/td><td class=\"has-text-align-center\" data-align=\"center\">90h<\/td><\/tr><tr><td class=\"has-text-align-left\" data-align=\"left\"><a href=\"https:\/\/tecnologia.ufpr.br\/dhs\/wp-content\/uploads\/sites\/44\/2023\/05\/FICHA1-TH512-FISICA-II.pdf\" data-type=\"URL\" data-id=\"https:\/\/tecnologia.ufpr.br\/dhs\/wp-content\/uploads\/sites\/44\/2023\/05\/FICHA1-TH512-FISICA-II.pdf\">TH512 &#8211; FISICA-II<\/a><\/td><td class=\"has-text-align-left\" data-align=\"left\">Engenharia Civil &#8211; Obrigat\u00f3ria<\/td><td class=\"has-text-align-center\" data-align=\"center\">60h<\/td><\/tr><\/tbody><\/table><\/figure>\n\n\n","protected":false},"excerpt":{"rendered":"<p>O Departamento de Hidr\u00e1ulica e Saneamento oferece na sua maioria disciplinas para o de curso de gradua\u00e7\u00e3o em Engenharia Civil, mas tamb\u00e9m t\u00eam disciplinas ofertadas para os cursos de gradua\u00e7\u00e3o em Engenharia El\u00e9trica, Engenharia de Produ\u00e7\u00e3o, Engenharia Cartogr\u00e1fica, Engenharia Ambiental e Arquitetura e Urbanismo. Disciplina Curso Carga Hor\u00e1ria TH016 &#8211; Engenharia de Obras Hidr\u00e1ulicas (Substitu\u00edda [&hellip;]<\/p>\n","protected":false},"author":1076,"featured_media":0,"parent":0,"menu_order":0,"comment_status":"closed","ping_status":"closed","template":"","meta":{"footnotes":""},"_links":{"self":[{"href":"https:\/\/tecnologia.ufpr.br\/dhs\/wp-json\/wp\/v2\/pages\/174"}],"collection":[{"href":"https:\/\/tecnologia.ufpr.br\/dhs\/wp-json\/wp\/v2\/pages"}],"about":[{"href":"https:\/\/tecnologia.ufpr.br\/dhs\/wp-json\/wp\/v2\/types\/page"}],"author":[{"embeddable":true,"href":"https:\/\/tecnologia.ufpr.br\/dhs\/wp-json\/wp\/v2\/users\/1076"}],"replies":[{"embeddable":true,"href":"https:\/\/tecnologia.ufpr.br\/dhs\/wp-json\/wp\/v2\/comments?post=174"}],"version-history":[{"count":73,"href":"https:\/\/tecnologia.ufpr.br\/dhs\/wp-json\/wp\/v2\/pages\/174\/revisions"}],"predecessor-version":[{"id":945,"href":"https:\/\/tecnologia.ufpr.br\/dhs\/wp-json\/wp\/v2\/pages\/174\/revisions\/945"}],"wp:attachment":[{"href":"https:\/\/tecnologia.ufpr.br\/dhs\/wp-json\/wp\/v2\/media?parent=174"}],"curies":[{"name":"wp","href":"https:\/\/api.w.org\/{rel}","templated":true}]}}