{"id":139,"date":"2021-03-10T20:42:54","date_gmt":"2021-03-10T23:42:54","guid":{"rendered":"https:\/\/tecnologia.ufpr.br\/dhs\/?page_id=139"},"modified":"2024-06-14T07:29:40","modified_gmt":"2024-06-14T10:29:40","slug":"concursos-e-selecoes","status":"publish","type":"page","link":"https:\/\/tecnologia.ufpr.br\/dhs\/concursos-e-selecoes\/","title":{"rendered":"Concursos e Testes Seletivos"},"content":{"rendered":"\n<ul>\n<li>Teste Seletivo para Professor Substituto<\/li>\n\n\n\n<li>Edital 130\/2024<\/li>\n<\/ul>\n\n\n\n<div data-wp-interactive=\"core\/file\" class=\"wp-block-file\"><object data-wp-bind--hidden=\"!state.hasPdfPreview\"  class=\"wp-block-file__embed\" data=\"https:\/\/tecnologia.ufpr.br\/dhs\/wp-content\/uploads\/sites\/44\/2024\/05\/Edital_130_2024-1-1.pdf\" type=\"application\/pdf\" style=\"width:100%;height:600px\" aria-label=\"Incorporado de Edital_130_2024 (1).\"><\/object><a id=\"wp-block-file--media-e6f51aa6-ef4e-47d3-90b8-bc1992be884e\" href=\"https:\/\/tecnologia.ufpr.br\/dhs\/wp-content\/uploads\/sites\/44\/2024\/05\/Edital_130_2024-1-1.pdf\">Edital_130_2024 (1)<\/a><a href=\"https:\/\/tecnologia.ufpr.br\/dhs\/wp-content\/uploads\/sites\/44\/2024\/05\/Edital_130_2024-1-1.pdf\" class=\"wp-block-file__button wp-element-button\" download aria-describedby=\"wp-block-file--media-e6f51aa6-ef4e-47d3-90b8-bc1992be884e\">Baixar<\/a><\/div>\n\n\n\n<ul>\n<li>Edital_Homologa\u00e7\u00e3o das Inscri\u00e7\u00f5es<\/li>\n<\/ul>\n\n\n\n<div data-wp-interactive=\"core\/file\" class=\"wp-block-file\"><object data-wp-bind--hidden=\"!state.hasPdfPreview\"  class=\"wp-block-file__embed\" data=\"https:\/\/tecnologia.ufpr.br\/dhs\/wp-content\/uploads\/sites\/44\/2024\/05\/Edital_001-Homol-Inscricoes.pdf\" type=\"application\/pdf\" style=\"width:100%;height:600px\" aria-label=\"Incorporado de Edital_001 Homol-Inscri\u00e7\u00f5es.\"><\/object><a id=\"wp-block-file--media-4740ad08-ebfa-412e-89ed-22a745cab398\" href=\"https:\/\/tecnologia.ufpr.br\/dhs\/wp-content\/uploads\/sites\/44\/2024\/05\/Edital_001-Homol-Inscricoes.pdf\">Edital_001 Homol-Inscri\u00e7\u00f5es<\/a><a href=\"https:\/\/tecnologia.ufpr.br\/dhs\/wp-content\/uploads\/sites\/44\/2024\/05\/Edital_001-Homol-Inscricoes.pdf\" class=\"wp-block-file__button wp-element-button\" download aria-describedby=\"wp-block-file--media-4740ad08-ebfa-412e-89ed-22a745cab398\">Baixar<\/a><\/div>\n\n\n\n<p><\/p>\n\n\n\n<p>Par\u00e1grafo \u00danico \u2013&nbsp;<em>No caso de indeferimento do pedido de inscri\u00e7\u00e3o o candidato poder\u00e1<br>recorrer, com efeito suspensivo, ao conselho setorial, da decis\u00e3o, no prazo de 02 (dois)<br>dias \u00fateis, ap\u00f3s sua publica\u00e7\u00e3o, no mesmo local de inscri\u00e7\u00e3o.<\/em>&nbsp;Resolu\u00e7\u00e3o N\u00ba 92\/06 \u2013 CEPE<\/p>\n\n\n\n<ul>\n<li>Comiss\u00e3o de avalia\u00e7\u00e3o do Teste Seletivo<\/li>\n<\/ul>\n\n\n\n<div data-wp-interactive=\"core\/file\" class=\"wp-block-file\"><object data-wp-bind--hidden=\"!state.hasPdfPreview\"  class=\"wp-block-file__embed\" data=\"https:\/\/tecnologia.ufpr.br\/dhs\/wp-content\/uploads\/sites\/44\/2024\/05\/Portaria_Comissao-de-avaliacao-2.pdf\" type=\"application\/pdf\" style=\"width:100%;height:600px\" aria-label=\"Incorporado de Portaria_Comiss\u00e3o de avalia\u00e7\u00e3o.\"><\/object><a id=\"wp-block-file--media-cdcaf3e6-9b93-4253-a110-3028fc20c8b3\" href=\"https:\/\/tecnologia.ufpr.br\/dhs\/wp-content\/uploads\/sites\/44\/2024\/05\/Portaria_Comissao-de-avaliacao-2.pdf\">Portaria_Comiss\u00e3o de avalia\u00e7\u00e3o<\/a><a href=\"https:\/\/tecnologia.ufpr.br\/dhs\/wp-content\/uploads\/sites\/44\/2024\/05\/Portaria_Comissao-de-avaliacao-2.pdf\" class=\"wp-block-file__button wp-element-button\" download aria-describedby=\"wp-block-file--media-cdcaf3e6-9b93-4253-a110-3028fc20c8b3\">Baixar<\/a><\/div>\n\n\n\n<p>Edital 002 &#8211; Cronograma de Provas<\/p>\n\n\n\n<p><a href=\"https:\/\/tecnologia.ufpr.br\/dhs\/wp-content\/uploads\/sites\/44\/2024\/06\/Edital-002-Cronograma-7.pdf\">https:\/\/tecnologia.ufpr.br\/dhs\/wp-content\/uploads\/sites\/44\/2024\/06\/Edital-002-Cronograma-7.pdf<\/a><\/p>\n\n\n\n<div data-wp-interactive=\"core\/file\" class=\"wp-block-file\"><object data-wp-bind--hidden=\"!state.hasPdfPreview\"  class=\"wp-block-file__embed\" data=\"https:\/\/tecnologia.ufpr.br\/dhs\/wp-content\/uploads\/sites\/44\/2024\/06\/Errata-do-Edital-002.pdf\" type=\"application\/pdf\" style=\"width:100%;height:600px\" aria-label=\"Incorporado de Errata-do-Edital-002.\"><\/object><a id=\"wp-block-file--media-fef1b3f0-b366-49fe-a51d-df800f27e4d6\" href=\"https:\/\/tecnologia.ufpr.br\/dhs\/wp-content\/uploads\/sites\/44\/2024\/06\/Errata-do-Edital-002.pdf\">Errata-do-Edital-002<\/a><a href=\"https:\/\/tecnologia.ufpr.br\/dhs\/wp-content\/uploads\/sites\/44\/2024\/06\/Errata-do-Edital-002.pdf\" class=\"wp-block-file__button wp-element-button\" download aria-describedby=\"wp-block-file--media-fef1b3f0-b366-49fe-a51d-df800f27e4d6\">Baixar<\/a><\/div>\n\n\n\n<div data-wp-interactive=\"core\/file\" class=\"wp-block-file\"><object data-wp-bind--hidden=\"!state.hasPdfPreview\"  class=\"wp-block-file__embed\" data=\"https:\/\/tecnologia.ufpr.br\/dhs\/wp-content\/uploads\/sites\/44\/2024\/06\/Edital_003-Hom_curriculo.pdf\" type=\"application\/pdf\" style=\"width:100%;height:600px\" aria-label=\"Incorporado de Edital_003 - Hom_curriculo.\"><\/object><a id=\"wp-block-file--media-abf41938-6ac2-4a2f-8d54-f9cbf2cbd0f0\" href=\"https:\/\/tecnologia.ufpr.br\/dhs\/wp-content\/uploads\/sites\/44\/2024\/06\/Edital_003-Hom_curriculo.pdf\">Edital_003 &#8211; Hom_curriculo<\/a><a href=\"https:\/\/tecnologia.ufpr.br\/dhs\/wp-content\/uploads\/sites\/44\/2024\/06\/Edital_003-Hom_curriculo.pdf\" class=\"wp-block-file__button wp-element-button\" download aria-describedby=\"wp-block-file--media-abf41938-6ac2-4a2f-8d54-f9cbf2cbd0f0\">Baixar<\/a><\/div>\n\n\n\n<h2 class=\"wp-block-heading\">Edital 004 &#8211; Sorteio de Pontos<\/h2>\n\n\n\n<div data-wp-interactive=\"core\/file\" class=\"wp-block-file\"><object data-wp-bind--hidden=\"!state.hasPdfPreview\"  class=\"wp-block-file__embed\" data=\"https:\/\/tecnologia.ufpr.br\/dhs\/wp-content\/uploads\/sites\/44\/2024\/06\/Edital_004-Sorteio-de-pontos-5.pdf\" type=\"application\/pdf\" style=\"width:100%;height:600px\" aria-label=\"Incorporado de Edital_004 - Sorteio de pontos.\"><\/object><a id=\"wp-block-file--media-bda72f9d-f462-4476-806c-4f7fa54897a8\" href=\"https:\/\/tecnologia.ufpr.br\/dhs\/wp-content\/uploads\/sites\/44\/2024\/06\/Edital_004-Sorteio-de-pontos-5.pdf\">Edital_004 &#8211; Sorteio de pontos<\/a><a href=\"https:\/\/tecnologia.ufpr.br\/dhs\/wp-content\/uploads\/sites\/44\/2024\/06\/Edital_004-Sorteio-de-pontos-5.pdf\" class=\"wp-block-file__button wp-element-button\" download aria-describedby=\"wp-block-file--media-bda72f9d-f462-4476-806c-4f7fa54897a8\"><br><br><\/a><\/div>\n\n\n\n<h2 class=\"wp-block-heading\"><a href=\"https:\/\/tecnologia.ufpr.br\/dhs\/wp-content\/uploads\/sites\/44\/2024\/06\/Edital_005_Resultado.pdf\">Edital 005 &#8211; Resultado Final<\/a><\/h2>\n\n\n\n<div data-wp-interactive=\"core\/file\" class=\"wp-block-file\"><object data-wp-bind--hidden=\"!state.hasPdfPreview\"  class=\"wp-block-file__embed\" data=\"https:\/\/tecnologia.ufpr.br\/dhs\/wp-content\/uploads\/sites\/44\/2024\/06\/Edital_005_Resultado.pdf\" type=\"application\/pdf\" style=\"width:100%;height:600px\" aria-label=\"Incorporado de Edital_005_Resultado.\"><\/object><a id=\"wp-block-file--media-b2c10e2e-4ab9-4aa0-a368-76036ca0ba57\" href=\"https:\/\/tecnologia.ufpr.br\/dhs\/wp-content\/uploads\/sites\/44\/2024\/06\/Edital_005_Resultado.pdf\">Edital_005_Resultado<\/a><a href=\"https:\/\/tecnologia.ufpr.br\/dhs\/wp-content\/uploads\/sites\/44\/2024\/06\/Edital_005_Resultado.pdf\" class=\"wp-block-file__button wp-element-button\" download aria-describedby=\"wp-block-file--media-b2c10e2e-4ab9-4aa0-a368-76036ca0ba57\">Baixar<\/a><\/div>\n","protected":false},"excerpt":{"rendered":"<p>Par\u00e1grafo \u00danico \u2013&nbsp;No caso de indeferimento do pedido de inscri\u00e7\u00e3o o candidato poder\u00e1recorrer, com efeito suspensivo, ao conselho setorial, da decis\u00e3o, no prazo de 02 (dois)dias \u00fateis, ap\u00f3s sua publica\u00e7\u00e3o, no mesmo local de inscri\u00e7\u00e3o.&nbsp;Resolu\u00e7\u00e3o N\u00ba 92\/06 \u2013 CEPE Edital 002 &#8211; Cronograma de Provas https:\/\/tecnologia.ufpr.br\/dhs\/wp-content\/uploads\/sites\/44\/2024\/06\/Edital-002-Cronograma-7.pdf Edital 004 &#8211; Sorteio de Pontos Edital 005 &#8211; [&hellip;]<\/p>\n","protected":false},"author":1076,"featured_media":0,"parent":0,"menu_order":0,"comment_status":"closed","ping_status":"closed","template":"","meta":{"footnotes":""},"_links":{"self":[{"href":"https:\/\/tecnologia.ufpr.br\/dhs\/wp-json\/wp\/v2\/pages\/139"}],"collection":[{"href":"https:\/\/tecnologia.ufpr.br\/dhs\/wp-json\/wp\/v2\/pages"}],"about":[{"href":"https:\/\/tecnologia.ufpr.br\/dhs\/wp-json\/wp\/v2\/types\/page"}],"author":[{"embeddable":true,"href":"https:\/\/tecnologia.ufpr.br\/dhs\/wp-json\/wp\/v2\/users\/1076"}],"replies":[{"embeddable":true,"href":"https:\/\/tecnologia.ufpr.br\/dhs\/wp-json\/wp\/v2\/comments?post=139"}],"version-history":[{"count":43,"href":"https:\/\/tecnologia.ufpr.br\/dhs\/wp-json\/wp\/v2\/pages\/139\/revisions"}],"predecessor-version":[{"id":1081,"href":"https:\/\/tecnologia.ufpr.br\/dhs\/wp-json\/wp\/v2\/pages\/139\/revisions\/1081"}],"wp:attachment":[{"href":"https:\/\/tecnologia.ufpr.br\/dhs\/wp-json\/wp\/v2\/media?parent=139"}],"curies":[{"name":"wp","href":"https:\/\/api.w.org\/{rel}","templated":true}]}}