{"id":609,"date":"2022-12-15T16:45:37","date_gmt":"2022-12-15T19:45:37","guid":{"rendered":"https:\/\/tecnologia.ufpr.br\/?page_id=609"},"modified":"2026-01-22T13:23:17","modified_gmt":"2026-01-22T16:23:17","slug":"calendario-das-reunioes","status":"publish","type":"page","link":"https:\/\/tecnologia.ufpr.br\/deq\/calendario-das-reunioes\/","title":{"rendered":"Calend\u00e1rio das reuni\u00f5es 2026"},"content":{"rendered":"<h4><strong>As reuni\u00f5es s\u00e3o presenciais, gravadas e transmitidas via Microsoft Teams.<\/strong><\/h4>\n<p><strong>\u25ba<\/strong> O prazo para recebimento de solicita\u00e7\u00f5es de pauta para a reuni\u00e3o departamental encerra-se \u00e0s 15h da sexta-feira pen\u00faltima \u00e0 data da reuni\u00e3o.<\/p>\n<p>\u25ba Na impossibilidade de comparecimento dos membros, os mesmos dever\u00e3o justificar a aus\u00eancia atrav\u00e9s do e-mail deq@ufpr.br.<\/p>\n\n<table id=\"tablepress-2\" class=\"tablepress tablepress-id-2\">\n<tbody class=\"row-hover\">\n<tr class=\"row-1 odd\">\n\t<td class=\"column-1\">Fevereiro<\/td><td class=\"column-2\">12<\/td><td class=\"column-3\">Quinta-feira<\/td><td class=\"column-4\"><\/td><td class=\"column-5\">Audit\u00f3rio Rosemary Hoffmann Ribani - Pr\u00e9dio Engenharia Qu\u00edmica<\/td>\n<\/tr>\n<tr class=\"row-2 even\">\n\t<td class=\"column-1\">Mar\u00e7o<\/td><td class=\"column-2\">13<\/td><td class=\"column-3\">Sexta-feira<\/td><td class=\"column-4\"><\/td><td class=\"column-5\">Audit\u00f3rio Rosemary Hoffmann Ribani - Pr\u00e9dio Engenharia Qu\u00edmica<\/td>\n<\/tr>\n<tr class=\"row-3 odd\">\n\t<td class=\"column-1\">Abril<\/td><td class=\"column-2\">10<\/td><td class=\"column-3\">Sexta-feira<\/td><td class=\"column-4\"><\/td><td class=\"column-5\">Audit\u00f3rio Rosemary Hoffmann Ribani - Pr\u00e9dio Engenharia Qu\u00edmica<\/td>\n<\/tr>\n<tr class=\"row-4 even\">\n\t<td class=\"column-1\">Maio<\/td><td class=\"column-2\">15<\/td><td class=\"column-3\">Sexta-feira<\/td><td class=\"column-4\"><\/td><td class=\"column-5\">Audit\u00f3rio Rosemary Hoffmann Ribani - Pr\u00e9dio Engenharia Qu\u00edmica<\/td>\n<\/tr>\n<tr class=\"row-5 odd\">\n\t<td class=\"column-1\">Junho<\/td><td class=\"column-2\">12<\/td><td class=\"column-3\">Sexta-feira<\/td><td class=\"column-4\"><\/td><td class=\"column-5\">Audit\u00f3rio Rosemary Hoffmann Ribani - Pr\u00e9dio Engenharia Qu\u00edmica<\/td>\n<\/tr>\n<tr class=\"row-6 even\">\n\t<td class=\"column-1\">Julho<\/td><td class=\"column-2\">10<\/td><td class=\"column-3\">Sexta-feira<\/td><td class=\"column-4\"><\/td><td class=\"column-5\">Audit\u00f3rio Rosemary Hoffmann Ribani - Pr\u00e9dio Engenharia Qu\u00edmica<\/td>\n<\/tr>\n<tr class=\"row-7 odd\">\n\t<td class=\"column-1\">Agosto<\/td><td class=\"column-2\">14<\/td><td class=\"column-3\">Sexta-feira<\/td><td class=\"column-4\"><\/td><td class=\"column-5\">Audit\u00f3rio Rosemary Hoffmann Ribani - Pr\u00e9dio Engenharia Qu\u00edmica<\/td>\n<\/tr>\n<tr class=\"row-8 even\">\n\t<td class=\"column-1\">Setembro<\/td><td class=\"column-2\">11<\/td><td class=\"column-3\">Sexta-feira<\/td><td class=\"column-4\"><\/td><td class=\"column-5\">Audit\u00f3rio Rosemary Hoffmann Ribani - Pr\u00e9dio Engenharia Qu\u00edmica<\/td>\n<\/tr>\n<tr class=\"row-9 odd\">\n\t<td class=\"column-1\">Outubro<\/td><td class=\"column-2\">16<\/td><td class=\"column-3\">Sexta-feira<\/td><td class=\"column-4\"><\/td><td class=\"column-5\">Audit\u00f3rio Rosemary Hoffmann Ribani - Pr\u00e9dio Engenharia Qu\u00edmica<\/td>\n<\/tr>\n<tr class=\"row-10 even\">\n\t<td class=\"column-1\">Novembro<\/td><td class=\"column-2\">13<\/td><td class=\"column-3\">Sexta-feira<\/td><td class=\"column-4\"><\/td><td class=\"column-5\">Audit\u00f3rio Rosemary Hoffmann Ribani - Pr\u00e9dio Engenharia Qu\u00edmica<\/td>\n<\/tr>\n<tr class=\"row-11 odd\">\n\t<td class=\"column-1\">Dezembro<\/td><td class=\"column-2\">11<\/td><td class=\"column-3\">Sexta-feira<\/td><td class=\"column-4\"><\/td><td class=\"column-5\">Audit\u00f3rio Rosemary Hoffmann Ribani - Pr\u00e9dio Engenharia Qu\u00edmica<\/td>\n<\/tr>\n<\/tbody>\n<\/table>\n<!-- #tablepress-2 from cache -->\n\n\n<p><\/p>\n","protected":false},"excerpt":{"rendered":"<p>As reuni\u00f5es s\u00e3o presenciais, gravadas e transmitidas via Microsoft Teams. \u25ba O prazo para recebimento de solicita\u00e7\u00f5es de pauta para a reuni\u00e3o departamental encerra-se \u00e0s [&hellip;]<\/p>\n","protected":false},"author":1009,"featured_media":0,"parent":0,"menu_order":0,"comment_status":"closed","ping_status":"closed","template":"","meta":{"footnotes":""},"_links":{"self":[{"href":"https:\/\/tecnologia.ufpr.br\/deq\/wp-json\/wp\/v2\/pages\/609"}],"collection":[{"href":"https:\/\/tecnologia.ufpr.br\/deq\/wp-json\/wp\/v2\/pages"}],"about":[{"href":"https:\/\/tecnologia.ufpr.br\/deq\/wp-json\/wp\/v2\/types\/page"}],"author":[{"embeddable":true,"href":"https:\/\/tecnologia.ufpr.br\/deq\/wp-json\/wp\/v2\/users\/1009"}],"replies":[{"embeddable":true,"href":"https:\/\/tecnologia.ufpr.br\/deq\/wp-json\/wp\/v2\/comments?post=609"}],"version-history":[{"count":28,"href":"https:\/\/tecnologia.ufpr.br\/deq\/wp-json\/wp\/v2\/pages\/609\/revisions"}],"predecessor-version":[{"id":2425,"href":"https:\/\/tecnologia.ufpr.br\/deq\/wp-json\/wp\/v2\/pages\/609\/revisions\/2425"}],"wp:attachment":[{"href":"https:\/\/tecnologia.ufpr.br\/deq\/wp-json\/wp\/v2\/media?parent=609"}],"curies":[{"name":"wp","href":"https:\/\/api.w.org\/{rel}","templated":true}]}}