{"id":373,"date":"2023-07-27T09:21:38","date_gmt":"2023-07-27T12:21:38","guid":{"rendered":"https:\/\/tecnologia.ufpr.br\/?page_id=373"},"modified":"2026-03-17T13:00:19","modified_gmt":"2026-03-17T16:00:19","slug":"reserva-deq","status":"publish","type":"page","link":"https:\/\/tecnologia.ufpr.br\/deq\/reserva-deq\/","title":{"rendered":"Reserva Espa\u00e7o DEQ"},"content":{"rendered":"<p>Audit\u00f3rio Rosemary Hoffmann Ribani &#8211; Piso t\u00e9rreo (webcam, microfone, projetor, caixas de som); <strong>capacidade m\u00e1xima: 113 pessoas<\/strong><br \/>Audit\u00f3rio II &#8211; 1\u00ba Andar (microfone, projetor, caixas de som); <strong>capacidade m\u00e1xima: 106 pessoas<\/strong><br \/>Miniaudit\u00f3rio &#8211; 1\u00ba Andar (tv, projetor); <strong>capacidade m\u00e1xima: 50 pessoas<\/strong><br \/>Sala de Atos &#8211; 1\u00ba Andar (projetor); <strong>capacidade m\u00e1xima: 15 pessoas<\/strong>\u00a0<br \/>Salas 01, 02 e 03 &#8211; Piso T\u00e9rreo<br \/>Salas 11, 12, 13, 14 e 15 &#8211; 1\u00ba Andar<\/p>\n\n<div class=\"wp-block-image\">\n<figure class=\"alignleft size-medium\"><img loading=\"lazy\" decoding=\"async\" width=\"300\" height=\"300\" src=\"https:\/\/tecnologia.ufpr.br\/deq\/wp-content\/uploads\/sites\/10\/2023\/04\/QRCode-para-Formulario-de-Reserva-TC_DEQ-300x300.png\" alt=\"\" class=\"wp-image-1838\" srcset=\"https:\/\/tecnologia.ufpr.br\/deq\/wp-content\/uploads\/sites\/10\/2023\/04\/QRCode-para-Formulario-de-Reserva-TC_DEQ-300x300.png 300w, https:\/\/tecnologia.ufpr.br\/deq\/wp-content\/uploads\/sites\/10\/2023\/04\/QRCode-para-Formulario-de-Reserva-TC_DEQ-1024x1024.png 1024w, https:\/\/tecnologia.ufpr.br\/deq\/wp-content\/uploads\/sites\/10\/2023\/04\/QRCode-para-Formulario-de-Reserva-TC_DEQ-150x150.png 150w, https:\/\/tecnologia.ufpr.br\/deq\/wp-content\/uploads\/sites\/10\/2023\/04\/QRCode-para-Formulario-de-Reserva-TC_DEQ-768x768.png 768w, https:\/\/tecnologia.ufpr.br\/deq\/wp-content\/uploads\/sites\/10\/2023\/04\/QRCode-para-Formulario-de-Reserva-TC_DEQ-1536x1536.png 1536w, https:\/\/tecnologia.ufpr.br\/deq\/wp-content\/uploads\/sites\/10\/2023\/04\/QRCode-para-Formulario-de-Reserva-TC_DEQ-120x120.png 120w, https:\/\/tecnologia.ufpr.br\/deq\/wp-content\/uploads\/sites\/10\/2023\/04\/QRCode-para-Formulario-de-Reserva-TC_DEQ.png 1890w\" sizes=\"(max-width: 300px) 100vw, 300px\" \/><\/figure><\/div>\n\n\n<p><strong>Deseja solicitar alguma sala de aula ou audit\u00f3rio do DEQ?<\/strong><br>A reserva pode ser efetuada apenas por servidores(as) da UFPR. Para servidores(as) do Setor de Tecnologia, basta preencher o<strong> <a href=\"https:\/\/forms.office.com\/r\/Uz9p7J8C9N\" target=\"_blank\" rel=\"noreferrer noopener\">Formul\u00e1rio de Reserva<\/a><\/strong> ou acessar o QRcode ao lado.<br>O uso do formul\u00e1rio \u00e9 importante para reunir as informa\u00e7\u00f5es necess\u00e1rias para a realiza\u00e7\u00e3o da reserva.<br>Preenchido o formul\u00e1rio, aguardar a confirma\u00e7\u00e3o da reserva (<strong>at\u00e9 24 horas<\/strong>).<br>Obs.: <strong>A chave ou o acesso ser\u00e1 concedido apenas ao(\u00e0) servidor(a) respons\u00e1vel pela reserva ou \u00e0 pessoa por ele(a) devidamente indicada no formul\u00e1rio.<\/strong><\/p>\n\n\n\n<p><strong>E o procedimento para quem n\u00e3o \u00e9 do Setor de Tecnologia?<\/strong><br>A reserva deve ser solicitada apenas pela chefia da unidade ou departamento da UFPR, mediante o preenchimento do\u00a0<strong><a href=\"https:\/\/tecnologia.ufpr.br\/deq\/wp-content\/uploads\/sites\/10\/2026\/03\/formulario-reserva-espaco-deq.docx\" data-type=\"link\" data-id=\"https:\/\/tecnologia.ufpr.br\/deq\/wp-content\/uploads\/sites\/10\/2026\/03\/formulario-reserva-espaco-deq.docx\">Formul\u00e1rio de Reserva<\/a><\/strong>,\u00a0que deve ser inserido no\u00a0<a href=\"https:\/\/sei.ufpr.br\/sei\/web\/\" target=\"_blank\" rel=\"noreferrer noopener\">SEI<\/a>\u00a0(Tipo: Administra\u00e7\u00e3o Geral: Informa\u00e7\u00f5es e Documentos) e devidamente autenticado. Tamb\u00e9m \u00e9 necess\u00e1rio incluir despacho contendo o pedido formal da chefia. Depois \u00e9 necess\u00e1rio enviar e-mail para deq@ufpr.br pelo SEI e tramitar processo para TC\/DEQ com, pelo menos, (sete) dias de anteced\u00eancia \u00e0 data do evento.<br>Aguardar o e-mail de confirma\u00e7\u00e3o da reserva (<strong>at\u00e9 72 horas<\/strong>).<br>Obs.: <strong>A chave ou o acesso ser\u00e1 concedido apenas ao(\u00e0) servidor(a) respons\u00e1vel pela reserva ou \u00e0 pessoa por ele(a) devidamente indicada no formul\u00e1rio.<\/strong><\/p>\n\n\n\n<p><strong>Como saber se o espa\u00e7o j\u00e1 est\u00e1 reservado?<br><\/strong>Veja abaixo a Agenda de Reservas:<br><a href=\"https:\/\/outlook.office365.com\/owa\/calendar\/3677c62a6ef14cbaaa4e3468c57cdb72@ufpr.br\/b6148c02b8df4d97850934e64ac40c2117607407445484914663\/calendar.html\" target=\"_blank\" rel=\"noreferrer noopener\">Audit\u00f3rio Rosemary Hoffmann Ribani (piso inferior)<\/a> &#8211; A partir de 40 pessoas<br><a href=\"https:\/\/outlook.office365.com\/owa\/calendar\/3677c62a6ef14cbaaa4e3468c57cdb72@ufpr.br\/6d1e0b80546646229770565b18e3cbe811453990179725347066\/calendar.html\" data-type=\"URL\" data-id=\"https:\/\/outlook.office365.com\/owa\/calendar\/3677c62a6ef14cbaaa4e3468c57cdb72@ufpr.br\/6d1e0b80546646229770565b18e3cbe811453990179725347066\/calendar.html\" target=\"_blank\" rel=\"noreferrer noopener\">Audit\u00f3rio II (piso superior)<\/a> &#8211; A partir de 40 pessoas<\/p>\n\n\n\n<p><a href=\"https:\/\/outlook.office365.com\/owa\/calendar\/3677c62a6ef14cbaaa4e3468c57cdb72@ufpr.br\/e3d2810e986f422e8d7674697980a6074258596073489773946\/calendar.html\">Miniaudit\u00f3rio (superior)<\/a> &#8211; At\u00e9 50 pessoas<br><a href=\"https:\/\/outlook.office365.com\/owa\/calendar\/3677c62a6ef14cbaaa4e3468c57cdb72@ufpr.br\/d04293e6f3e0434e82d3063fdf79ceff2900921244211763180\/calendar.html\" target=\"_blank\" rel=\"noreferrer noopener\">Sala de Atos (superior)<\/a> &#8211; At\u00e9 15 pessoas<\/p>\n\n\n\n<p><a href=\"https:\/\/outlook.office365.com\/owa\/calendar\/3677c62a6ef14cbaaa4e3468c57cdb72@ufpr.br\/959889337f024d1cb31a48ac7aed1dd24229283035715099889\/calendar.html\" data-type=\"link\" data-id=\"https:\/\/outlook.office365.com\/owa\/calendar\/3677c62a6ef14cbaaa4e3468c57cdb72@ufpr.br\/959889337f024d1cb31a48ac7aed1dd24229283035715099889\/calendar.html\">Salas de aula<\/a> &#8211; Consultar <a href=\"https:\/\/ufprbr0-my.sharepoint.com\/:x:\/g\/personal\/deq_ufpr_br\/Edy32U1H0TBPn7NObRRf20oBj8P5jS3c9RoQI9NnQqmvGw?e=Vm30ur\" target=\"_blank\" rel=\"noreferrer noopener\">Ensalamento<\/a> antes de solicitar agendamento<\/p>\n\n\n\n<p><a href=\"https:\/\/outlook.office365.com\/owa\/calendar\/3677c62a6ef14cbaaa4e3468c57cdb72@ufpr.br\/1a43b35012e947cfb580185026b8e51614239701600876904703\/calendar.html\" target=\"_blank\" rel=\"noreferrer noopener\">Laborat\u00f3rio Qu\u00edmica Anal\u00edtica Aplicada<\/a> &#8211; Usina Piloto &#8211; At\u00e9 20 pessoas<\/p>\n\n\n\n<p><\/p>\n\n\n\n<p><strong>Para mais informa\u00e7\u00f5es: <\/strong><br>Entrar em contato atrav\u00e9s do Teams\/E-mail deq@ufpr.br.<\/p>\n","protected":false},"excerpt":{"rendered":"<p>Audit\u00f3rio Rosemary Hoffmann Ribani &#8211; Piso t\u00e9rreo (webcam, microfone, projetor, caixas de som); capacidade m\u00e1xima: 113 pessoasAudit\u00f3rio II &#8211; 1\u00ba Andar (microfone, projetor, caixas de [&hellip;]<\/p>\n","protected":false},"author":1009,"featured_media":0,"parent":0,"menu_order":0,"comment_status":"closed","ping_status":"closed","template":"","meta":{"footnotes":""},"_links":{"self":[{"href":"https:\/\/tecnologia.ufpr.br\/deq\/wp-json\/wp\/v2\/pages\/373"}],"collection":[{"href":"https:\/\/tecnologia.ufpr.br\/deq\/wp-json\/wp\/v2\/pages"}],"about":[{"href":"https:\/\/tecnologia.ufpr.br\/deq\/wp-json\/wp\/v2\/types\/page"}],"author":[{"embeddable":true,"href":"https:\/\/tecnologia.ufpr.br\/deq\/wp-json\/wp\/v2\/users\/1009"}],"replies":[{"embeddable":true,"href":"https:\/\/tecnologia.ufpr.br\/deq\/wp-json\/wp\/v2\/comments?post=373"}],"version-history":[{"count":67,"href":"https:\/\/tecnologia.ufpr.br\/deq\/wp-json\/wp\/v2\/pages\/373\/revisions"}],"predecessor-version":[{"id":2487,"href":"https:\/\/tecnologia.ufpr.br\/deq\/wp-json\/wp\/v2\/pages\/373\/revisions\/2487"}],"wp:attachment":[{"href":"https:\/\/tecnologia.ufpr.br\/deq\/wp-json\/wp\/v2\/media?parent=373"}],"curies":[{"name":"wp","href":"https:\/\/api.w.org\/{rel}","templated":true}]}}