{"id":22,"date":"2023-12-21T17:18:35","date_gmt":"2023-12-21T20:18:35","guid":{"rendered":"https:\/\/tecnologia.ufpr.br\/?page_id=20"},"modified":"2023-12-21T17:19:18","modified_gmt":"2023-12-21T20:19:18","slug":"pos-graduacao","status":"publish","type":"page","link":"https:\/\/tecnologia.ufpr.br\/deq\/pos-graduacao\/","title":{"rendered":"P\u00f3s-Gradua\u00e7\u00e3o"},"content":{"rendered":"<table border=\"1\" align=\"center\">\n<tbody>\n<tr align=\"center\">\n<td align=\"center\" width=\"50%\">\n<p class=\"sansserif\"><span style=\"font-size: small\"><strong>Nome do Programa<\/strong><\/span><\/p>\n<\/td>\n<td align=\"center\" width=\"15%\">\n<p class=\"sansserif\"><span style=\"font-size: small\"><strong>Telefone<\/strong><\/span><\/p>\n<\/td>\n<td align=\"center\">\n<p class=\"sansserif\"><span style=\"font-size: small\"><strong>E-mail<\/strong><\/span><\/p>\n<\/td>\n<\/tr>\n<tr align=\"center\">\n<td align=\"left\" width=\"50%\"><span style=\"font-size: small\"><a href=\"http:\/\/www.posalim.ufpr.br\/\" target=\"_blank\" rel=\"noopener noreferrer\">Programa de P\u00f3s-Gradua\u00e7\u00e3o em Engenharia de Alimentos<\/a><\/span><\/p>\n<p>Coordenador: Prof. Dr. Marcos Rog\u00e9rio Mafra<br \/>\nVice-Coordenador:\u00a0 a definir<\/p>\n<p>Secret\u00e1rio: Pilar Buquera<\/td>\n<td align=\"center\" width=\"20%\">\n<p class=\"sansserif\"><span style=\"font-size: small\">(41) 3361-3232<\/span><\/p>\n<\/td>\n<td align=\"center\">\n<p class=\"sansserif\"><span style=\"font-size: small\"><a href=\"mailto:posalim@ufpr.br\">posalim@ufpr.br<\/a><\/span><\/p>\n<\/td>\n<\/tr>\n<tr align=\"center\">\n<td align=\"left\" width=\"50%\"><span style=\"font-size: small\"><a href=\"http:\/\/www.ppgeq.ufpr.br\/\" target=\"_blank\" rel=\"noopener noreferrer\">Programa de P\u00f3s-Gradua\u00e7\u00e3o em Engenharia Qu\u00edmica<\/a><\/span><\/p>\n<p>Coordenador: Prof. Dr. Everton Fernando Zanoelo<br \/>\nVice-Coordenador: Prof. Dr. Alexandre Ferreira Santos<\/p>\n<p>Secret\u00e1ria: Cintya Kuznharski<\/td>\n<td align=\"center\" width=\"20%\">\n<p class=\"sansserif\"><span style=\"font-size: small\">(41) 3361-3590<\/span><\/p>\n<\/td>\n<td align=\"center\">\n<p class=\"sansserif\"><span style=\"font-size: small\"><a href=\"mailto:ppgeq@ufpr.br\">ppgeq@ufpr.br<\/a><\/span><\/p>\n<\/td>\n<\/tr>\n<tr align=\"center\">\n<td align=\"left\" width=\"50%\"><span style=\"font-size: small\"><a href=\"http:\/\/www.ppgmaui.ufpr.br\/\" target=\"_blank\" rel=\"noopener noreferrer\">Programa de Mestrado Profissional em Meio Ambiente Urbano e Industrial<\/a><\/span><\/p>\n<p>Coordenador: Prof. Dr. Alexandre Claus<br \/>\nVice-Coordenadora: Prof\u00aa. Dr\u00aa. Danniele Miranda Bacila<\/p>\n<p>Secret\u00e1rio: a definir<\/td>\n<td align=\"center\" width=\"20%\">\n<p class=\"sansserif\"><span style=\"font-size: small\">(41) 3361-3579<br \/>\n(41) 3361-3614<\/span><\/p>\n<\/td>\n<td align=\"center\">\n<p class=\"sansserif\"><span style=\"font-size: small\"><a href=\"mailto:ppgmaui@ufpr.br\">ppgmaui@ufpr.br<\/a><br \/>\n<a href=\"mailto:posmaui@gmail.com\">posmaui@gmail.com<\/a><\/span><\/p>\n<\/td>\n<\/tr>\n<\/tbody>\n<\/table>\n","protected":false},"excerpt":{"rendered":"<p>Nome do Programa Telefone E-mail Programa de P\u00f3s-Gradua\u00e7\u00e3o em Engenharia de Alimentos Coordenador: Prof. Dr. Marcos Rog\u00e9rio Mafra Vice-Coordenador:\u00a0 a definir Secret\u00e1rio: Pilar Buquera (41) [&hellip;]<\/p>\n","protected":false},"author":1009,"featured_media":0,"parent":0,"menu_order":0,"comment_status":"closed","ping_status":"closed","template":"","meta":{"footnotes":""},"_links":{"self":[{"href":"https:\/\/tecnologia.ufpr.br\/deq\/wp-json\/wp\/v2\/pages\/22"}],"collection":[{"href":"https:\/\/tecnologia.ufpr.br\/deq\/wp-json\/wp\/v2\/pages"}],"about":[{"href":"https:\/\/tecnologia.ufpr.br\/deq\/wp-json\/wp\/v2\/types\/page"}],"author":[{"embeddable":true,"href":"https:\/\/tecnologia.ufpr.br\/deq\/wp-json\/wp\/v2\/users\/1009"}],"replies":[{"embeddable":true,"href":"https:\/\/tecnologia.ufpr.br\/deq\/wp-json\/wp\/v2\/comments?post=22"}],"version-history":[{"count":14,"href":"https:\/\/tecnologia.ufpr.br\/deq\/wp-json\/wp\/v2\/pages\/22\/revisions"}],"predecessor-version":[{"id":2038,"href":"https:\/\/tecnologia.ufpr.br\/deq\/wp-json\/wp\/v2\/pages\/22\/revisions\/2038"}],"wp:attachment":[{"href":"https:\/\/tecnologia.ufpr.br\/deq\/wp-json\/wp\/v2\/media?parent=22"}],"curies":[{"name":"wp","href":"https:\/\/api.w.org\/{rel}","templated":true}]}}