{"id":1716,"date":"2022-07-12T15:32:09","date_gmt":"2022-07-12T18:32:09","guid":{"rendered":"https:\/\/tecnologia.ufpr.br\/deq\/?page_id=1716"},"modified":"2025-10-03T16:30:25","modified_gmt":"2025-10-03T19:30:25","slug":"2a-chamada","status":"publish","type":"page","link":"https:\/\/tecnologia.ufpr.br\/deq\/graduacao\/2a-chamada\/","title":{"rendered":"Solicita\u00e7\u00e3o 2\u00aa Chamada"},"content":{"rendered":"\n<p><strong>Perdeu alguma avalia\u00e7\u00e3o de disciplina do Departamento de Engenharia Qu\u00edmica e deseja solicitar 2\u00aa chamada?<\/strong><br>O aluno ou seu representante dever\u00e1 requerer ao docente respons\u00e1vel pela disciplina atrav\u00e9s do email do Departamento (deq@ufpr.br) no prazo de 5 (cinco) dias \u00fateis, contados a partir da data da realiza\u00e7\u00e3o da avalia\u00e7\u00e3o do rendimento escolar.\u00a0No e-mail devem constar o <a href=\"https:\/\/tecnologia.ufpr.br\/deq\/wp-content\/uploads\/sites\/10\/2022\/07\/Solicitacao-2a-chamada.pdf\" data-type=\"URL\" data-id=\"https:\/\/tecnologia.ufpr.br\/deq\/wp-content\/uploads\/sites\/10\/2022\/07\/Solicitacao-2a-chamada.pdf\" target=\"_blank\" rel=\"noreferrer noopener\"><strong>Formul\u00e1rio<\/strong><\/a> de solicita\u00e7\u00e3o devidamente preenchido e\u00a0a documenta\u00e7\u00e3o comprobat\u00f3ria correspondente.<\/p>\n\n\n\n<p><a href=\"https:\/\/tecnologia.ufpr.br\/cceq\/avaliacoes-dos-estudantes-de-graduacao\" target=\"_blank\" rel=\"noreferrer noopener\">Veja aqui<\/a> os motivos considerados relevantes pela UFPR e pass\u00edveis de pedidos de 2\u00aa Chamada.<\/p>\n\n\n\n<p>Para disciplinas com outros c\u00f3digos que n\u00e3o come\u00e7am com \u201cTQ\u201d ou &#8220;ENQ&#8221;, procurar o Departamento de origem desta disciplina para orienta\u00e7\u00e3o.<\/p>\n","protected":false},"excerpt":{"rendered":"<p>Perdeu alguma avalia\u00e7\u00e3o de disciplina do Departamento de Engenharia Qu\u00edmica e deseja solicitar 2\u00aa chamada?O aluno ou seu representante dever\u00e1 requerer ao docente respons\u00e1vel pela [&hellip;]<\/p>\n","protected":false},"author":1089,"featured_media":0,"parent":20,"menu_order":0,"comment_status":"closed","ping_status":"closed","template":"","meta":{"footnotes":""},"_links":{"self":[{"href":"https:\/\/tecnologia.ufpr.br\/deq\/wp-json\/wp\/v2\/pages\/1716"}],"collection":[{"href":"https:\/\/tecnologia.ufpr.br\/deq\/wp-json\/wp\/v2\/pages"}],"about":[{"href":"https:\/\/tecnologia.ufpr.br\/deq\/wp-json\/wp\/v2\/types\/page"}],"author":[{"embeddable":true,"href":"https:\/\/tecnologia.ufpr.br\/deq\/wp-json\/wp\/v2\/users\/1089"}],"replies":[{"embeddable":true,"href":"https:\/\/tecnologia.ufpr.br\/deq\/wp-json\/wp\/v2\/comments?post=1716"}],"version-history":[{"count":5,"href":"https:\/\/tecnologia.ufpr.br\/deq\/wp-json\/wp\/v2\/pages\/1716\/revisions"}],"predecessor-version":[{"id":2395,"href":"https:\/\/tecnologia.ufpr.br\/deq\/wp-json\/wp\/v2\/pages\/1716\/revisions\/2395"}],"up":[{"embeddable":true,"href":"https:\/\/tecnologia.ufpr.br\/deq\/wp-json\/wp\/v2\/pages\/20"}],"wp:attachment":[{"href":"https:\/\/tecnologia.ufpr.br\/deq\/wp-json\/wp\/v2\/media?parent=1716"}],"curies":[{"name":"wp","href":"https:\/\/api.w.org\/{rel}","templated":true}]}}