{"id":14,"date":"2023-12-21T17:15:38","date_gmt":"2023-12-21T20:15:38","guid":{"rendered":"https:\/\/tecnologia.ufpr.br\/deq\/?page_id=14"},"modified":"2026-01-13T15:53:00","modified_gmt":"2026-01-13T18:53:00","slug":"departamento","status":"publish","type":"page","link":"https:\/\/tecnologia.ufpr.br\/deq\/departamento\/","title":{"rendered":"Engenharia Qu\u00edmica"},"content":{"rendered":"\n<p><strong>Departamento de Engenharia Qu\u00edmica<\/strong><\/p>\n\n\n\n<figure class=\"wp-block-table\"><table><tbody><tr><td class=\"has-text-align-left\" data-align=\"left\">Prof.\u00aa Dr.\u00aa M\u00f4nica Beatriz Kolicheski<br><strong>Chefe do DEQ (Titular)<\/strong><br>monica.beatriz@ufpr.br<br>(41) 3361-3579<\/td><td>Prof.\u00aa Dr.\u00aa Danniele Miranda Bacila<br><strong>Chefe do DEQ (Suplente)<\/strong><br>dannielemiranda@ufpr.br<br>(41) 3361-3578<\/td><\/tr><tr><td class=\"has-text-align-left\" data-align=\"left\"><strong>Secretaria do Departamento:<\/strong><br>Mariane Pereira Filomeno \/ Luciano Marcio de Andrade<br>deq@ufpr.br<br>(41) 3361-3277 \/ (41) 3361-3058<\/td><td><\/td><\/tr><tr><td class=\"has-text-align-left\" data-align=\"left\"><strong>T\u00e9cnico de Inform\u00e1tica do DEQ<\/strong><br>Kauan Luiz de Barros<br>barros.kauan@ufpr.br <br>(41) 3361-3277 \/ (41) 3361-3058<\/td><td><\/td><\/tr><tr><td class=\"has-text-align-left\" data-align=\"left\">Universidade Federal do Paran\u00e1 &#8211; Setor de Tecnologia<br>Departamento de Engenharia Qu\u00edmica &#8211; <br>Pr\u00e9dio da Engenharia Qu\u00edmica (T\u00e9rreo)<br>Av. Cel. Her\u00e1clito dos Santos, 100 &#8211; Caixa Postal: 19011<br>Centro Polit\u00e9cnico &#8211; Jardim das Am\u00e9ricas<br>Curitiba\/PR, Brasil &#8211; CEP 81530-000<\/td><td><\/td><\/tr><\/tbody><\/table><\/figure>\n\n\n\n<p><\/p>\n\n\n\n<p><strong>Coordena\u00e7\u00e3o do Curso de Engenharia Qu\u00edmica<\/strong><\/p>\n\n\n\n<p>Clique <strong><a href=\"https:\/\/tecnologia.ufpr.br\/cceq\/\" data-type=\"link\" data-id=\"https:\/\/tecnologia.ufpr.br\/cceq\/\">aqui<\/a><\/strong> para acessar o site.<\/p>\n\n\n\n<p><\/p>\n\n\n\n<p><\/p>\n\n\n\n<p>* <strong>Servidores t\u00e9cnicos participantes do Programa de Gest\u00e3o de Desempenho<\/strong>, realizando teletrabalho em regime de execu\u00e7\u00e3o parcial &#8211; <a href=\"https:\/\/www.in.gov.br\/en\/web\/dou\/-\/instrucao-normativa-conjunta-seges-sgprt-\/mgi-n-24-de-28-de-julho-de-2023-499593248\" data-type=\"link\" data-id=\"https:\/\/www.in.gov.br\/en\/web\/dou\/-\/instrucao-normativa-conjunta-seges-sgprt-\/mgi-n-24-de-28-de-julho-de-2023-499593248\">IN 24\/2023<\/a>. Atendimento presencial de acordo com a escala apresentada a seguir.<\/p>\n\n\n\n<figure class=\"wp-block-table\"><table><tbody><tr><td class=\"has-text-align-center\" data-align=\"center\"><strong>SERVIDOR<\/strong>&nbsp;<\/td><td><strong>Segunda<\/strong>&nbsp;<\/td><td><strong>Ter\u00e7a<\/strong>&nbsp;<\/td><td><strong>Quarta<\/strong>&nbsp;<\/td><td><strong>Quinta<\/strong>&nbsp;<\/td><td><strong>Sexta<\/strong>&nbsp;<\/td><\/tr><tr><td class=\"has-text-align-center\" data-align=\"center\"><strong>FERNANDO FLORES DOS SANTOS<\/strong>&nbsp;<\/td><td>Remoto&nbsp;<\/td><td>Presencial&nbsp;<\/td><td>Presencial&nbsp;<\/td><td>Presencial&nbsp;<\/td><td>Remoto&nbsp;<\/td><\/tr><tr><td class=\"has-text-align-center\" data-align=\"center\"><strong>MARIANE PEREIRA FILOMENO<\/strong>&nbsp;<\/td><td>Presencial&nbsp;<\/td><td>Remoto&nbsp;<\/td><td>Remoto&nbsp;<\/td><td>Remoto&nbsp;<\/td><td>Presencial&nbsp;<\/td><\/tr><\/tbody><\/table><\/figure>\n","protected":false},"excerpt":{"rendered":"<p>Departamento de Engenharia Qu\u00edmica Prof.\u00aa Dr.\u00aa M\u00f4nica Beatriz KolicheskiChefe do DEQ (Titular)monica.beatriz@ufpr.br(41) 3361-3579 Prof.\u00aa Dr.\u00aa Danniele Miranda BacilaChefe do DEQ (Suplente)dannielemiranda@ufpr.br(41) 3361-3578 Secretaria do Departamento:Mariane [&hellip;]<\/p>\n","protected":false},"author":1,"featured_media":0,"parent":0,"menu_order":1,"comment_status":"closed","ping_status":"closed","template":"","meta":{"footnotes":""},"_links":{"self":[{"href":"https:\/\/tecnologia.ufpr.br\/deq\/wp-json\/wp\/v2\/pages\/14"}],"collection":[{"href":"https:\/\/tecnologia.ufpr.br\/deq\/wp-json\/wp\/v2\/pages"}],"about":[{"href":"https:\/\/tecnologia.ufpr.br\/deq\/wp-json\/wp\/v2\/types\/page"}],"author":[{"embeddable":true,"href":"https:\/\/tecnologia.ufpr.br\/deq\/wp-json\/wp\/v2\/users\/1"}],"replies":[{"embeddable":true,"href":"https:\/\/tecnologia.ufpr.br\/deq\/wp-json\/wp\/v2\/comments?post=14"}],"version-history":[{"count":42,"href":"https:\/\/tecnologia.ufpr.br\/deq\/wp-json\/wp\/v2\/pages\/14\/revisions"}],"predecessor-version":[{"id":2405,"href":"https:\/\/tecnologia.ufpr.br\/deq\/wp-json\/wp\/v2\/pages\/14\/revisions\/2405"}],"wp:attachment":[{"href":"https:\/\/tecnologia.ufpr.br\/deq\/wp-json\/wp\/v2\/media?parent=14"}],"curies":[{"name":"wp","href":"https:\/\/api.w.org\/{rel}","templated":true}]}}