{"id":1275,"date":"2022-05-30T14:07:48","date_gmt":"2022-05-30T14:07:48","guid":{"rendered":"https:\/\/tecnologia.ufpr.br\/deq\/?page_id=1275"},"modified":"2022-05-30T14:07:48","modified_gmt":"2022-05-30T14:07:48","slug":"concurso-magisterio-superior-edital-113-20","status":"publish","type":"page","link":"https:\/\/tecnologia.ufpr.br\/deq\/concurso-magisterio-superior-edital-113-20\/","title":{"rendered":"Concurso Magist\u00e9rio Superior &#8211; Edital 113\/20"},"content":{"rendered":"\n<p><strong>Informa\u00e7\u00f5es sobre o Concurso Magist\u00e9rio Superior &#8211; Edital 113\/20:<\/strong><br><a rel=\"noreferrer noopener\" href=\"https:\/\/tecnologia.ufpr.br\/deq\/wp-content\/uploads\/sites\/10\/2022\/05\/SEI_UFPR-4535778-Edital-01-1.pdf\" target=\"_blank\">Cronograma e Informa\u00e7\u00f5es importantes<\/a><br><a rel=\"noreferrer noopener\" href=\"https:\/\/tecnologia.ufpr.br\/deq\/wp-content\/uploads\/sites\/10\/2022\/05\/SEI_UFPR-4535810-Edital-02-1.pdf\" target=\"_blank\">Pontos e Crit\u00e9rios da Prova Escrita<\/a><br><a rel=\"noreferrer noopener\" href=\"https:\/\/tecnologia.ufpr.br\/deq\/wp-content\/uploads\/sites\/10\/2022\/05\/SEI_UFPR-4535834-Edital-03-1.pdf\" target=\"_blank\">Pontos e Crit\u00e9rios da Prova Did\u00e1tica<\/a><br><a rel=\"noreferrer noopener\" href=\"https:\/\/tecnologia.ufpr.br\/deq\/wp-content\/uploads\/sites\/10\/2022\/05\/Edital-04-Habilitados-Prova-Didatica.pdf\" data-type=\"URL\" data-id=\"https:\/\/tecnologia.ufpr.br\/deq\/wp-content\/uploads\/sites\/10\/2022\/05\/Edital-04-Habilitados-Prova-Didatica.pdf\" target=\"_blank\">Habilitados para a Prova Did\u00e1tica<\/a><br><a rel=\"noreferrer noopener\" href=\"https:\/\/tecnologia.ufpr.br\/deq\/wp-content\/uploads\/sites\/10\/2022\/05\/Edital-05-Sorteio-Prova-Didatica.pdf\" target=\"_blank\">Hor\u00e1rio do Sorteio dos Pontos da Prova Did\u00e1tica<\/a><br><a rel=\"noreferrer noopener\" href=\"https:\/\/tecnologia.ufpr.br\/deq\/wp-content\/uploads\/sites\/10\/2022\/05\/SEI_UFPR-4546895-Parecer.pdf\" data-type=\"URL\" data-id=\"https:\/\/tecnologia.ufpr.br\/deq\/wp-content\/uploads\/sites\/10\/2022\/05\/SEI_UFPR-4546895-Parecer.pdf\" target=\"_blank\">An\u00e1lise e Parecer de Recurso da Prova Escrita<\/a><br><a rel=\"noreferrer noopener\" href=\"https:\/\/tecnologia.ufpr.br\/deq\/wp-content\/uploads\/sites\/10\/2022\/05\/SEI_UFPR-4547471-Edital-Sorteio-Didatica.pdf\" target=\"_blank\">Cronograma da Prova Did\u00e1tica<\/a><br><a rel=\"noreferrer noopener\" href=\"https:\/\/tecnologia.ufpr.br\/deq\/wp-content\/uploads\/sites\/10\/2022\/05\/SEI_UFPR-4551765-Edital-Aprovados-Prova-Pratica.pdf\" target=\"_blank\">Aprovados na Prova Did\u00e1tica<\/a><br><a rel=\"noreferrer noopener\" href=\"https:\/\/tecnologia.ufpr.br\/deq\/wp-content\/uploads\/sites\/10\/2022\/05\/SEI_UFPR-4551795-Edital-Cronograma-Defesa-Curriculo.pdf\" target=\"_blank\">Cronograma da Defesa de Curr\u00edculo e do Projeto de Pesquisa<\/a><br><a rel=\"noreferrer noopener\" href=\"https:\/\/tecnologia.ufpr.br\/deq\/wp-content\/uploads\/sites\/10\/2022\/05\/SEI_UFPR-4555065-Edital-Sessao-Publica.pdf\" target=\"_blank\">Sess\u00e3o P\u00fablica &#8211; Divulga\u00e7\u00e3o do Resultado<\/a><br><a href=\"https:\/\/tecnologia.ufpr.br\/deq\/wp-content\/uploads\/sites\/10\/2022\/05\/SEI_UFPR-4557645-Edital-Classificados.pdf\" target=\"_blank\" rel=\"noreferrer noopener\">Lista dos Candidatos Classificados<\/a><\/p>\n\n\n\n<p><\/p>\n\n\n\n<p class=\"has-text-align-left\"><strong>AVISO IMPORTANTE: <\/strong>Atrav\u00e9s do <a rel=\"noreferrer noopener\" href=\"https:\/\/tecnologia.ufpr.br\/deq\/wp-content\/uploads\/sites\/10\/2022\/05\/SEI_UFPR-4506508-Edital-Banca-Efetivo.pdf\" target=\"_blank\">Edital n\u00ba 05\/2022<\/a>, vimos comunicar que foi definida a composi\u00e7\u00e3o da <strong>Banca Examinadora<\/strong> e a <strong>data de in\u00edcio<\/strong> do Concurso P\u00fablico de Provas e T\u00edtulos para o provimento na carreira de Magist\u00e9rio Superior na classe de Professor Adjunto A, Regime de Trabalho: 40 horas &#8211; DE, na \u00c1rea de Conhecimento: Projetos de Instala\u00e7\u00f5es Industriais, objeto do Edital n\u00ba 113\/21 \u2013 PROGEPE, para o Departamento de Engenharia Qu\u00edmica.<\/p>\n\n\n\n<p><\/p>\n\n\n\n<p class=\"has-text-align-left\"><a href=\"http:\/\/www.progepe.ufpr.br\/progepe\/concursos\/docente\/concursos_publicos\/editais\/edital113-20.pdf\"><strong>Edital 113\/20 &#8211; PROGEPE\/2020 &#8211; Concurso Professor Efetivo &#8211; Projeto de Instala\u00e7\u00f5es Industriais<\/strong><\/a><\/p>\n\n\n\n<p>Ap\u00f3s an\u00e1lise do recurso impetrado sobre o resultado de homologa\u00e7\u00e3o de inscri\u00e7\u00e3o, a candidata abaixo obteve o pedido de <strong>homologa\u00e7\u00e3o da sua inscri\u00e7\u00e3o deferida<\/strong>.<\/p>\n\n\n\n<p><strong>Ana Fl\u00e1via Pinheiro de Campos<\/strong> &#8211; <strong>Processo SEI inscri\u00e7\u00e3o 23075.007599\/2021-77<\/strong><\/p>\n\n\n\n<p><a href=\"http:\/\/www.progepe.ufpr.br\/progepe\/concursos\/docente\/concursos_publicos\/editais\/edital113-20.pdf\"><strong>Edital 113\/20 &#8211; PROGEPE\/2020 &#8211; Concurso Professor Efetivo &#8211; Projeto de Instala\u00e7\u00f5es Industriais<\/strong><\/a><\/p>\n\n\n\n<p>Conforme o disposto no Edital, na Resolu\u00e7\u00e3o&nbsp;n\u00ba66-A\/16-CEPE e demais resolu\u00e7\u00f5es pertinentes, foram homologadas as seguintes inscri\u00e7\u00f5es do Concurso P\u00fablico para o Magist\u00e9rio Superior. <\/p>\n\n\n\n<figure class=\"wp-block-table\"><table><tbody><tr><td><strong>Nome<\/strong><\/td><td><strong>Processo SEI &#8211; Inscri\u00e7\u00e3o<\/strong><\/td><\/tr><tr><td>Alessandra Cristina Pedro<\/td><td>23075.006587\/2021-25<\/td><\/tr><tr><td>Ana Carolina Tedeschi Gomes Abrantes<\/td><td>23075.007588\/2021-97<\/td><\/tr><tr><td>Andrew Milli Elias<\/td><td>23075.007629\/2021-45<\/td><\/tr><tr><td>Anelize Seniski Silva<\/td><td>23075.007938\/2021-15<\/td><\/tr><tr><td>Angelica da Silva Reis<\/td><td>23075.005294\/2021-21<\/td><\/tr><tr><td>Ariel Antonio Campos Toledo Hijo<\/td><td>23075.007645\/2021-38<\/td><\/tr><tr><td>Camilla Daniela Moura Nickel<\/td><td>23075.007947\/2021-14<\/td><\/tr><tr><td>Carolina Cristiane Pinto<\/td><td>23075.007949\/2021-03<\/td><\/tr><tr><td>Celina Kakitani<\/td><td>23075.005299\/2021-53<\/td><\/tr><tr><td>Claudia Angela Capeletto<\/td><td>23075.007959\/2021-31<\/td><\/tr><tr><td>Danielle Carpin\u00e9<\/td><td>23075.006045\/2021-52<\/td><\/tr><tr><td>Danniele Miranda Bacila<\/td><td>23075.005302\/2021-39<\/td><\/tr><tr><td>Emilia Savioli Lopes<\/td><td>23075.006075\/2021-69<\/td><\/tr><tr><td>Fabiane Oliveira Farias<\/td><td>23075.006595\/2021-71<\/td><\/tr><tr><td>Filipe Vargas Ferreira<\/td><td>23075.008050\/2021-08<\/td><\/tr><tr><td>Giane Andrea Linde Colauto<\/td><td>23075.008054\/2021-88<\/td><\/tr><tr><td>Glaucia Helena Carvalho do Prado<\/td><td>23075.008056\/2021-77<\/td><\/tr><tr><td>Grazielle de Oliveira<\/td><td>23075.008084\/2021-94<\/td><\/tr><tr><td>Iara Camila de Almeida Bolina<\/td><td>23075.008091\/2021-96<\/td><\/tr><tr><td>Ithiara Dalponte Dallabona<\/td><td>23075.008094\/2021-20<\/td><\/tr><tr><td>Joana Bratz Lourenco<\/td><td>23075.008095\/2021-74<\/td><\/tr><tr><td>Julia da Silveira Salla<\/td><td>23075.008096\/2021-19<\/td><\/tr><tr><td>Larissa Consoli<\/td><td>23075.008325\/2021-03<\/td><\/tr><tr><td>Lilian Caroline Kramer Biasi<\/td><td>23075.008329\/2021-83<\/td><\/tr><tr><td>Livia K dos Santos Lima<\/td><td>23075.008330\/2021-16<\/td><\/tr><tr><td>Luis Antonio Lourenco<\/td><td>23075.008332\/2021-05<\/td><\/tr><tr><td>Luis Ricardo Shigueyuki Kanda<\/td><td>23075.008335\/2021-31<\/td><\/tr><tr><td>Mailson de Matos<\/td><td>23075.008336\/2021-85<\/td><\/tr><tr><td>Ma\u00edra Oliveira Palm<\/td><td>23075.008340\/2021-43<\/td><\/tr><tr><td>Manoela Zortea Guidolim<\/td><td>23075.008345\/2021-76<\/td><\/tr><tr><td>Mauricio Carvalho Matheus<\/td><td>23075.008375\/2021-82<\/td><\/tr><tr><td>Paula Lyra Falquetto<\/td><td>23075.008379\/2021-61<\/td><\/tr><tr><td>Paulo Sergio Theodoro<\/td><td>23075.008386\/2021-62<\/td><\/tr><tr><td>Rafael Macedo Dias<\/td><td>23075.008394\/2021-17<\/td><\/tr><tr><td>Rodrigo Cesar Raimundo<\/td><td>23075.008459\/2021-16<\/td><\/tr><tr><td>Silvia Faria da Rocha<\/td><td>23075.008463\/2021-84<\/td><\/tr><tr><td>Simone Vendramel<\/td><td>23075.008466\/2021-18<\/td><\/tr><tr><td>Suelen Maria de Amorim<\/td><td>23075.008469\/2021-51<\/td><\/tr><tr><td>Tarcisio Wolff Leal<\/td><td>23075.008476\/2021-53<\/td><\/tr><tr><td>Thiago Andre Weschenfelder<\/td><td>23075.008478\/2021-42<\/td><\/tr><tr><td>Thiago Jose Barbosa Mesquita<\/td><td>23075.008480\/2021-11<\/td><\/tr><tr><td>Vivien Rossbach<\/td><td>23075.008494\/2021-35<\/td><\/tr><tr><td>Wardleison Martins Moreira<\/td><td>23075.008496\/2021-24<\/td><\/tr><\/tbody><\/table><\/figure>\n\n\n\n<p>N\u00e3o foram homologadas as seguintes inscri\u00e7\u00f5es<\/p>\n\n\n\n<figure class=\"wp-block-table\"><table><tbody><tr><td><strong>Nome<\/strong><\/td><td><strong>Processo SEI-Inscri\u00e7\u00e3o<\/strong><\/td><td><strong>Motivo<\/strong><\/td><\/tr><tr><td>Alessandra Cristine Novak Sydney<\/td><td>23075.007570\/2021-95<\/td><td>Comprovante de quita\u00e7\u00e3o eleitoral inv\u00e1lido; Gradua\u00e7\u00e3o em curso n\u00e3o contemplado pelo edital; Inscri\u00e7\u00e3o realizada fora do prazo.<\/td><\/tr><tr><td>Ana Flavia Pinheiro de Campos Ferreira<\/td><td>23075.007599\/2021-77<\/td><td>Curr\u00edculo apresentado n\u00e3o demonstra \u00e1rea de forma\u00e7\u00e3o exigida pelo edital.<\/td><\/tr><tr><td>Claudia Leites Luchese<\/td><td>23075.008047\/2021-86<\/td><td>N\u00e3o apresentou comprovante de pagamento da taxa de inscri\u00e7\u00e3o<\/td><\/tr><tr><td>Elisiane Maria Berton<\/td><td>23075.003547\/2021-21<\/td><td>Gradua\u00e7\u00e3o em curso n\u00e3o contemplado pelo edital<\/td><\/tr><tr><td>Jorge do Carmo Rodrigues<\/td><td>23075.003564\/2021-69<\/td><td>N\u00e3o apresentou requerimento de inscri\u00e7\u00e3o; n\u00e3o apresentou comprovante de quita\u00e7\u00e3o eleitoral; n\u00e3o apresentou comprovate de quita\u00e7\u00e3o de servi\u00e7o militar; n\u00e3o apresentou curr\u00edculo<\/td><\/tr><tr><td>Mirian Cristina Feiten<\/td><td>23075.003576\/2021-93<\/td><td>N\u00e3o apresentou comprovante de quita\u00e7\u00e3o eleitoral; n\u00e3o apresentou curr\u00edculo<\/td><\/tr><tr><td>Raquel Piletti<\/td><td>23075.008458\/2021-71<\/td><td>N\u00e3o apresentou requerimento de inscri\u00e7\u00e3o<\/td><\/tr><tr><td>Thiago Lopes da Silva<\/td><td>23075.008485\/2021-44<\/td><td>N\u00e3o apresentou requerimento de inscri\u00e7\u00e3o; n\u00e3o apresentou comprovante de pagamento da taxa de inscri\u00e7\u00e3o<\/td><\/tr><\/tbody><\/table><\/figure>\n\n\n\n<p>Conforme Edital, item <em><strong>7.3 \u2013 Caber\u00e1 recurso em rela\u00e7\u00e3o \u00e0 Banca Examinadora no prazo de 48 (quarenta e oito) horas ap\u00f3s<br>a publica\u00e7\u00e3o do edital de divulga\u00e7\u00e3o do setor, dos nomes dos componentes da referida banca.<\/strong><\/em> <\/p>\n\n\n\n<p>Informamos que o e-mail para recebimento de recursos <strong>dirtc@ufpr.br<\/strong> com c\u00f3pia para <strong>deq@ufpr<\/strong>.<\/p>\n\n\n\n<p>Edital para novo concurso &#8211; ANO 2021<\/p>\n\n\n\n<p><a href=\"http:\/\/www.progepe.ufpr.br\/progepe\/concursos\/docente\/concursos_publicos\/editais\/edital113-20.pdf\"><strong>Edital 113\/20 &#8211; PROGEPE\/2020 &#8211; Concurso Professor Efetivo &#8211; Projeto de Instala\u00e7\u00f5es Industriais<\/strong><\/a><\/p>\n\n\n\n<p><strong>Programa do concurso:<\/strong><\/p>\n\n\n\n<p>1.&nbsp;Fluxogramas de processo, de engenharia, de tubula\u00e7\u00e3o e instrumenta\u00e7\u00e3o e no\u00e7\u00f5es de&nbsp;Lay-out.<\/p>\n\n\n\n<p>2.&nbsp;S\u00edntese e otimiza\u00e7\u00e3o de processos.&nbsp;<\/p>\n\n\n\n<p>3.&nbsp;Integra\u00e7\u00e3o energ\u00e9tica &#8211; Rede de trocadores de calor.<\/p>\n\n\n\n<p>4.&nbsp;An\u00e1lise t\u00e9cnico-econ\u00f4mica de processo.<\/p>\n\n\n\n<p>5.&nbsp;Gera\u00e7\u00e3o e distribui\u00e7\u00e3o de vapor.&nbsp;<\/p>\n\n\n\n<p>6.&nbsp;Ciclos com fluidos t\u00e9rmicos \u2013 refrigera\u00e7\u00e3o e compressores.<\/p>\n\n\n\n<p>7.&nbsp;Materiais de constru\u00e7\u00e3o aplicados ao projeto de equipamentos.<\/p>\n\n\n\n<p>8.&nbsp;Dimensionamento de vasos de press\u00e3o, tubula\u00e7\u00f5es, v\u00e1lvulas industriais e de estrutura de suporte\/fixa\u00e7\u00e3o de equipamentos.&nbsp;<\/p>\n\n\n\n<p>9.&nbsp;Preven\u00e7\u00e3o, minimiza\u00e7\u00e3o e tratamento de res\u00edduos em projetos industriais.&nbsp;<\/p>\n\n\n\n<p>10.&nbsp;An\u00e1lise de riscos e emerg\u00eancias na ind\u00fastria.&nbsp;<\/p>\n\n\n\n<p><strong>Conforme o item 4.6.2 do Edital 113\/20-PROGEPE, divulgamos o deferimento dos pedidos de isen\u00e7\u00e3o referente aos candidatos cadastrados no REDOME:<\/strong><\/p>\n\n\n\n<figure class=\"wp-block-table is-style-stripes\"><table><tbody><tr><td>Angelica da Silva Reis<\/td><\/tr><tr><td>Celina Kakitani<\/td><\/tr><tr><td>Danielle Carpine<\/td><\/tr><tr><td>Emilia Savioli Lopes<\/td><\/tr><tr><td>Fabiane Oliveira Farias<\/td><\/tr><tr><td>Larissa Consoli<\/td><\/tr><tr><td>Mauricio Carvalho Matheus<\/td><\/tr><tr><td>Paulo Sergio Theodoro<\/td><\/tr><tr><td>Rafael Macedo Dias<\/td><\/tr><tr><td>Silvia Faria da Rocha&nbsp;<\/td><\/tr><tr><td>Wardleison Martins Moreira<\/td><\/tr><\/tbody><\/table><\/figure>\n","protected":false},"excerpt":{"rendered":"<p>Informa\u00e7\u00f5es sobre o Concurso Magist\u00e9rio Superior &#8211; Edital 113\/20:Cronograma e Informa\u00e7\u00f5es importantesPontos e Crit\u00e9rios da Prova EscritaPontos e Crit\u00e9rios da Prova Did\u00e1ticaHabilitados para a Prova [&hellip;]<\/p>\n","protected":false},"author":1009,"featured_media":0,"parent":0,"menu_order":0,"comment_status":"closed","ping_status":"closed","template":"","meta":{"footnotes":""},"_links":{"self":[{"href":"https:\/\/tecnologia.ufpr.br\/deq\/wp-json\/wp\/v2\/pages\/1275"}],"collection":[{"href":"https:\/\/tecnologia.ufpr.br\/deq\/wp-json\/wp\/v2\/pages"}],"about":[{"href":"https:\/\/tecnologia.ufpr.br\/deq\/wp-json\/wp\/v2\/types\/page"}],"author":[{"embeddable":true,"href":"https:\/\/tecnologia.ufpr.br\/deq\/wp-json\/wp\/v2\/users\/1009"}],"replies":[{"embeddable":true,"href":"https:\/\/tecnologia.ufpr.br\/deq\/wp-json\/wp\/v2\/comments?post=1275"}],"version-history":[{"count":14,"href":"https:\/\/tecnologia.ufpr.br\/deq\/wp-json\/wp\/v2\/pages\/1275\/revisions"}],"predecessor-version":[{"id":1614,"href":"https:\/\/tecnologia.ufpr.br\/deq\/wp-json\/wp\/v2\/pages\/1275\/revisions\/1614"}],"wp:attachment":[{"href":"https:\/\/tecnologia.ufpr.br\/deq\/wp-json\/wp\/v2\/media?parent=1275"}],"curies":[{"name":"wp","href":"https:\/\/api.w.org\/{rel}","templated":true}]}}