{"id":1081,"date":"2023-07-26T14:00:34","date_gmt":"2023-07-26T17:00:34","guid":{"rendered":"https:\/\/tecnologia.ufpr.br\/deq\/?page_id=1081"},"modified":"2026-01-19T14:33:45","modified_gmt":"2026-01-19T17:33:45","slug":"concursos-e-testes-seletivos","status":"publish","type":"page","link":"https:\/\/tecnologia.ufpr.br\/deq\/concursos-e-testes-seletivos\/","title":{"rendered":"Concursos e Testes Seletivos"},"content":{"rendered":"\n<p><strong>Concursos para Professor Efetivo<\/strong><\/p>\n\n\n\n<p>Edital 233\/23 &#8211; Processos Qu\u00edmicos Sustent\u00e1veis,&nbsp;<a href=\"https:\/\/tecnologia.ufpr.br\/deq\/concurso-magisterio-superior-edital-233-23\/\">clique aqui<\/a>.<\/p>\n\n\n\n<p>Para informa\u00e7\u00f5es relativas  ao Concurso Edital 427\/19, <a rel=\"noreferrer noopener\" href=\"https:\/\/tecnologia.ufpr.br\/deq\/concurso-magisterio-superior-edital-427-19\/\" data-type=\"URL\" data-id=\"https:\/\/tecnologia.ufpr.br\/deq\/concurso-magisterio-superior-edital-427-19\/\" target=\"_blank\">clique aqui<\/a>.<\/p>\n\n\n\n<p>Para informa\u00e7\u00f5es relativas ao Concurso de <strong>Edital&nbsp;N\u00ba 113\/20 \u00e1rea&nbsp;de Conhecimento: Projetos de Instala\u00e7\u00f5es Industriais<\/strong>, <a href=\"https:\/\/tecnologia.ufpr.br\/deq\/concurso-magisterio-superior-edital-113-20\/\" data-type=\"URL\" data-id=\"https:\/\/tecnologia.ufpr.br\/deq\/concurso-magisterio-superior-edital-113-20\/\" target=\"_blank\" rel=\"noreferrer noopener\">clique aqui<\/a>. <\/p>\n\n\n\n<p>______________________________________________________________<\/p>\n\n\n\n<p><strong>Testes Seletivos para Professor Substituto<\/strong><\/p>\n\n\n\n<p><a href=\"https:\/\/tecnologia.ufpr.br\/deq\/edital-15-2026-professor-substituto-de-carreira-de-magisterio-superior\/\" data-type=\"link\" data-id=\"https:\/\/tecnologia.ufpr.br\/deq\/edital-15-2026-professor-substituto-de-carreira-de-magisterio-superior\/\"><strong>Edital n\u00ba 15\/2026 &#8211; Teste Seletivo para Professor Substituto<\/strong><\/a><\/p>\n\n\n\n<p><strong><a href=\"https:\/\/tecnologia.ufpr.br\/deq\/edital-059-2024-professor-substituto-de-carreira-de-magisterio-superior\/\" data-type=\"link\" data-id=\"https:\/\/tecnologia.ufpr.br\/deq\/edital-059-2024-professor-substituto-de-carreira-de-magisterio-superior\/\">Edital n\u00ba 59\/2024 &#8211; Teste Seletivo para Professor Substituto<\/a><\/strong><\/p>\n\n\n\n<p><strong><a href=\"https:\/\/tecnologia.ufpr.br\/deq\/orgaos-auxiliares__trashed\/departamento\/concursos-e-testes-seletivos\/edital-087-2022-professor-substituto-de-carreira-de-magisterio-superior\/\" data-type=\"URL\" data-id=\"https:\/\/tecnologia.ufpr.br\/deq\/orgaos-auxiliares__trashed\/departamento\/concursos-e-testes-seletivos\/edital-087-2022-professor-substituto-de-carreira-de-magisterio-superior\/\" target=\"_blank\" rel=\"noreferrer noopener\">Edital n\u00ba 87\/2022 &#8211; Teste Seletivo para Professor Substituto<\/a><\/strong><\/p>\n\n\n\n<p><strong><a href=\"https:\/\/tecnologia.ufpr.br\/deq\/wp-content\/uploads\/sites\/10\/2019\/11\/SEI_UFPR-2317958-Edital.pdf\">Edital n\u00ba 421\/2019 &#8211; Teste Seletivo para Professor Substituto<\/a><\/strong><\/p>\n\n\n\n<p><a href=\"https:\/\/tecnologia.ufpr.br\/deq\/wp-content\/uploads\/sites\/10\/2019\/12\/edital_cronograma_concurso.pdf\">EDITAL DIVULGA\u00c7\u00c3O CRONOGRAMA DAS ETAPAS DO PROCESSO SELETIVO<\/a><\/p>\n\n\n\n<p><a href=\"https:\/\/tecnologia.ufpr.br\/deq\/wp-content\/uploads\/sites\/10\/2019\/12\/edital_homologacao.pdf\">EDITAL DE DIVULGA\u00c7\u00c3O DA HOMOLOGA\u00c7\u00c3O DAS INSCRI\u00c7\u00d5ES PARA O PROCESSO SELETIVO<\/a><\/p>\n\n\n\n<p><a href=\"https:\/\/tecnologia.ufpr.br\/deq\/wp-content\/uploads\/sites\/10\/2019\/12\/edital_convocacao_sorteio.pdf\">CANDIDATOS CLASSIFICADOS AN\u00c1LISE DO CURR\u00cdCULO\/CONVOCADOS PARA SORTEIO PROVA DID\u00c1TICA<\/a><\/p>\n\n\n\n<p><a href=\"https:\/\/tecnologia.ufpr.br\/deq\/wp-content\/uploads\/sites\/10\/2019\/12\/edital_criterios_prova_didatica.pdf\"> CRIT\u00c9RIOS DE AVALIA\u00c7\u00c3O PARA A PROVA DID\u00c1TICA <\/a><\/p>\n\n\n\n<p><a href=\"https:\/\/tecnologia.ufpr.br\/deq\/wp-content\/uploads\/sites\/10\/2019\/12\/edital_temas_sorteados2.pdf\">EDITAL &#8211; TEMAS SORTEADOS PROVA DID\u00c1TICA<\/a><\/p>\n\n\n\n<p><a href=\"https:\/\/tecnologia.ufpr.br\/deq\/wp-content\/uploads\/sites\/10\/2019\/12\/parecer_final.pdf\">EDITAL RESULTADO FINAL<\/a><\/p>\n\n\n\n<p><\/p>\n\n\n\n<p>\u00c1REA DE CONHECIMENTO:<strong>&nbsp;Engenharia Qu\u00edmica;<\/strong><\/p>\n\n\n\n<p>MAT\u00c9RIA ESPEC\u00cdFICA:&nbsp;M\u00e9todos Matem\u00e1ticos Aplicados, Opera\u00e7\u00f5es Unit\u00e1rias e Reatores<strong>;<\/strong><\/p>\n\n\n\n<p>N\u00daMERO DE VAGAS:&nbsp;<strong>01 (um)<\/strong><\/p>\n\n\n\n<p>REGIME DE TRABALHO:<strong>40h&nbsp;semanais;<\/strong><\/p>\n\n\n\n<p>REQUISITOS:<strong>Gradua\u00e7\u00e3o em Engenharia Qu\u00edmica<\/strong>&nbsp;e&nbsp;<strong>Mestrado em Engenharia Qu\u00edmica<\/strong>&nbsp;(ou Mestrado em Engenharia de Alimentos ou Mestrado em Engenharia de Materiais ou Mestrado em Engenharia de BioProcessos ou Mestrado em Engenharia Mec\u00e2nica).<\/p>\n\n\n\n<p>TIPOS DE PROVAS:<strong>&nbsp;An\u00e1lise de curr\u00edculo e Prova Did\u00e1tica;<\/strong><\/p>\n\n\n\n<p>PROGRAMA:1.Solu\u00e7\u00e3o de Equa\u00e7\u00f5es Diferenciais Ordin\u00e1rias usando Transformada de Laplace; 2.Solu\u00e7\u00e3o de Equa\u00e7\u00f5es Diferenciais Ordin\u00e1rias usando M\u00e9todos Baseados em S\u00e9ries de Pot\u00eancia; 3.Projeto de Reatores Ideais Isot\u00e9rmicos; 4. Destila\u00e7\u00e3o; 5. Secagem; 6. Trocadores de Calor;&nbsp;<\/p>\n\n\n\n<p>DATA DAS INSCRI\u00c7\u00d5ES:&nbsp;<strong>25\/11&nbsp;a 29\/11\/2019<\/strong><\/p>\n\n\n\n<p>DATA DA REALIZA\u00c7\u00c3O DAS PROVAS:<strong>&nbsp;09 a 12\/12\/2019<\/strong><\/p>\n\n\n\n<p>LOCAL:&nbsp;<strong>Secretaria do Departamento de Engenharia Qu\u00edmica\/Centro Polit\u00e9cnico<\/strong><\/p>\n\n\n\n<p>HOR\u00c1RIO DAS INSCRI\u00c7\u00d5ES:<strong>&nbsp; &#8211; das 9h00 \u00e0s 11h00<\/strong><\/p>\n\n\n\n<p><br><\/p>\n\n\n<p><!--EndFragment--><\/p>\n<\/p>","protected":false},"excerpt":{"rendered":"<p>Concursos para Professor Efetivo Edital 233\/23 &#8211; Processos Qu\u00edmicos Sustent\u00e1veis,&nbsp;clique aqui. Para informa\u00e7\u00f5es relativas ao Concurso Edital 427\/19, clique aqui. Para informa\u00e7\u00f5es relativas ao Concurso [&hellip;]<\/p>\n","protected":false},"author":1009,"featured_media":0,"parent":0,"menu_order":0,"comment_status":"closed","ping_status":"closed","template":"","meta":{"footnotes":""},"_links":{"self":[{"href":"https:\/\/tecnologia.ufpr.br\/deq\/wp-json\/wp\/v2\/pages\/1081"}],"collection":[{"href":"https:\/\/tecnologia.ufpr.br\/deq\/wp-json\/wp\/v2\/pages"}],"about":[{"href":"https:\/\/tecnologia.ufpr.br\/deq\/wp-json\/wp\/v2\/types\/page"}],"author":[{"embeddable":true,"href":"https:\/\/tecnologia.ufpr.br\/deq\/wp-json\/wp\/v2\/users\/1009"}],"replies":[{"embeddable":true,"href":"https:\/\/tecnologia.ufpr.br\/deq\/wp-json\/wp\/v2\/comments?post=1081"}],"version-history":[{"count":55,"href":"https:\/\/tecnologia.ufpr.br\/deq\/wp-json\/wp\/v2\/pages\/1081\/revisions"}],"predecessor-version":[{"id":2410,"href":"https:\/\/tecnologia.ufpr.br\/deq\/wp-json\/wp\/v2\/pages\/1081\/revisions\/2410"}],"wp:attachment":[{"href":"https:\/\/tecnologia.ufpr.br\/deq\/wp-json\/wp\/v2\/media?parent=1081"}],"curies":[{"name":"wp","href":"https:\/\/api.w.org\/{rel}","templated":true}]}}