{"id":322,"date":"2024-09-10T17:03:19","date_gmt":"2024-09-10T17:03:19","guid":{"rendered":"https:\/\/tecnologia.ufpr.br\/debb\/?page_id=322"},"modified":"2026-03-04T10:29:04","modified_gmt":"2026-03-04T13:29:04","slug":"sistemas-ufpr","status":"publish","type":"page","link":"https:\/\/tecnologia.ufpr.br\/debb\/sistemas-ufpr\/","title":{"rendered":"Sistemas UFPR"},"content":{"rendered":"\n<p><a href=\"http:\/\/chamados.ufpr.br\" target=\"_blank\" rel=\"noreferrer noopener\"><strong>Chamados UFPR<\/strong><\/a><\/p>\n\n\n\n<p><strong><a href=\"https:\/\/outlook.office365.com\/mail\/\" target=\"_blank\" rel=\"noreferrer noopener\">E-mail<\/a><\/strong> (institucional: @ufpr.br)<\/p>\n\n\n\n<p><a href=\"https:\/\/minhabiblioteca.ufpr.br\/biblioteca\" target=\"_blank\" rel=\"noreferrer noopener\"><strong>Minha Biblioteca<\/strong><\/a> (acervo de livros digitais)<\/p>\n\n\n\n<p><strong><a href=\"https:\/\/servicos.nc.ufpr.br\/PortalNC\/Login\" target=\"_blank\" rel=\"noreferrer noopener\">N\u00facleo de Concursos &#8211; NC-UFPR<\/a><\/strong> (Portal do Candidato)<\/p>\n\n\n\n<p><strong><a href=\"https:\/\/sistemas.ufpr.br\/\" data-type=\"link\" data-id=\"https:\/\/sistemas.ufpr.br\/\" target=\"_blank\" rel=\"noreferrer noopener\">Portal de Sistemas<\/a><\/strong><\/p>\n\n\n\n<p><strong><a href=\"http:\/\/sei.ufpr.br\" target=\"_blank\" rel=\"noreferrer noopener\">SEI &#8211; Sistema Eletr\u00f4nico de Informa\u00e7\u00f5es<\/a><\/strong><\/p>\n\n\n\n<p><strong><a href=\"https:\/\/siga.ufpr.br\/siga\/\" target=\"_blank\" rel=\"noreferrer noopener\">SIGA &#8211; Sistema de Gest\u00e3o Acad\u00eamica<\/a><\/strong><\/p>\n\n\n\n<p><a href=\"https:\/\/www.gedweb.com.br\/home\/ja-sou-usuario.asp\" data-type=\"link\" data-id=\"https:\/\/www.gedweb.com.br\/home\/ja-sou-usuario.asp\" target=\"_blank\" rel=\"noreferrer noopener\"><strong>Target GEDWeb<\/strong><\/a> (Normas ABNT)<\/p>\n\n\n\n<p><strong><a href=\"https:\/\/ufprvirtual.ufpr.br\" target=\"_blank\" rel=\"noreferrer noopener\">UFPR Virtual<\/a><\/strong><\/p>\n\n\n\n<p><strong><a href=\"https:\/\/ufpr.br\/agtic\/tutoriais\/\" target=\"_blank\" rel=\"noreferrer noopener\">Wi-fi<\/a><\/strong> (tutoriais AGTIC: rede Eduroam)<\/p>\n","protected":false},"excerpt":{"rendered":"<p>Chamados UFPR E-mail (institucional: @ufpr.br) Minha Biblioteca (acervo de livros digitais) N\u00facleo de Concursos &#8211; NC-UFPR (Portal do Candidato) Portal de Sistemas SEI &#8211; Sistema Eletr\u00f4nico de Informa\u00e7\u00f5es SIGA &#8211; Sistema de Gest\u00e3o Acad\u00eamica Target GEDWeb (Normas ABNT) UFPR Virtual Wi-fi (tutoriais AGTIC: rede Eduroam)<\/p>\n","protected":false},"author":1104,"featured_media":0,"parent":0,"menu_order":0,"comment_status":"closed","ping_status":"closed","template":"","meta":{"footnotes":""},"_links":{"self":[{"href":"https:\/\/tecnologia.ufpr.br\/debb\/wp-json\/wp\/v2\/pages\/322"}],"collection":[{"href":"https:\/\/tecnologia.ufpr.br\/debb\/wp-json\/wp\/v2\/pages"}],"about":[{"href":"https:\/\/tecnologia.ufpr.br\/debb\/wp-json\/wp\/v2\/types\/page"}],"author":[{"embeddable":true,"href":"https:\/\/tecnologia.ufpr.br\/debb\/wp-json\/wp\/v2\/users\/1104"}],"replies":[{"embeddable":true,"href":"https:\/\/tecnologia.ufpr.br\/debb\/wp-json\/wp\/v2\/comments?post=322"}],"version-history":[{"count":7,"href":"https:\/\/tecnologia.ufpr.br\/debb\/wp-json\/wp\/v2\/pages\/322\/revisions"}],"predecessor-version":[{"id":404,"href":"https:\/\/tecnologia.ufpr.br\/debb\/wp-json\/wp\/v2\/pages\/322\/revisions\/404"}],"wp:attachment":[{"href":"https:\/\/tecnologia.ufpr.br\/debb\/wp-json\/wp\/v2\/media?parent=322"}],"curies":[{"name":"wp","href":"https:\/\/api.w.org\/{rel}","templated":true}]}}