{"id":8,"date":"2017-08-25T14:16:30","date_gmt":"2017-08-25T14:16:30","guid":{"rendered":"https:\/\/tecnologia.ufpr.br\/cieg\/?page_id=8"},"modified":"2017-09-14T15:54:07","modified_gmt":"2017-09-14T15:54:07","slug":"contato","status":"publish","type":"page","link":"https:\/\/tecnologia.ufpr.br\/cieg\/contato\/","title":{"rendered":"CONTATO"},"content":{"rendered":"<p><strong>UFPR <\/strong>\u2013 Campus Centro Polit\u00e9cnico \/ SETOR TECNOLOGIA \/ DEPTO. ARQUITETURA E URBANISMO<\/p>\n<p>Av. Cel. Francisco Her\u00e1clito dos Santos, 200 \u2013 Bairro Jardim das Am\u00e9ricas \/ Curitiba \u2013 PR<\/p>\n<p><strong>Edif\u00edcio Administra\u00e7\u00e3o, 1\u00ba andar, Sala CIEG<\/strong><\/p>\n<p><a href=\"http:\/\/www.cieg.ufpr.br\/\">www.cieg.ufpr.br<\/a><\/p>\n<p><strong>ATENDIMENTO<\/strong>: 8:00hs as 14:00hs<\/p>\n","protected":false},"excerpt":{"rendered":"<p>UFPR \u2013 Campus Centro Polit\u00e9cnico \/ SETOR TECNOLOGIA \/ DEPTO. ARQUITETURA E URBANISMO Av. Cel. Francisco Her\u00e1clito dos Santos, 200 \u2013 Bairro Jardim das Am\u00e9ricas \/ Curitiba \u2013 PR Edif\u00edcio Administra\u00e7\u00e3o, 1\u00ba andar, Sala CIEG www.cieg.ufpr.br ATENDIMENTO: 8:00hs as 14:00hs<\/p>\n","protected":false},"author":1046,"featured_media":0,"parent":0,"menu_order":0,"comment_status":"closed","ping_status":"closed","template":"","meta":{"footnotes":""},"_links":{"self":[{"href":"https:\/\/tecnologia.ufpr.br\/cieg\/wp-json\/wp\/v2\/pages\/8"}],"collection":[{"href":"https:\/\/tecnologia.ufpr.br\/cieg\/wp-json\/wp\/v2\/pages"}],"about":[{"href":"https:\/\/tecnologia.ufpr.br\/cieg\/wp-json\/wp\/v2\/types\/page"}],"author":[{"embeddable":true,"href":"https:\/\/tecnologia.ufpr.br\/cieg\/wp-json\/wp\/v2\/users\/1046"}],"replies":[{"embeddable":true,"href":"https:\/\/tecnologia.ufpr.br\/cieg\/wp-json\/wp\/v2\/comments?post=8"}],"version-history":[{"count":4,"href":"https:\/\/tecnologia.ufpr.br\/cieg\/wp-json\/wp\/v2\/pages\/8\/revisions"}],"predecessor-version":[{"id":729,"href":"https:\/\/tecnologia.ufpr.br\/cieg\/wp-json\/wp\/v2\/pages\/8\/revisions\/729"}],"wp:attachment":[{"href":"https:\/\/tecnologia.ufpr.br\/cieg\/wp-json\/wp\/v2\/media?parent=8"}],"curies":[{"name":"wp","href":"https:\/\/api.w.org\/{rel}","templated":true}]}}