{"id":6,"date":"2017-08-25T14:15:42","date_gmt":"2017-08-25T14:15:42","guid":{"rendered":"https:\/\/tecnologia.ufpr.br\/cieg\/?page_id=6"},"modified":"2017-09-14T15:53:16","modified_gmt":"2017-09-14T15:53:16","slug":"auditorias","status":"publish","type":"page","link":"https:\/\/tecnologia.ufpr.br\/cieg\/auditorias\/","title":{"rendered":"HIST\u00d3RICO"},"content":{"rendered":"<header class=\"entry-header\">\n<h1 class=\"entry-title\">HIST\u00d3RICO<\/h1>\n<\/header>\n<div class=\"entry-content\">\n<p>BREVE HIST\u00d3RICO<\/p>\n<p style=\"text-align: left\">\n<p style=\"text-align: justify;background: white\"><span style=\"font-family: 'Georgia',serif;color: #333333\">1990 \u2013 Cria\u00e7\u00e3o do PROJETO GEO, que objetivou a introdu\u00e7\u00e3o da cultura SIG na UFPR. Foram detectadas inicialmente 197 disciplinas em 29 cursos que seriam substancialmente otimizados com o conhecimento de SIG.<\/span><\/p>\n<p style=\"text-align: justify;background: white\"><span style=\"font-family: 'Georgia',serif;color: #333333\">1991 \u2013 Prof\u00aa Mirna Cortopassi Lobo firma acordos com EDISA (HP) e GEMPI (ESRI) para fornecimento de hardware e software no laborat\u00f3rio. Submete projeto de capta\u00e7\u00e3o de recursos ao MEC para cria\u00e7\u00e3o do CIEG. Cria o grupo GEO da UFPR que envolve todos os setores afetos \u00e0 tecnologia. Com apoio do CEE \u00e9 ofertado o primeiro curso de treinamento em UNIX e ARC-INFO. \u00c9 tamb\u00e9m assinado acordo com a prefeitura de S\u00e3o Jos\u00e9 dos Pinhais para o desenvolvimento do primeiro prot\u00f3tipo de SIG: PROJETO PILOTO.<\/span><\/p>\n<p style=\"text-align: justify;background: white\"><span style=\"font-family: 'Georgia',serif;color: #333333\">1992 \u2013 Sob \u00e0 coordena\u00e7\u00e3o dos professores Mirna Cortopassi Lobo e Alzir Felippe Buffara Antunes \u00e9 estruturado o curso de ESPECIALIZA\u00c7\u00c3O EM GEOPROCESSAMENTO e ofertado \u00e0 primeira turma. Em conv\u00eanio com o CEHPAR e a universidade do Texas em Austin, \u00e9 ofertado sob a coordena\u00e7\u00e3o do Professor David Maidment, o Curso de Modelagem Hidrol\u00f3gica em ambienete de Geoprocessamento.<\/span><\/p>\n<p style=\"text-align: justify;background: white\"><span style=\"font-family: 'Georgia',serif;color: #333333\">1993 \u2013 S\u00e3o renovados os contratos com a GEMPI, distribuidora no Brasil dos softwares da ESRI tamb\u00e9m com a ERDAS para a implementa\u00e7\u00e3o de novas vers\u00f5es. \u00c9 assinado o conv\u00eanio com a SPVS, U.S Forest Service para desenvolvimento de SIG para gest\u00e3o e planejamento da APA de Guaraque\u00e7aba. Formam-se os primeiros especialistas em Geoprocessamento.<\/span><\/p>\n<p style=\"text-align: justify;background: white\"><span style=\"font-family: 'Georgia',serif;color: #333333\">1994 \u2013 Amplia\u00e7\u00e3o do Espa\u00e7o F\u00edsico. Ofertados cursos de Extens\u00e3o e iniciado o Projeto GEOBRASIL atrav\u00e9s da parceria com a escola III Mil\u00eanio, para a produ\u00e7\u00e3o de material did\u00e1tico para ensino de Geografia no 2\u00ba Grau, em ambiente de Geoprocessamento.<\/span><\/p>\n<p style=\"text-align: justify;background: white\"><span style=\"font-family: 'Georgia',serif;color: #333333\">1995 \u2013 O CIEG firma conv\u00eanio com o SIMEPAR- Sistema Metereol\u00f3gico do Paran\u00e1, \u00f3rg\u00e3o vinculado Companhia de Energia do Paran\u00e1, para cria\u00e7\u00e3o, em ambiente SIG da rede hidrogr\u00e1fica do Paran\u00e1. \u00c9 ofertado o cuso de SIG para o Planejamento Urbano, coordenado pelo Professor Paul Zwick, diretor do GEOPLAN, na Universidade da Fl\u00f3rida.<\/span><\/p>\n<p style=\"text-align: justify;background: white\"><span style=\"font-family: 'Georgia',serif;color: #333333\">1996 e 1997 \u2013 O CIEG passa a prestar servi\u00e7os de cria\u00e7\u00e3o de SIGs nas \u00e1reas de Meio Ambiente, Educa\u00e7\u00e3o e Urbanismo. Atrav\u00e9s de concorr\u00eancia realizada pelo Minist\u00e9rio do Meio Ambiente, o CIEG obt\u00e9m contrato para desenvolvimento do SIG para o Plano de Conserva\u00e7\u00e3o da Bacia do Alto Paraguai em uma \u00e1rea de aproximadamente 400000km2. Trata-se de um trabalho para o Programa da Na\u00e7\u00f5es Unidas. O projeto PCBAP \u00e9 coroado de \u00eaxito. \u00c9 ofertado pelo 4\u00ba ano consecutivo o Curso de Especializa\u00e7\u00e3o. \u00c9 ofertado curso sobre Sensoriamento Remoto em conv\u00eanio com a Universidade do Texas.<\/span><\/p>\n<p style=\"text-align: justify;background: white\"><span style=\"font-family: 'Georgia',serif;color: #333333\">1998 \u2013 \u00c9 firmado conv\u00eanio com a Secretaria de Estado da Educa\u00e7\u00e3o do Paran\u00e1 para o desenvolvimento do Sistema de Microplanejamento da Rede Estadual de Ensino. O trabalho envolveu uma equipe de mais de trinta pessoas e levantamentos de campo em todo o estado.<\/span><\/p>\n<p style=\"text-align: justify;background: white\"><span style=\"font-family: 'Georgia',serif;color: #333333\">1999 \u2013 \u00c9 desenvolvido o SIMI. \u00c9 tamb\u00e9m ofertado o s\u00e9timo curso de Especializa\u00e7\u00e3o em Geoprocessamento al\u00e9m de cursos de Extens\u00e3o.<\/span><\/p>\n<p style=\"text-align: justify;background: white\"><span style=\"font-family: 'Georgia',serif;color: #333333\">2000 \u2013 O projeto SIMI \u00e9 completado e entregue \u00e0 Secretaria de Estado da Educa\u00e7\u00e3o do Paran\u00e1. S\u00e3o ofertados v\u00e1rios cursos de Extens\u00e3o e desenvolvidos Programas de Treinamento. \u00c9 firmado conv\u00eanio com a FURUKAWA e desenvolvido o Sistema de Apoio ao Desenvolvimento Industrial daquela empresa. Firmado tamb\u00e9m conv\u00eanio com a empresa Imagem Sensoriamento Remoto para a produ\u00e7\u00e3o de eixos inteligentes para as cidades brasileiras.<\/span><\/p>\n<p style=\"text-align: justify;background: white\"><span style=\"font-family: 'Georgia',serif;color: #333333\">2001 \u2013 \u00c9 ofertado o d\u00e9cimo curso de Especializa\u00e7\u00e3o. Em estudo, v\u00e1rios conv\u00eanios a serem firmados pelo CIEG, dentre eles com o LACTEC.<\/span><\/p>\n<p style=\"text-align: justify;background: white\"><span style=\"font-family: 'Georgia',serif;color: #333333\">2002 \u2013 \u00c9 ofertado a d\u00e9cima primeira turma do curso de Especializa\u00e7\u00e3o.<\/span><\/p>\n<p style=\"text-align: justify;background: white\"><span style=\"font-family: 'Georgia',serif;color: #333333\">2003 \u2013 Professores Lu\u00eds Henrique Cavalcanti Fragomeni e Gilberto Bueno Coelho, ambos Arquitetos, docentes do Departamento de Arquitetura, assumem as Coordena\u00e7\u00f5es do CIEG e da P\u00f3s-Gradua\u00e7\u00e3o, com gest\u00e3o de dois anos. Apresentadas nove monografias pela Turma 2001, sendo uma delas com conceitua\u00e7\u00e3o m\u00e1xima. Visita ao Evento GISBRASIL em S\u00e3o Paulo. Ofertado para os Ge\u00f3logos da empresa MINEROPAR um Curso de Extens\u00e3o Universit\u00e1ria Treinamento em ArcView 3.1. Ofertado para os t\u00e9cnicos do IMAP (Instituto Municipal de Administra\u00e7\u00e3o P\u00fablica) treinamento nos softwares ArcView 3.2, ArcView Spatial Analyst e ArcView 3D Analyst. Ofertada aos profissionais da SECPLAN (Secretaria de Planejamento) curso de Introdu\u00e7\u00e3o ao ArcGIS. Disponibilizado o Laborat\u00f3rio de Geoprocessamento para a empresa GEMPI de S\u00e3o Paulo capacitar os profissionais da COPEL na Plataforma ARC\/GIS: Introdu\u00e7\u00e3o ao ArcGIS 8.3, Introdu\u00e7\u00e3o ao ArcSDE, Introdu\u00e7\u00e3o ao ArcOBJECTS com Visual Basic. N\u00e3o houve turma de especializa\u00e7\u00e3o.<\/span><\/p>\n<p style=\"text-align: justify;background: white\"><span style=\"font-family: 'Georgia',serif;color: #333333\">2004 \u2013 \u00c9 ofertado o d\u00e9cimo segundo curso de Especializa\u00e7\u00e3o. Disponibilizado o Laborat\u00f3rio de Geoprocessamento para os cursos CorelDRAW 9 para o Centro Acad\u00eamico de Arquitetura e Urbanismo da UFPR e Mini-curso Introdu\u00e7\u00e3o ao ArcView para o Centro Acad\u00eamico dos Estudantes de Geologia do Paran\u00e1. Ofertado os treinamentos em ArcView 3.2 e ArcView 8x, al\u00e9m do Curso de Introdu\u00e7\u00e3o ao Geoprocessamento. Proferidas as palestras MAPEAMENTO DIGITAL A LASER E GEOPROCESSAMENTO NA SOLU\u00c7\u00c3O DE PROBLEMAS DE ENGENHARIA pelo LACTEC (Instituto de Tecnologia para o Desenvolvimento) e PLANEJANDO A CIDADE COM O GEOPROCESSAMENTO pelo IPPUC (Instituto de Pesquisa e Planejamento Urbano de Curitiba). Conv\u00eanios firmados com o Governo do Estado (SEDU) e Servi\u00e7o Aut\u00f4nomo\/PARANACIDADE, Prefeitura da cidade de Presidente Franco, Alto Paran\u00e1 \u2013 Paraguai e renova\u00e7\u00e3o do existente com a FUNPAR.<\/span><\/p>\n<p style=\"text-align: justify;background: white\"><span style=\"font-family: 'Georgia',serif;color: #333333\">2005 \u2013 Reestrutura\u00e7\u00e3o da P\u00f3s-Gradua\u00e7\u00e3o e oferta da d\u00e9cima terceira turma do Curso de Especializa\u00e7\u00e3o. Aceite do CREA-PR \/ INCRA das disciplinas do curso de especializa\u00e7\u00e3o para habilita\u00e7\u00e3o em georeferenciamento.<\/span><\/p>\n<p style=\"text-align: justify;background: white\"><span style=\"font-family: 'Georgia',serif;color: #333333\">2006 \u2013 Aprova\u00e7\u00e3o da reestrutura\u00e7\u00e3o da p\u00f3s-gradua\u00e7\u00e3o. Inicio do termo de contrato de presta\u00e7\u00e3o de servi\u00e7o para ALL (elabora\u00e7\u00e3o de base cartogr\u00e1fica).<\/span><\/p>\n<p style=\"text-align: justify;background: white\"><span style=\"font-family: 'Georgia',serif;color: #333333\">2007 \u2013 Oferta da 16\u00aa Turma da ESPECIALIZA\u00c7\u00c3O EM GEOPROCESSAMENTO. Comemora\u00e7\u00e3o dos 15 anos do CIEG.<\/span><\/p>\n<p style=\"text-align: justify;background: white\"><span style=\"font-family: 'Georgia',serif;color: #333333\">2008 e 2009 \u2013 N\u00e3o houve oferta de Turma da ESPECIALIZA\u00c7\u00c3O EM GEOPROCESSAMENTO.<\/span><\/p>\n<p style=\"text-align: justify;background: white\"><span style=\"font-family: 'Georgia',serif;color: #333333\">2010 \u2013 Oferta da 17\u00aa Turma da ESPECIALIZA\u00c7\u00c3O EM GEOPROCESSAMENTO.<\/span><\/p>\n<p>&nbsp;<\/p>\n<\/div>\n","protected":false},"excerpt":{"rendered":"<p>HIST\u00d3RICO BREVE HIST\u00d3RICO 1990 \u2013 Cria\u00e7\u00e3o do PROJETO GEO, que objetivou a introdu\u00e7\u00e3o da cultura SIG na UFPR. Foram detectadas inicialmente 197 disciplinas em 29 cursos que seriam substancialmente otimizados com o conhecimento de SIG. 1991 \u2013 Prof\u00aa Mirna Cortopassi Lobo firma acordos com EDISA (HP) e GEMPI (ESRI) para fornecimento de hardware e software [&hellip;]<\/p>\n","protected":false},"author":1046,"featured_media":0,"parent":0,"menu_order":0,"comment_status":"closed","ping_status":"closed","template":"","meta":{"footnotes":""},"_links":{"self":[{"href":"https:\/\/tecnologia.ufpr.br\/cieg\/wp-json\/wp\/v2\/pages\/6"}],"collection":[{"href":"https:\/\/tecnologia.ufpr.br\/cieg\/wp-json\/wp\/v2\/pages"}],"about":[{"href":"https:\/\/tecnologia.ufpr.br\/cieg\/wp-json\/wp\/v2\/types\/page"}],"author":[{"embeddable":true,"href":"https:\/\/tecnologia.ufpr.br\/cieg\/wp-json\/wp\/v2\/users\/1046"}],"replies":[{"embeddable":true,"href":"https:\/\/tecnologia.ufpr.br\/cieg\/wp-json\/wp\/v2\/comments?post=6"}],"version-history":[{"count":7,"href":"https:\/\/tecnologia.ufpr.br\/cieg\/wp-json\/wp\/v2\/pages\/6\/revisions"}],"predecessor-version":[{"id":728,"href":"https:\/\/tecnologia.ufpr.br\/cieg\/wp-json\/wp\/v2\/pages\/6\/revisions\/728"}],"wp:attachment":[{"href":"https:\/\/tecnologia.ufpr.br\/cieg\/wp-json\/wp\/v2\/media?parent=6"}],"curies":[{"name":"wp","href":"https:\/\/api.w.org\/{rel}","templated":true}]}}