{"id":96,"date":"2020-05-05T23:51:20","date_gmt":"2020-05-06T02:51:20","guid":{"rendered":"https:\/\/tecnologia.ufpr.br\/ceppur\/?page_id=96"},"modified":"2020-06-22T19:00:52","modified_gmt":"2020-06-22T22:00:52","slug":"relatorios-tecnicos-e-de-pesquisa","status":"publish","type":"page","link":"https:\/\/tecnologia.ufpr.br\/ceppur\/relatorios-tecnicos-e-de-pesquisa\/","title":{"rendered":"Relat\u00f3rios T\u00e9cnicos e de Pesquisa"},"content":{"rendered":"\n<div class=\"wp-block-file\"><a href=\"https:\/\/tecnologia.ufpr.br\/ceppur\/wp-content\/uploads\/sites\/43\/2020\/06\/Parecer-Ferrovia-DPU_final.pdf\">Estudo t\u00e9cnico em processo de reintegra\u00e7\u00e3o de posse de faixa de dom\u00ednio de ferrovia em Almirante Tamandar\u00e9<\/a><a href=\"https:\/\/tecnologia.ufpr.br\/ceppur\/wp-content\/uploads\/sites\/43\/2020\/06\/Parecer-Ferrovia-DPU_final.pdf\" class=\"wp-block-file__button\" download>Baixar<\/a><\/div>\n","protected":false},"excerpt":{"rendered":"","protected":false},"author":1071,"featured_media":0,"parent":0,"menu_order":0,"comment_status":"closed","ping_status":"closed","template":"","meta":{"footnotes":""},"_links":{"self":[{"href":"https:\/\/tecnologia.ufpr.br\/ceppur\/wp-json\/wp\/v2\/pages\/96"}],"collection":[{"href":"https:\/\/tecnologia.ufpr.br\/ceppur\/wp-json\/wp\/v2\/pages"}],"about":[{"href":"https:\/\/tecnologia.ufpr.br\/ceppur\/wp-json\/wp\/v2\/types\/page"}],"author":[{"embeddable":true,"href":"https:\/\/tecnologia.ufpr.br\/ceppur\/wp-json\/wp\/v2\/users\/1071"}],"replies":[{"embeddable":true,"href":"https:\/\/tecnologia.ufpr.br\/ceppur\/wp-json\/wp\/v2\/comments?post=96"}],"version-history":[{"count":4,"href":"https:\/\/tecnologia.ufpr.br\/ceppur\/wp-json\/wp\/v2\/pages\/96\/revisions"}],"predecessor-version":[{"id":204,"href":"https:\/\/tecnologia.ufpr.br\/ceppur\/wp-json\/wp\/v2\/pages\/96\/revisions\/204"}],"wp:attachment":[{"href":"https:\/\/tecnologia.ufpr.br\/ceppur\/wp-json\/wp\/v2\/media?parent=96"}],"curies":[{"name":"wp","href":"https:\/\/api.w.org\/{rel}","templated":true}]}}