{"id":94,"date":"2020-05-05T23:51:20","date_gmt":"2020-05-06T02:51:20","guid":{"rendered":"https:\/\/tecnologia.ufpr.br\/ceppur\/?page_id=94"},"modified":"2021-08-31T20:25:49","modified_gmt":"2021-08-31T23:25:49","slug":"trabalhos-de-conclusao-de-curso-tcc","status":"publish","type":"page","link":"https:\/\/tecnologia.ufpr.br\/ceppur\/trabalhos-de-conclusao-de-curso-tcc\/","title":{"rendered":"Trabalhos de Conclus\u00e3o de Curso (TCC)"},"content":{"rendered":"\n<p>STOSKI, J. C. Estudo observacional do comportamento de ciclistas a partir de um Estudo Natural\u00edstico com condutores de autom\u00f3veis. 2021. Trabalho de Conclus\u00e3o de Curso. (Gradua\u00e7\u00e3o em Engenharia Civil) &#8211; Universidade Tecnol\u00f3gica Federal do Paran\u00e1. Curitiba, 2020. Orientadora: Tatiana Maria Cecy Gadda; Coorientador: Jorge Tiago Bastos.<\/p>\n\n\n\n<p>VALEIXO, G. R. R. ; SUGUINOSHITA, M. C.. <strong><a href=\"https:\/\/tecnologia.ufpr.br\/ceppur\/wp-content\/uploads\/sites\/43\/2020\/12\/TCC-2-MARIA-E-GABRIELA-VF.pdf\" data-type=\"URL\" data-id=\"https:\/\/tecnologia.ufpr.br\/ceppur\/wp-content\/uploads\/sites\/43\/2020\/12\/TCC-2-MARIA-E-GABRIELA-VF.pdf\">Fatores determinantes para o excesso de velocidade em vias arteriais urbanas<\/a><\/strong>. Trabalho de Conclus\u00e3o de Curso. (Gradua\u00e7\u00e3o em Engenharia Civil) &#8211; Universidade Federal do Paran\u00e1. Curitiba, 2020. Orientador: Jorge Tiago Bastos.<\/p>\n\n\n\n<p>IVANQUI FILHO, L. C. C. An\u00e1lise da influ\u00eancia de dispositivos de controle de velocidade baseado em estudo natural\u00edstico de seguran\u00e7a vi\u00e1ria. 2020. Trabalho de Conclus\u00e3o de Curso. (Gradua\u00e7\u00e3o em Engenharia Civil) &#8211; Universidade Federal do Paran\u00e1. Curitiba, 2020. Orientador: Jorge Tiago Bastos.<\/p>\n","protected":false},"excerpt":{"rendered":"<p>STOSKI, J. C. Estudo observacional do comportamento de ciclistas a partir de um Estudo Natural\u00edstico com condutores de autom\u00f3veis. 2021. Trabalho de Conclus\u00e3o de Curso. (Gradua\u00e7\u00e3o em Engenharia Civil) &#8211; Universidade Tecnol\u00f3gica Federal do Paran\u00e1. Curitiba, 2020. Orientadora: Tatiana Maria&#8230;<br \/><a class=\"read-more-button\" href=\"https:\/\/tecnologia.ufpr.br\/ceppur\/trabalhos-de-conclusao-de-curso-tcc\/\">Read more<\/a><\/p>\n","protected":false},"author":1071,"featured_media":0,"parent":0,"menu_order":0,"comment_status":"closed","ping_status":"closed","template":"","meta":{"footnotes":""},"_links":{"self":[{"href":"https:\/\/tecnologia.ufpr.br\/ceppur\/wp-json\/wp\/v2\/pages\/94"}],"collection":[{"href":"https:\/\/tecnologia.ufpr.br\/ceppur\/wp-json\/wp\/v2\/pages"}],"about":[{"href":"https:\/\/tecnologia.ufpr.br\/ceppur\/wp-json\/wp\/v2\/types\/page"}],"author":[{"embeddable":true,"href":"https:\/\/tecnologia.ufpr.br\/ceppur\/wp-json\/wp\/v2\/users\/1071"}],"replies":[{"embeddable":true,"href":"https:\/\/tecnologia.ufpr.br\/ceppur\/wp-json\/wp\/v2\/comments?post=94"}],"version-history":[{"count":13,"href":"https:\/\/tecnologia.ufpr.br\/ceppur\/wp-json\/wp\/v2\/pages\/94\/revisions"}],"predecessor-version":[{"id":550,"href":"https:\/\/tecnologia.ufpr.br\/ceppur\/wp-json\/wp\/v2\/pages\/94\/revisions\/550"}],"wp:attachment":[{"href":"https:\/\/tecnologia.ufpr.br\/ceppur\/wp-json\/wp\/v2\/media?parent=94"}],"curies":[{"name":"wp","href":"https:\/\/api.w.org\/{rel}","templated":true}]}}