{"id":93,"date":"2020-05-05T23:51:20","date_gmt":"2020-05-06T02:51:20","guid":{"rendered":"https:\/\/tecnologia.ufpr.br\/ceppur\/?page_id=93"},"modified":"2021-08-31T20:28:45","modified_gmt":"2021-08-31T23:28:45","slug":"teses-e-dissertacoes","status":"publish","type":"page","link":"https:\/\/tecnologia.ufpr.br\/ceppur\/teses-e-dissertacoes\/","title":{"rendered":"Teses e Disserta\u00e7\u00f5es"},"content":{"rendered":"\n<p>Eduardo, C. A. Influ\u00eancia de dispositivos de fiscaliza\u00e7\u00e3o eletr\u00f4nica de velocidade no comportamento do condutor em cen\u00e1rio urbano. 2021. Disserta\u00e7\u00e3o (Mestrado em Programa de P\u00f3s-gradua\u00e7\u00e3o em Engenharia Civil) &#8211; Universidade Tecnol\u00f3gica Federal do Paran\u00e1, Coordena\u00e7\u00e3o de Aperfei\u00e7oamento de Pessoal de N\u00edvel Superior. Orientadora&gt; Tatiana Maria Cecy Gadda; Coorientador: Jorge Tiago Bastos.<\/p>\n\n\n\n<p>Alice Braune Guerra. Qual legado? Avalia\u00e7\u00e3o da implanta\u00e7\u00e3o do BRT como transporte de massa a partir da realiza\u00e7\u00e3o de mega eventos esportivos. 2020. Disserta\u00e7\u00e3o (Mestrado em Programa de P\u00f3s-gradua\u00e7\u00e3o em Planejamento Urbano) &#8211; Universidade Federal do Paran\u00e1. Orientador: Jos\u00e9 Ricardo Vargas de Faria. Coorientador: Jorge Tiago Bastos.<\/p>\n","protected":false},"excerpt":{"rendered":"<p>Eduardo, C. A. Influ\u00eancia de dispositivos de fiscaliza\u00e7\u00e3o eletr\u00f4nica de velocidade no comportamento do condutor em cen\u00e1rio urbano. 2021. Disserta\u00e7\u00e3o (Mestrado em Programa de P\u00f3s-gradua\u00e7\u00e3o em Engenharia Civil) &#8211; Universidade Tecnol\u00f3gica Federal do Paran\u00e1, Coordena\u00e7\u00e3o de Aperfei\u00e7oamento de Pessoal de&#8230;<br \/><a class=\"read-more-button\" href=\"https:\/\/tecnologia.ufpr.br\/ceppur\/teses-e-dissertacoes\/\">Read more<\/a><\/p>\n","protected":false},"author":1071,"featured_media":0,"parent":0,"menu_order":0,"comment_status":"closed","ping_status":"closed","template":"","meta":{"footnotes":""},"_links":{"self":[{"href":"https:\/\/tecnologia.ufpr.br\/ceppur\/wp-json\/wp\/v2\/pages\/93"}],"collection":[{"href":"https:\/\/tecnologia.ufpr.br\/ceppur\/wp-json\/wp\/v2\/pages"}],"about":[{"href":"https:\/\/tecnologia.ufpr.br\/ceppur\/wp-json\/wp\/v2\/types\/page"}],"author":[{"embeddable":true,"href":"https:\/\/tecnologia.ufpr.br\/ceppur\/wp-json\/wp\/v2\/users\/1071"}],"replies":[{"embeddable":true,"href":"https:\/\/tecnologia.ufpr.br\/ceppur\/wp-json\/wp\/v2\/comments?post=93"}],"version-history":[{"count":2,"href":"https:\/\/tecnologia.ufpr.br\/ceppur\/wp-json\/wp\/v2\/pages\/93\/revisions"}],"predecessor-version":[{"id":551,"href":"https:\/\/tecnologia.ufpr.br\/ceppur\/wp-json\/wp\/v2\/pages\/93\/revisions\/551"}],"wp:attachment":[{"href":"https:\/\/tecnologia.ufpr.br\/ceppur\/wp-json\/wp\/v2\/media?parent=93"}],"curies":[{"name":"wp","href":"https:\/\/api.w.org\/{rel}","templated":true}]}}