{"id":83,"date":"2020-05-05T23:51:20","date_gmt":"2020-05-06T02:51:20","guid":{"rendered":"https:\/\/tecnologia.ufpr.br\/ceppur\/?page_id=83"},"modified":"2023-09-19T15:17:35","modified_gmt":"2023-09-19T18:17:35","slug":"pesquisa","status":"publish","type":"page","link":"https:\/\/tecnologia.ufpr.br\/ceppur\/atuacao\/pesquisa\/","title":{"rendered":"Pesquisa"},"content":{"rendered":"\n<p><a href=\"https:\/\/tecnologia.ufpr.br\/ceppur\/pesquisa\/pdparana\/\">Avalia\u00e7\u00e3o da implementa\u00e7\u00e3o de planos diretores e instrumentos de pol\u00edtica urbana no Paran\u00e1<\/a><\/p>\n\n\n\n<p><a href=\"https:\/\/tecnologia.ufpr.br\/ceppur\/pesquisa\/conflitoscuritiba\/\">Observat\u00f3rio de Conflitos Urbanos de Curitiba<\/a><\/p>\n\n\n\n<p><a href=\"https:\/\/tecnologia.ufpr.br\/ceppur\/estudo-naturalistico-de-direcao-brasileiro\/\">Estudo Natural\u00edstico de Dire\u00e7\u00e3o Brasileiro | NDS-BR<\/a><\/p>\n","protected":false},"excerpt":{"rendered":"<p>Avalia\u00e7\u00e3o da implementa\u00e7\u00e3o de planos diretores e instrumentos de pol\u00edtica urbana no Paran\u00e1 Observat\u00f3rio de Conflitos Urbanos de Curitiba Estudo Natural\u00edstico de Dire\u00e7\u00e3o Brasileiro | NDS-BR<\/p>\n","protected":false},"author":1071,"featured_media":0,"parent":82,"menu_order":0,"comment_status":"closed","ping_status":"closed","template":"","meta":{"footnotes":""},"_links":{"self":[{"href":"https:\/\/tecnologia.ufpr.br\/ceppur\/wp-json\/wp\/v2\/pages\/83"}],"collection":[{"href":"https:\/\/tecnologia.ufpr.br\/ceppur\/wp-json\/wp\/v2\/pages"}],"about":[{"href":"https:\/\/tecnologia.ufpr.br\/ceppur\/wp-json\/wp\/v2\/types\/page"}],"author":[{"embeddable":true,"href":"https:\/\/tecnologia.ufpr.br\/ceppur\/wp-json\/wp\/v2\/users\/1071"}],"replies":[{"embeddable":true,"href":"https:\/\/tecnologia.ufpr.br\/ceppur\/wp-json\/wp\/v2\/comments?post=83"}],"version-history":[{"count":5,"href":"https:\/\/tecnologia.ufpr.br\/ceppur\/wp-json\/wp\/v2\/pages\/83\/revisions"}],"predecessor-version":[{"id":501,"href":"https:\/\/tecnologia.ufpr.br\/ceppur\/wp-json\/wp\/v2\/pages\/83\/revisions\/501"}],"up":[{"embeddable":true,"href":"https:\/\/tecnologia.ufpr.br\/ceppur\/wp-json\/wp\/v2\/pages\/82"}],"wp:attachment":[{"href":"https:\/\/tecnologia.ufpr.br\/ceppur\/wp-json\/wp\/v2\/media?parent=83"}],"curies":[{"name":"wp","href":"https:\/\/api.w.org\/{rel}","templated":true}]}}