{"id":80,"date":"2020-05-05T23:51:20","date_gmt":"2020-05-06T02:51:20","guid":{"rendered":"https:\/\/tecnologia.ufpr.br\/ceppur\/?page_id=80"},"modified":"2025-06-02T17:29:25","modified_gmt":"2025-06-02T20:29:25","slug":"apresentacao","status":"publish","type":"page","link":"https:\/\/tecnologia.ufpr.br\/ceppur\/apresentacao\/","title":{"rendered":"Apresenta\u00e7\u00e3o"},"content":{"rendered":"\n<p>O Centro de Estudos em Planejamento e Pol\u00edticas Urbanas (CEPPUR) \u00e9 um \u00f3rg\u00e3o auxiliar do Setor de Tecnologia da Universidade Federal do Paran\u00e1 que desenvolve projetos e a\u00e7\u00f5es de pesquisa, extens\u00e3o, ensino, assessoria popular e presta\u00e7\u00e3o de servi\u00e7os \u00e0 comunidade relacionados ao planejamento territorial e \u00e0s pol\u00edticas urbanas.<\/p>\n\n\n\n<p>O CEPPUR re\u00fane pesquisadores de engenharia, direito, geoci\u00eancias, arquitetura, urbanismo e gest\u00e3o p\u00fablica, promovendo uma abordagem interdisciplinar sobre o planejamento do territ\u00f3rio e sobre as pol\u00edticas p\u00fablicas, com enfase nas seguintes \u00e1reas:<br>    I. engenharia urbana;<br>    II. transportes, mobilidade, acessibilidade e seguran\u00e7a vi\u00e1ria;<br>    III. moradia e regulariza\u00e7\u00e3o fundi\u00e1ria;<br>    IV. saneamento e meio ambiente;<br>    V. economia urbana;<br>    VI. gest\u00e3o urbana;<br>    VII. controle do uso do solo e ordenamento territorial.<\/p>\n","protected":false},"excerpt":{"rendered":"<p>O Centro de Estudos em Planejamento e Pol\u00edticas Urbanas (CEPPUR) \u00e9 um \u00f3rg\u00e3o auxiliar do Setor de Tecnologia da Universidade Federal do Paran\u00e1 que desenvolve projetos e a\u00e7\u00f5es de pesquisa, extens\u00e3o, ensino, assessoria popular e presta\u00e7\u00e3o de servi\u00e7os \u00e0 comunidade&#8230;<br \/><a class=\"read-more-button\" href=\"https:\/\/tecnologia.ufpr.br\/ceppur\/apresentacao\/\">Read more<\/a><\/p>\n","protected":false},"author":1071,"featured_media":0,"parent":0,"menu_order":0,"comment_status":"closed","ping_status":"closed","template":"","meta":{"footnotes":""},"_links":{"self":[{"href":"https:\/\/tecnologia.ufpr.br\/ceppur\/wp-json\/wp\/v2\/pages\/80"}],"collection":[{"href":"https:\/\/tecnologia.ufpr.br\/ceppur\/wp-json\/wp\/v2\/pages"}],"about":[{"href":"https:\/\/tecnologia.ufpr.br\/ceppur\/wp-json\/wp\/v2\/types\/page"}],"author":[{"embeddable":true,"href":"https:\/\/tecnologia.ufpr.br\/ceppur\/wp-json\/wp\/v2\/users\/1071"}],"replies":[{"embeddable":true,"href":"https:\/\/tecnologia.ufpr.br\/ceppur\/wp-json\/wp\/v2\/comments?post=80"}],"version-history":[{"count":3,"href":"https:\/\/tecnologia.ufpr.br\/ceppur\/wp-json\/wp\/v2\/pages\/80\/revisions"}],"predecessor-version":[{"id":958,"href":"https:\/\/tecnologia.ufpr.br\/ceppur\/wp-json\/wp\/v2\/pages\/80\/revisions\/958"}],"wp:attachment":[{"href":"https:\/\/tecnologia.ufpr.br\/ceppur\/wp-json\/wp\/v2\/media?parent=80"}],"curies":[{"name":"wp","href":"https:\/\/api.w.org\/{rel}","templated":true}]}}